{"id":100,"date":"2024-06-25T10:32:48","date_gmt":"2024-06-25T08:32:48","guid":{"rendered":"https:\/\/kiwo.fr\/?page_id=100"},"modified":"2024-06-28T10:28:15","modified_gmt":"2024-06-28T08:28:15","slug":"gamme-administration","status":"publish","type":"page","link":"https:\/\/kiwo.fr\/index.php\/gamme-administration\/","title":{"rendered":"Gamme Administration"},"content":{"rendered":"\t\t<div data-elementor-type=\"wp-page\" data-elementor-id=\"100\" class=\"elementor elementor-100\">\n\t\t\t\t<div class=\"elementor-element elementor-element-58c9c22a e-con-full e-flex e-con e-parent\" data-id=\"58c9c22a\" data-element_type=\"container\" data-settings=\"{&quot;background_background&quot;:&quot;classic&quot;}\">\n\t\t<div class=\"elementor-element elementor-element-11525463 e-con-full e-flex e-con e-child\" data-id=\"11525463\" data-element_type=\"container\">\n\t\t\t\t<div class=\"elementor-element elementor-element-35fe8192 elementor-widget elementor-widget-heading\" data-id=\"35fe8192\" data-element_type=\"widget\" data-widget_type=\"heading.default\">\n\t\t\t\t<div class=\"elementor-widget-container\">\n\t\t\t<h1 class=\"elementor-heading-title elementor-size-default\">Logiciels Administratifs<\/h1>\t\t<\/div>\n\t\t\t\t<\/div>\n\t\t\t\t<div class=\"elementor-element elementor-element-2893a427 elementor-widget elementor-widget-text-editor\" data-id=\"2893a427\" data-element_type=\"widget\" data-widget_type=\"text-editor.default\">\n\t\t\t\t<div class=\"elementor-widget-container\">\n\t\t\t\t\t\t\t<p>Liste de nos logiciels administratifs pour les \u00e9tablissements m\u00e9dico-sociaux. <\/p>\t\t\t\t\t\t<\/div>\n\t\t\t\t<\/div>\n\t\t\t\t<\/div>\n\t\t<div class=\"elementor-element elementor-element-429c15ee e-con-full e-flex e-con e-child\" data-id=\"429c15ee\" data-element_type=\"container\">\n\t\t\t\t<div class=\"elementor-element elementor-element-38979f2a elementor-widget elementor-widget-image\" data-id=\"38979f2a\" data-element_type=\"widget\" data-widget_type=\"image.default\">\n\t\t\t\t<div class=\"elementor-widget-container\">\n\t\t\t\t\t\t\t\t\t\t\t\t\t<img fetchpriority=\"high\" decoding=\"async\" width=\"512\" height=\"512\" src=\"https:\/\/kiwo.fr\/wp-content\/uploads\/2024\/06\/G-Admin.png\" class=\"attachment-large size-large wp-image-86\" alt=\"\" srcset=\"https:\/\/kiwo.fr\/wp-content\/uploads\/2024\/06\/G-Admin.png 512w, https:\/\/kiwo.fr\/wp-content\/uploads\/2024\/06\/G-Admin-300x300.png 300w, https:\/\/kiwo.fr\/wp-content\/uploads\/2024\/06\/G-Admin-150x150.png 150w\" sizes=\"(max-width: 512px) 100vw, 512px\" \/>\t\t\t\t\t\t\t\t\t\t\t\t\t<\/div>\n\t\t\t\t<\/div>\n\t\t\t\t<\/div>\n\t\t\t\t<\/div>\n\t\t<div class=\"elementor-element elementor-element-84498e8 e-con-full e-flex e-con e-parent\" data-id=\"84498e8\" data-element_type=\"container\" id=\"next\">\n\t\t\t\t<div class=\"elementor-element elementor-element-566dfc6c elementor-widget elementor-widget-heading\" data-id=\"566dfc6c\" data-element_type=\"widget\" data-widget_type=\"heading.default\">\n\t\t\t\t<div class=\"elementor-widget-container\">\n\t\t\t<h3 class=\"elementor-heading-title elementor-size-default\">Logiciels<\/h3>\t\t<\/div>\n\t\t\t\t<\/div>\n\t\t\t\t<div class=\"elementor-element elementor-element-d1d5508 elementor-widget elementor-widget-heading\" data-id=\"d1d5508\" data-element_type=\"widget\" data-widget_type=\"heading.default\">\n\t\t\t\t<div class=\"elementor-widget-container\">\n\t\t\t<p class=\"elementor-heading-title elementor-size-default\">Principaux logiciels administratifs<\/p>\t\t<\/div>\n\t\t\t\t<\/div>\n\t\t<div class=\"elementor-element elementor-element-c4832cd e-con-full e-flex e-con e-child\" data-id=\"c4832cd\" data-element_type=\"container\">\n\t\t<div class=\"elementor-element elementor-element-7bca6425 e-con-full e-flex e-con e-child\" data-id=\"7bca6425\" data-element_type=\"container\">\n\t\t\t\t<div class=\"elementor-element elementor-element-f5d0961 elementor-position-top elementor-widget elementor-widget-image-box\" data-id=\"f5d0961\" data-element_type=\"widget\" data-widget_type=\"image-box.default\">\n\t\t\t\t<div class=\"elementor-widget-container\">\n\t\t\t<div class=\"elementor-image-box-wrapper\"><figure class=\"elementor-image-box-img\"><a href=\"https:\/\/kiwo.fr\/index.php\/gestifact\/\" tabindex=\"-1\"><img decoding=\"async\" width=\"512\" height=\"512\" src=\"https:\/\/kiwo.fr\/wp-content\/uploads\/2024\/06\/Gestifact.png\" class=\"elementor-animation-grow attachment-full size-full wp-image-109\" alt=\"\" srcset=\"https:\/\/kiwo.fr\/wp-content\/uploads\/2024\/06\/Gestifact.png 512w, https:\/\/kiwo.fr\/wp-content\/uploads\/2024\/06\/Gestifact-300x300.png 300w, https:\/\/kiwo.fr\/wp-content\/uploads\/2024\/06\/Gestifact-150x150.png 150w\" sizes=\"(max-width: 512px) 100vw, 512px\" \/><\/a><\/figure><div class=\"elementor-image-box-content\"><h4 class=\"elementor-image-box-title\"><a href=\"https:\/\/kiwo.fr\/index.php\/gestifact\/\">GestiFact<\/a><\/h4><p class=\"elementor-image-box-description\">Une gestion simple, une facturation de vos r\u00e9sidents automatis\u00e9 en seul clic.<\/p><\/div><\/div>\t\t<\/div>\n\t\t\t\t<\/div>\n\t\t\t\t<\/div>\n\t\t<div class=\"elementor-element elementor-element-76302d70 e-con-full e-flex e-con e-child\" data-id=\"76302d70\" data-element_type=\"container\">\n\t\t\t\t<div class=\"elementor-element elementor-element-11bce6f8 elementor-position-top elementor-widget elementor-widget-image-box\" data-id=\"11bce6f8\" data-element_type=\"widget\" data-widget_type=\"image-box.default\">\n\t\t\t\t<div class=\"elementor-widget-container\">\n\t\t\t<div class=\"elementor-image-box-wrapper\"><figure class=\"elementor-image-box-img\"><a href=\"https:\/\/kiwo.fr\/index.php\/gestiplan\/\" tabindex=\"-1\"><img decoding=\"async\" width=\"512\" height=\"512\" src=\"https:\/\/kiwo.fr\/wp-content\/uploads\/2024\/06\/GestiPass.png\" class=\"elementor-animation-grow attachment-full size-full wp-image-112\" alt=\"\" srcset=\"https:\/\/kiwo.fr\/wp-content\/uploads\/2024\/06\/GestiPass.png 512w, https:\/\/kiwo.fr\/wp-content\/uploads\/2024\/06\/GestiPass-300x300.png 300w, https:\/\/kiwo.fr\/wp-content\/uploads\/2024\/06\/GestiPass-150x150.png 150w\" sizes=\"(max-width: 512px) 100vw, 512px\" \/><\/a><\/figure><div class=\"elementor-image-box-content\"><h4 class=\"elementor-image-box-title\"><a href=\"https:\/\/kiwo.fr\/index.php\/gestiplan\/\">GestiPlan<\/a><\/h4><p class=\"elementor-image-box-description\">Organisation de votre planning.<\/p><\/div><\/div>\t\t<\/div>\n\t\t\t\t<\/div>\n\t\t\t\t<\/div>\n\t\t<div class=\"elementor-element elementor-element-123f7c72 e-con-full e-flex e-con e-child\" data-id=\"123f7c72\" data-element_type=\"container\">\n\t\t\t\t<div class=\"elementor-element elementor-element-5309f4bc elementor-position-top elementor-widget elementor-widget-image-box\" data-id=\"5309f4bc\" data-element_type=\"widget\" data-widget_type=\"image-box.default\">\n\t\t\t\t<div class=\"elementor-widget-container\">\n\t\t\t<div class=\"elementor-image-box-wrapper\"><figure class=\"elementor-image-box-img\"><a href=\"https:\/\/kiwo.fr\/index.php\/gestibud\/\" tabindex=\"-1\"><img loading=\"lazy\" decoding=\"async\" width=\"512\" height=\"512\" src=\"https:\/\/kiwo.fr\/wp-content\/uploads\/2024\/06\/GestiBud.png\" class=\"elementor-animation-grow attachment-full size-full wp-image-107\" alt=\"\" srcset=\"https:\/\/kiwo.fr\/wp-content\/uploads\/2024\/06\/GestiBud.png 512w, https:\/\/kiwo.fr\/wp-content\/uploads\/2024\/06\/GestiBud-300x300.png 300w, https:\/\/kiwo.fr\/wp-content\/uploads\/2024\/06\/GestiBud-150x150.png 150w\" sizes=\"(max-width: 512px) 100vw, 512px\" \/><\/a><\/figure><div class=\"elementor-image-box-content\"><h4 class=\"elementor-image-box-title\"><a href=\"https:\/\/kiwo.fr\/index.php\/gestibud\/\">GestiBud<\/a><\/h4><p class=\"elementor-image-box-description\">Suivi de vos Budgets pour r\u00e9aliser vos ERRD EPRD<\/p><\/div><\/div>\t\t<\/div>\n\t\t\t\t<\/div>\n\t\t\t\t<\/div>\n\t\t<div class=\"elementor-element elementor-element-1336fe6 e-con-full e-flex e-con e-child\" data-id=\"1336fe6\" data-element_type=\"container\">\n\t\t\t\t<div class=\"elementor-element elementor-element-34733e1b elementor-position-top elementor-widget elementor-widget-image-box\" data-id=\"34733e1b\" data-element_type=\"widget\" data-widget_type=\"image-box.default\">\n\t\t\t\t<div class=\"elementor-widget-container\">\n\t\t\t<div class=\"elementor-image-box-wrapper\"><figure class=\"elementor-image-box-img\"><a href=\"https:\/\/kiwo.fr\/index.php\/gestiacces\/\" tabindex=\"-1\"><img loading=\"lazy\" decoding=\"async\" width=\"512\" height=\"512\" src=\"https:\/\/kiwo.fr\/wp-content\/uploads\/2024\/06\/GestiAcces.png\" class=\"elementor-animation-grow attachment-full size-full wp-image-105\" alt=\"\" srcset=\"https:\/\/kiwo.fr\/wp-content\/uploads\/2024\/06\/GestiAcces.png 512w, https:\/\/kiwo.fr\/wp-content\/uploads\/2024\/06\/GestiAcces-300x300.png 300w, https:\/\/kiwo.fr\/wp-content\/uploads\/2024\/06\/GestiAcces-150x150.png 150w\" sizes=\"(max-width: 512px) 100vw, 512px\" \/><\/a><\/figure><div class=\"elementor-image-box-content\"><h4 class=\"elementor-image-box-title\"><a href=\"https:\/\/kiwo.fr\/index.php\/gestiacces\/\">GestiAcc\u00e8s<\/a><\/h4><p class=\"elementor-image-box-description\">Pointeuse, messagerie interne, tactile.<\/p><\/div><\/div>\t\t<\/div>\n\t\t\t\t<\/div>\n\t\t\t\t<\/div>\n\t\t\t\t<\/div>\n\t\t<div class=\"elementor-element elementor-element-f815476 e-con-full e-flex e-con e-child\" data-id=\"f815476\" data-element_type=\"container\">\n\t\t<div class=\"elementor-element elementor-element-79e0403 e-con-full e-flex e-con e-child\" data-id=\"79e0403\" data-element_type=\"container\">\n\t\t<div class=\"elementor-element elementor-element-b804b1e e-con-full e-flex e-con e-child\" data-id=\"b804b1e\" data-element_type=\"container\">\n\t\t\t\t<div class=\"elementor-element elementor-element-20105e2 elementor-widget elementor-widget-image\" data-id=\"20105e2\" data-element_type=\"widget\" data-widget_type=\"image.default\">\n\t\t\t\t<div class=\"elementor-widget-container\">\n\t\t\t\t\t\t\t\t\t\t\t\t\t\t<a href=\"https:\/\/kiwo.fr\/index.php\/autres-logiciels-administratif\/\">\n\t\t\t\t\t\t\t<img loading=\"lazy\" decoding=\"async\" width=\"512\" height=\"512\" src=\"https:\/\/kiwo.fr\/wp-content\/uploads\/2024\/06\/Gestiorg.png\" class=\"attachment-large size-large wp-image-111\" alt=\"\" srcset=\"https:\/\/kiwo.fr\/wp-content\/uploads\/2024\/06\/Gestiorg.png 512w, https:\/\/kiwo.fr\/wp-content\/uploads\/2024\/06\/Gestiorg-300x300.png 300w, https:\/\/kiwo.fr\/wp-content\/uploads\/2024\/06\/Gestiorg-150x150.png 150w\" sizes=\"(max-width: 512px) 100vw, 512px\" \/>\t\t\t\t\t\t\t\t<\/a>\n\t\t\t\t\t\t\t\t\t\t\t\t\t<\/div>\n\t\t\t\t<\/div>\n\t\t\t\t<div class=\"elementor-element elementor-element-72a7988 elementor-widget elementor-widget-image\" data-id=\"72a7988\" data-element_type=\"widget\" data-widget_type=\"image.default\">\n\t\t\t\t<div class=\"elementor-widget-container\">\n\t\t\t\t\t\t\t\t\t\t\t\t\t\t<a href=\"https:\/\/kiwo.fr\/index.php\/autres-logiciels-administratif\/\">\n\t\t\t\t\t\t\t<img loading=\"lazy\" decoding=\"async\" width=\"512\" height=\"512\" src=\"https:\/\/kiwo.fr\/wp-content\/uploads\/2024\/06\/Gestiformation.png\" class=\"attachment-large size-large wp-image-110\" alt=\"\" srcset=\"https:\/\/kiwo.fr\/wp-content\/uploads\/2024\/06\/Gestiformation.png 512w, https:\/\/kiwo.fr\/wp-content\/uploads\/2024\/06\/Gestiformation-300x300.png 300w, https:\/\/kiwo.fr\/wp-content\/uploads\/2024\/06\/Gestiformation-150x150.png 150w\" sizes=\"(max-width: 512px) 100vw, 512px\" \/>\t\t\t\t\t\t\t\t<\/a>\n\t\t\t\t\t\t\t\t\t\t\t\t\t<\/div>\n\t\t\t\t<\/div>\n\t\t\t\t<\/div>\n\t\t<div class=\"elementor-element elementor-element-e44b363 e-con-full e-flex e-con e-child\" data-id=\"e44b363\" data-element_type=\"container\">\n\t\t\t\t<div class=\"elementor-element elementor-element-2fee848 elementor-widget elementor-widget-image\" data-id=\"2fee848\" data-element_type=\"widget\" data-widget_type=\"image.default\">\n\t\t\t\t<div class=\"elementor-widget-container\">\n\t\t\t\t\t\t\t\t\t\t\t\t\t\t<a href=\"https:\/\/kiwo.fr\/index.php\/autres-logiciels-administratif\/\">\n\t\t\t\t\t\t\t<img loading=\"lazy\" decoding=\"async\" width=\"512\" height=\"512\" src=\"https:\/\/kiwo.fr\/wp-content\/uploads\/2024\/06\/GestiCVS.png\" class=\"attachment-large size-large wp-image-108\" alt=\"\" srcset=\"https:\/\/kiwo.fr\/wp-content\/uploads\/2024\/06\/GestiCVS.png 512w, https:\/\/kiwo.fr\/wp-content\/uploads\/2024\/06\/GestiCVS-300x300.png 300w, https:\/\/kiwo.fr\/wp-content\/uploads\/2024\/06\/GestiCVS-150x150.png 150w\" sizes=\"(max-width: 512px) 100vw, 512px\" \/>\t\t\t\t\t\t\t\t<\/a>\n\t\t\t\t\t\t\t\t\t\t\t\t\t<\/div>\n\t\t\t\t<\/div>\n\t\t\t\t<div class=\"elementor-element elementor-element-3139fad elementor-widget elementor-widget-image\" data-id=\"3139fad\" data-element_type=\"widget\" data-widget_type=\"image.default\">\n\t\t\t\t<div class=\"elementor-widget-container\">\n\t\t\t\t\t\t\t\t\t\t\t\t\t\t<a href=\"https:\/\/kiwo.fr\/index.php\/autres-logiciels-administratif\/\">\n\t\t\t\t\t\t\t<img loading=\"lazy\" decoding=\"async\" width=\"512\" height=\"512\" src=\"https:\/\/kiwo.fr\/wp-content\/uploads\/2024\/06\/GestiAgent.png\" class=\"attachment-large size-large wp-image-106\" alt=\"\" srcset=\"https:\/\/kiwo.fr\/wp-content\/uploads\/2024\/06\/GestiAgent.png 512w, https:\/\/kiwo.fr\/wp-content\/uploads\/2024\/06\/GestiAgent-300x300.png 300w, https:\/\/kiwo.fr\/wp-content\/uploads\/2024\/06\/GestiAgent-150x150.png 150w\" sizes=\"(max-width: 512px) 100vw, 512px\" \/>\t\t\t\t\t\t\t\t<\/a>\n\t\t\t\t\t\t\t\t\t\t\t\t\t<\/div>\n\t\t\t\t<\/div>\n\t\t\t\t<\/div>\n\t\t\t\t<\/div>\n\t\t<div class=\"elementor-element elementor-element-1f1bfa7 e-con-full e-flex e-con e-child\" data-id=\"1f1bfa7\" data-element_type=\"container\">\n\t\t\t\t<div class=\"elementor-element elementor-element-5acf95b elementor-widget elementor-widget-heading\" data-id=\"5acf95b\" data-element_type=\"widget\" data-widget_type=\"heading.default\">\n\t\t\t\t<div class=\"elementor-widget-container\">\n\t\t\t<h3 class=\"elementor-heading-title elementor-size-default\">Autres logiciels<\/h3>\t\t<\/div>\n\t\t\t\t<\/div>\n\t\t\t\t<div class=\"elementor-element elementor-element-0024ba6 elementor-widget elementor-widget-text-editor\" data-id=\"0024ba6\" data-element_type=\"widget\" data-widget_type=\"text-editor.default\">\n\t\t\t\t<div class=\"elementor-widget-container\">\n\t\t\t\t\t\t\t<p>Decouvrez nos autres logiciels de la gamme.<\/p>\t\t\t\t\t\t<\/div>\n\t\t\t\t<\/div>\n\t\t\t\t<div class=\"elementor-element elementor-element-8924d76 elementor-align-center elementor-mobile-align-center elementor-widget elementor-widget-button\" data-id=\"8924d76\" data-element_type=\"widget\" data-widget_type=\"button.default\">\n\t\t\t\t<div class=\"elementor-widget-container\">\n\t\t\t\t\t\t\t<div class=\"elementor-button-wrapper\">\n\t\t\t\t\t<a class=\"elementor-button elementor-button-link elementor-size-sm\" href=\"https:\/\/www.kiwo.fr\/index.php\/autres-logiciels-administratif\/\">\n\t\t\t\t\t\t<span class=\"elementor-button-content-wrapper\">\n\t\t\t\t\t\t\t\t\t<span class=\"elementor-button-text\">En savoir plus<\/span>\n\t\t\t\t\t<\/span>\n\t\t\t\t\t<\/a>\n\t\t\t\t<\/div>\n\t\t\t\t\t\t<\/div>\n\t\t\t\t<\/div>\n\t\t\t\t<\/div>\n\t\t\t\t<\/div>\n\t\t\t\t<\/div>\n\t\t\t\t<\/div>\n\t\t","protected":false},"excerpt":{"rendered":"<p>Logiciels Administratifs Liste de nos logiciels administratifs pour les \u00e9tablissements m\u00e9dico-sociaux. Logiciels Principaux logiciels administratifs GestiFact Une gestion simple, une facturation de vos r\u00e9sidents automatis\u00e9 en seul clic. GestiPlan Organisation de votre planning. GestiBud Suivi de vos Budgets pour r\u00e9aliser vos ERRD EPRD GestiAcc\u00e8s Pointeuse, messagerie interne, tactile. Autres logiciels Decouvrez nos autres logiciels de [&hellip;]<\/p>\n","protected":false},"author":1,"featured_media":0,"parent":0,"menu_order":0,"comment_status":"closed","ping_status":"closed","template":"","meta":{"footnotes":""},"class_list":["post-100","page","type-page","status-publish","hentry","entry"],"yoast_head":"<!-- This site is optimized with the Yoast SEO plugin v23.7 - https:\/\/yoast.com\/wordpress\/plugins\/seo\/ -->\n<title>Gamme Administration - Kiwo<\/title>\n<meta name=\"robots\" content=\"index, follow, max-snippet:-1, max-image-preview:large, max-video-preview:-1\" \/>\n<link rel=\"canonical\" href=\"http:\/\/kiwo.fr\/index.php\/gamme-administration\/\" \/>\n<meta property=\"og:locale\" content=\"en_US\" \/>\n<meta property=\"og:type\" content=\"article\" \/>\n<meta property=\"og:title\" content=\"Gamme Administration - Kiwo\" \/>\n<meta property=\"og:description\" content=\"Logiciels Administratifs Liste de nos logiciels administratifs pour les \u00e9tablissements m\u00e9dico-sociaux. Logiciels Principaux logiciels administratifs GestiFact Une gestion simple, une facturation de vos r\u00e9sidents automatis\u00e9 en seul clic. GestiPlan Organisation de votre planning. GestiBud Suivi de vos Budgets pour r\u00e9aliser vos ERRD EPRD GestiAcc\u00e8s Pointeuse, messagerie interne, tactile. Autres logiciels Decouvrez nos autres logiciels de [&hellip;]\" \/>\n<meta property=\"og:url\" content=\"http:\/\/kiwo.fr\/index.php\/gamme-administration\/\" \/>\n<meta property=\"og:site_name\" content=\"Kiwo\" \/>\n<meta property=\"article:modified_time\" content=\"2024-06-28T08:28:15+00:00\" \/>\n<meta property=\"og:image\" content=\"http:\/\/kiwo.fr\/wp-content\/uploads\/2024\/06\/G-Admin.png\" \/>\n<meta name=\"twitter:card\" content=\"summary_large_image\" \/>\n<script type=\"application\/ld+json\" class=\"yoast-schema-graph\">{\"@context\":\"https:\/\/schema.org\",\"@graph\":[{\"@type\":\"WebPage\",\"@id\":\"http:\/\/kiwo.fr\/index.php\/gamme-administration\/\",\"url\":\"http:\/\/kiwo.fr\/index.php\/gamme-administration\/\",\"name\":\"Gamme Administration - Kiwo\",\"isPartOf\":{\"@id\":\"http:\/\/kiwo.fr\/#website\"},\"primaryImageOfPage\":{\"@id\":\"http:\/\/kiwo.fr\/index.php\/gamme-administration\/#primaryimage\"},\"image\":{\"@id\":\"http:\/\/kiwo.fr\/index.php\/gamme-administration\/#primaryimage\"},\"thumbnailUrl\":\"http:\/\/kiwo.fr\/wp-content\/uploads\/2024\/06\/G-Admin.png\",\"datePublished\":\"2024-06-25T08:32:48+00:00\",\"dateModified\":\"2024-06-28T08:28:15+00:00\",\"breadcrumb\":{\"@id\":\"http:\/\/kiwo.fr\/index.php\/gamme-administration\/#breadcrumb\"},\"inLanguage\":\"en-US\",\"potentialAction\":[{\"@type\":\"ReadAction\",\"target\":[\"http:\/\/kiwo.fr\/index.php\/gamme-administration\/\"]}]},{\"@type\":\"ImageObject\",\"inLanguage\":\"en-US\",\"@id\":\"http:\/\/kiwo.fr\/index.php\/gamme-administration\/#primaryimage\",\"url\":\"https:\/\/kiwo.fr\/wp-content\/uploads\/2024\/06\/G-Admin.png\",\"contentUrl\":\"https:\/\/kiwo.fr\/wp-content\/uploads\/2024\/06\/G-Admin.png\",\"width\":512,\"height\":512},{\"@type\":\"BreadcrumbList\",\"@id\":\"http:\/\/kiwo.fr\/index.php\/gamme-administration\/#breadcrumb\",\"itemListElement\":[{\"@type\":\"ListItem\",\"position\":1,\"name\":\"Accueil\",\"item\":\"http:\/\/kiwo.fr\/\"},{\"@type\":\"ListItem\",\"position\":2,\"name\":\"Gamme Administration\"}]},{\"@type\":\"WebSite\",\"@id\":\"http:\/\/kiwo.fr\/#website\",\"url\":\"http:\/\/kiwo.fr\/\",\"name\":\"Kiwo\",\"description\":\"Accompagnement et logiciels dans la gestion de vos \u00e9tablissements m\u00e9dico-social\",\"publisher\":{\"@id\":\"http:\/\/kiwo.fr\/#organization\"},\"potentialAction\":[{\"@type\":\"SearchAction\",\"target\":{\"@type\":\"EntryPoint\",\"urlTemplate\":\"http:\/\/kiwo.fr\/?s={search_term_string}\"},\"query-input\":{\"@type\":\"PropertyValueSpecification\",\"valueRequired\":true,\"valueName\":\"search_term_string\"}}],\"inLanguage\":\"en-US\"},{\"@type\":\"Organization\",\"@id\":\"http:\/\/kiwo.fr\/#organization\",\"name\":\"Kiwo\",\"url\":\"http:\/\/kiwo.fr\/\",\"logo\":{\"@type\":\"ImageObject\",\"inLanguage\":\"en-US\",\"@id\":\"http:\/\/kiwo.fr\/#\/schema\/logo\/image\/\",\"url\":\"https:\/\/kiwo.fr\/wp-content\/uploads\/2024\/08\/cropped-kiwo-logo-2.png\",\"contentUrl\":\"https:\/\/kiwo.fr\/wp-content\/uploads\/2024\/08\/cropped-kiwo-logo-2.png\",\"width\":547,\"height\":150,\"caption\":\"Kiwo\"},\"image\":{\"@id\":\"http:\/\/kiwo.fr\/#\/schema\/logo\/image\/\"}}]}<\/script>\n<!-- \/ Yoast SEO plugin. -->","yoast_head_json":{"title":"Gamme Administration - Kiwo","robots":{"index":"index","follow":"follow","max-snippet":"max-snippet:-1","max-image-preview":"max-image-preview:large","max-video-preview":"max-video-preview:-1"},"canonical":"http:\/\/kiwo.fr\/index.php\/gamme-administration\/","og_locale":"en_US","og_type":"article","og_title":"Gamme Administration - Kiwo","og_description":"Logiciels Administratifs Liste de nos logiciels administratifs pour les \u00e9tablissements m\u00e9dico-sociaux. Logiciels Principaux logiciels administratifs GestiFact Une gestion simple, une facturation de vos r\u00e9sidents automatis\u00e9 en seul clic. GestiPlan Organisation de votre planning. GestiBud Suivi de vos Budgets pour r\u00e9aliser vos ERRD EPRD GestiAcc\u00e8s Pointeuse, messagerie interne, tactile. Autres logiciels Decouvrez nos autres logiciels de [&hellip;]","og_url":"http:\/\/kiwo.fr\/index.php\/gamme-administration\/","og_site_name":"Kiwo","article_modified_time":"2024-06-28T08:28:15+00:00","og_image":[{"url":"http:\/\/kiwo.fr\/wp-content\/uploads\/2024\/06\/G-Admin.png"}],"twitter_card":"summary_large_image","schema":{"@context":"https:\/\/schema.org","@graph":[{"@type":"WebPage","@id":"http:\/\/kiwo.fr\/index.php\/gamme-administration\/","url":"http:\/\/kiwo.fr\/index.php\/gamme-administration\/","name":"Gamme Administration - Kiwo","isPartOf":{"@id":"http:\/\/kiwo.fr\/#website"},"primaryImageOfPage":{"@id":"http:\/\/kiwo.fr\/index.php\/gamme-administration\/#primaryimage"},"image":{"@id":"http:\/\/kiwo.fr\/index.php\/gamme-administration\/#primaryimage"},"thumbnailUrl":"http:\/\/kiwo.fr\/wp-content\/uploads\/2024\/06\/G-Admin.png","datePublished":"2024-06-25T08:32:48+00:00","dateModified":"2024-06-28T08:28:15+00:00","breadcrumb":{"@id":"http:\/\/kiwo.fr\/index.php\/gamme-administration\/#breadcrumb"},"inLanguage":"en-US","potentialAction":[{"@type":"ReadAction","target":["http:\/\/kiwo.fr\/index.php\/gamme-administration\/"]}]},{"@type":"ImageObject","inLanguage":"en-US","@id":"http:\/\/kiwo.fr\/index.php\/gamme-administration\/#primaryimage","url":"https:\/\/kiwo.fr\/wp-content\/uploads\/2024\/06\/G-Admin.png","contentUrl":"https:\/\/kiwo.fr\/wp-content\/uploads\/2024\/06\/G-Admin.png","width":512,"height":512},{"@type":"BreadcrumbList","@id":"http:\/\/kiwo.fr\/index.php\/gamme-administration\/#breadcrumb","itemListElement":[{"@type":"ListItem","position":1,"name":"Accueil","item":"http:\/\/kiwo.fr\/"},{"@type":"ListItem","position":2,"name":"Gamme Administration"}]},{"@type":"WebSite","@id":"http:\/\/kiwo.fr\/#website","url":"http:\/\/kiwo.fr\/","name":"Kiwo","description":"Accompagnement et logiciels dans la gestion de vos \u00e9tablissements m\u00e9dico-social","publisher":{"@id":"http:\/\/kiwo.fr\/#organization"},"potentialAction":[{"@type":"SearchAction","target":{"@type":"EntryPoint","urlTemplate":"http:\/\/kiwo.fr\/?s={search_term_string}"},"query-input":{"@type":"PropertyValueSpecification","valueRequired":true,"valueName":"search_term_string"}}],"inLanguage":"en-US"},{"@type":"Organization","@id":"http:\/\/kiwo.fr\/#organization","name":"Kiwo","url":"http:\/\/kiwo.fr\/","logo":{"@type":"ImageObject","inLanguage":"en-US","@id":"http:\/\/kiwo.fr\/#\/schema\/logo\/image\/","url":"https:\/\/kiwo.fr\/wp-content\/uploads\/2024\/08\/cropped-kiwo-logo-2.png","contentUrl":"https:\/\/kiwo.fr\/wp-content\/uploads\/2024\/08\/cropped-kiwo-logo-2.png","width":547,"height":150,"caption":"Kiwo"},"image":{"@id":"http:\/\/kiwo.fr\/#\/schema\/logo\/image\/"}}]}},"_links":{"self":[{"href":"https:\/\/kiwo.fr\/index.php\/wp-json\/wp\/v2\/pages\/100","targetHints":{"allow":["GET"]}}],"collection":[{"href":"https:\/\/kiwo.fr\/index.php\/wp-json\/wp\/v2\/pages"}],"about":[{"href":"https:\/\/kiwo.fr\/index.php\/wp-json\/wp\/v2\/types\/page"}],"author":[{"embeddable":true,"href":"https:\/\/kiwo.fr\/index.php\/wp-json\/wp\/v2\/users\/1"}],"replies":[{"embeddable":true,"href":"https:\/\/kiwo.fr\/index.php\/wp-json\/wp\/v2\/comments?post=100"}],"version-history":[{"count":25,"href":"https:\/\/kiwo.fr\/index.php\/wp-json\/wp\/v2\/pages\/100\/revisions"}],"predecessor-version":[{"id":284,"href":"https:\/\/kiwo.fr\/index.php\/wp-json\/wp\/v2\/pages\/100\/revisions\/284"}],"wp:attachment":[{"href":"https:\/\/kiwo.fr\/index.php\/wp-json\/wp\/v2\/media?parent=100"}],"curies":[{"name":"wp","href":"https:\/\/api.w.org\/{rel}","templated":true}]}}