{"id":188,"date":"2024-06-26T17:04:43","date_gmt":"2024-06-26T15:04:43","guid":{"rendered":"https:\/\/kiwo.fr\/?page_id=188"},"modified":"2024-06-28T11:33:12","modified_gmt":"2024-06-28T09:33:12","slug":"gestiacces","status":"publish","type":"page","link":"https:\/\/kiwo.fr\/index.php\/gestiacces\/","title":{"rendered":"GestiAcces"},"content":{"rendered":"\t\t<div data-elementor-type=\"wp-page\" data-elementor-id=\"188\" class=\"elementor elementor-188\">\n\t\t\t\t<div class=\"elementor-element elementor-element-1f9949ce e-con-full e-flex e-con e-parent\" data-id=\"1f9949ce\" data-element_type=\"container\" data-settings=\"{&quot;background_background&quot;:&quot;classic&quot;}\">\n\t\t<div class=\"elementor-element elementor-element-3c998b38 e-con-full e-flex e-con e-child\" data-id=\"3c998b38\" data-element_type=\"container\">\n\t\t\t\t<div class=\"elementor-element elementor-element-68b60114 elementor-widget elementor-widget-image\" data-id=\"68b60114\" data-element_type=\"widget\" data-widget_type=\"image.default\">\n\t\t\t\t<div class=\"elementor-widget-container\">\n\t\t\t\t\t\t\t\t\t\t\t\t\t<img fetchpriority=\"high\" decoding=\"async\" width=\"1024\" height=\"1024\" src=\"https:\/\/kiwo.fr\/wp-content\/uploads\/2024\/06\/8453-1024x1024.jpg\" class=\"attachment-large size-large wp-image-190\" alt=\"\" srcset=\"https:\/\/kiwo.fr\/wp-content\/uploads\/2024\/06\/8453-1024x1024.jpg 1024w, https:\/\/kiwo.fr\/wp-content\/uploads\/2024\/06\/8453-300x300.jpg 300w, https:\/\/kiwo.fr\/wp-content\/uploads\/2024\/06\/8453-150x150.jpg 150w, https:\/\/kiwo.fr\/wp-content\/uploads\/2024\/06\/8453-768x768.jpg 768w, https:\/\/kiwo.fr\/wp-content\/uploads\/2024\/06\/8453-1536x1536.jpg 1536w, https:\/\/kiwo.fr\/wp-content\/uploads\/2024\/06\/8453-600x600.jpg 600w, https:\/\/kiwo.fr\/wp-content\/uploads\/2024\/06\/8453.jpg 2000w\" sizes=\"(max-width: 1024px) 100vw, 1024px\" \/>\t\t\t\t\t\t\t\t\t\t\t\t\t<\/div>\n\t\t\t\t<\/div>\n\t\t\t\t<\/div>\n\t\t<div class=\"elementor-element elementor-element-5affb3da e-con-full e-flex e-con e-child\" data-id=\"5affb3da\" data-element_type=\"container\">\n\t\t\t\t<div class=\"elementor-element elementor-element-1b0c7753 elementor-widget elementor-widget-heading\" data-id=\"1b0c7753\" data-element_type=\"widget\" data-widget_type=\"heading.default\">\n\t\t\t\t<div class=\"elementor-widget-container\">\n\t\t\t<h1 class=\"elementor-heading-title elementor-size-default\">Interface du temps de travail<\/h1>\t\t<\/div>\n\t\t\t\t<\/div>\n\t\t\t\t<div class=\"elementor-element elementor-element-5a7b7a5b elementor-widget elementor-widget-text-editor\" data-id=\"5a7b7a5b\" data-element_type=\"widget\" data-widget_type=\"text-editor.default\">\n\t\t\t\t<div class=\"elementor-widget-container\">\n\t\t\t\t\t\t\t<p>Contr\u00f4le des entr\u00e9es et sorties des agents avec validation par badge\/code pour le calcul direct des temps de travail jusqu\u2019\u00e0 la pr\u00e9paie.<\/p>\t\t\t\t\t\t<\/div>\n\t\t\t\t<\/div>\n\t\t\t\t<\/div>\n\t\t\t\t<\/div>\n\t\t<div class=\"elementor-element elementor-element-6e777afb e-con-full e-flex e-con e-parent\" data-id=\"6e777afb\" data-element_type=\"container\" data-settings=\"{&quot;background_background&quot;:&quot;classic&quot;}\">\n\t\t<div class=\"elementor-element elementor-element-379cf0ed e-con-full e-flex e-con e-child\" data-id=\"379cf0ed\" data-element_type=\"container\">\n\t\t\t\t<div class=\"elementor-element elementor-element-6bfc7994 elementor-widget elementor-widget-heading\" data-id=\"6bfc7994\" data-element_type=\"widget\" data-widget_type=\"heading.default\">\n\t\t\t\t<div class=\"elementor-widget-container\">\n\t\t\t<h2 class=\"elementor-heading-title elementor-size-default\">Pointeuse<\/h2>\t\t<\/div>\n\t\t\t\t<\/div>\n\t\t\t\t<div class=\"elementor-element elementor-element-25e5c045 elementor-widget elementor-widget-text-editor\" data-id=\"25e5c045\" data-element_type=\"widget\" data-widget_type=\"text-editor.default\">\n\t\t\t\t<div class=\"elementor-widget-container\">\n\t\t\t\t\t\t\t<p>Validation des D\u00e9buts et Fins de travail ainsi que les pauses interm\u00e9diaires.<\/p><p>Liaisons avec la pr\u00e9paie.<\/p>\t\t\t\t\t\t<\/div>\n\t\t\t\t<\/div>\n\t\t\t\t<\/div>\n\t\t<div class=\"elementor-element elementor-element-1c341c5f e-con-full e-flex e-con e-child\" data-id=\"1c341c5f\" data-element_type=\"container\">\n\t\t\t\t<div class=\"elementor-element elementor-element-6bfd3d68 elementor-widget elementor-widget-image\" data-id=\"6bfd3d68\" data-element_type=\"widget\" data-widget_type=\"image.default\">\n\t\t\t\t<div class=\"elementor-widget-container\">\n\t\t\t\t\t\t\t\t\t\t\t\t\t<img decoding=\"async\" width=\"1024\" height=\"682\" src=\"https:\/\/kiwo.fr\/wp-content\/uploads\/2024\/06\/3984-1024x682.jpg\" class=\"attachment-large size-large wp-image-176\" alt=\"\" srcset=\"https:\/\/kiwo.fr\/wp-content\/uploads\/2024\/06\/3984-1024x682.jpg 1024w, https:\/\/kiwo.fr\/wp-content\/uploads\/2024\/06\/3984-300x200.jpg 300w, https:\/\/kiwo.fr\/wp-content\/uploads\/2024\/06\/3984-768x512.jpg 768w, https:\/\/kiwo.fr\/wp-content\/uploads\/2024\/06\/3984-1536x1024.jpg 1536w, https:\/\/kiwo.fr\/wp-content\/uploads\/2024\/06\/3984.jpg 2000w\" sizes=\"(max-width: 1024px) 100vw, 1024px\" \/>\t\t\t\t\t\t\t\t\t\t\t\t\t<\/div>\n\t\t\t\t<\/div>\n\t\t\t\t<\/div>\n\t\t\t\t<\/div>\n\t\t<div class=\"elementor-element elementor-element-1ac11e82 e-con-full e-flex e-con e-parent\" data-id=\"1ac11e82\" data-element_type=\"container\" data-settings=\"{&quot;background_background&quot;:&quot;classic&quot;}\">\n\t\t<div class=\"elementor-element elementor-element-1ab6722e e-con-full e-flex e-con e-child\" data-id=\"1ab6722e\" data-element_type=\"container\">\n\t\t\t\t<div class=\"elementor-element elementor-element-766f0d46 elementor-widget elementor-widget-heading\" data-id=\"766f0d46\" data-element_type=\"widget\" data-widget_type=\"heading.default\">\n\t\t\t\t<div class=\"elementor-widget-container\">\n\t\t\t<h2 class=\"elementor-heading-title elementor-size-default\">Messagerie individuelle <\/h2>\t\t<\/div>\n\t\t\t\t<\/div>\n\t\t\t\t<div class=\"elementor-element elementor-element-15f01664 elementor-widget elementor-widget-text-editor\" data-id=\"15f01664\" data-element_type=\"widget\" data-widget_type=\"text-editor.default\">\n\t\t\t\t<div class=\"elementor-widget-container\">\n\t\t\t\t\t\t\t<p>Chaque agent a acc\u00e8s \u00e0 sa messagerie interne et autonome de l\u2019\u00e9tablissement en liaison avec le dossier de soins.<\/p>\t\t\t\t\t\t<\/div>\n\t\t\t\t<\/div>\n\t\t\t\t<\/div>\n\t\t<div class=\"elementor-element elementor-element-55265b2e e-con-full e-flex e-con e-child\" data-id=\"55265b2e\" data-element_type=\"container\">\n\t\t\t\t<div class=\"elementor-element elementor-element-1c8aa6ad elementor-widget elementor-widget-image\" data-id=\"1c8aa6ad\" data-element_type=\"widget\" data-widget_type=\"image.default\">\n\t\t\t\t<div class=\"elementor-widget-container\">\n\t\t\t\t\t\t\t\t\t\t\t\t\t<img decoding=\"async\" width=\"1024\" height=\"1024\" src=\"https:\/\/kiwo.fr\/wp-content\/uploads\/2024\/06\/122734-1024x1024.jpg\" class=\"attachment-large size-large wp-image-191\" alt=\"\" srcset=\"https:\/\/kiwo.fr\/wp-content\/uploads\/2024\/06\/122734-1024x1024.jpg 1024w, https:\/\/kiwo.fr\/wp-content\/uploads\/2024\/06\/122734-300x300.jpg 300w, https:\/\/kiwo.fr\/wp-content\/uploads\/2024\/06\/122734-150x150.jpg 150w, https:\/\/kiwo.fr\/wp-content\/uploads\/2024\/06\/122734-768x768.jpg 768w, https:\/\/kiwo.fr\/wp-content\/uploads\/2024\/06\/122734-1536x1536.jpg 1536w, https:\/\/kiwo.fr\/wp-content\/uploads\/2024\/06\/122734-600x600.jpg 600w, https:\/\/kiwo.fr\/wp-content\/uploads\/2024\/06\/122734.jpg 2000w\" sizes=\"(max-width: 1024px) 100vw, 1024px\" \/>\t\t\t\t\t\t\t\t\t\t\t\t\t<\/div>\n\t\t\t\t<\/div>\n\t\t\t\t<\/div>\n\t\t\t\t<\/div>\n\t\t<div class=\"elementor-element elementor-element-4cbe6b4a e-con-full e-flex e-con e-parent\" data-id=\"4cbe6b4a\" data-element_type=\"container\" data-settings=\"{&quot;background_background&quot;:&quot;classic&quot;}\">\n\t\t<div class=\"elementor-element elementor-element-fd13168 e-con-full e-flex e-con e-child\" data-id=\"fd13168\" data-element_type=\"container\">\n\t\t\t\t<div class=\"elementor-element elementor-element-2f6331d8 elementor-widget elementor-widget-heading\" data-id=\"2f6331d8\" data-element_type=\"widget\" data-widget_type=\"heading.default\">\n\t\t\t\t<div class=\"elementor-widget-container\">\n\t\t\t<h2 class=\"elementor-heading-title elementor-size-default\">Planning et parc technique<\/h2>\t\t<\/div>\n\t\t\t\t<\/div>\n\t\t\t\t<div class=\"elementor-element elementor-element-45603b7d elementor-widget elementor-widget-text-editor\" data-id=\"45603b7d\" data-element_type=\"widget\" data-widget_type=\"text-editor.default\">\n\t\t\t\t<div class=\"elementor-widget-container\">\n\t\t\t\t\t\t\t<p>Visualisation de son planning et au parc technique de l&#8217;\u00e9tablissement (Poste des agents).<\/p>\t\t\t\t\t\t<\/div>\n\t\t\t\t<\/div>\n\t\t\t\t<\/div>\n\t\t<div class=\"elementor-element elementor-element-151c83e e-con-full e-flex e-con e-child\" data-id=\"151c83e\" data-element_type=\"container\">\n\t\t\t\t<div class=\"elementor-element elementor-element-69d005f2 elementor-widget elementor-widget-image\" data-id=\"69d005f2\" data-element_type=\"widget\" data-widget_type=\"image.default\">\n\t\t\t\t<div class=\"elementor-widget-container\">\n\t\t\t\t\t\t\t\t\t\t\t\t\t<img loading=\"lazy\" decoding=\"async\" width=\"1024\" height=\"684\" src=\"https:\/\/kiwo.fr\/wp-content\/uploads\/2024\/06\/64737-1024x684.jpg\" class=\"attachment-large size-large wp-image-192\" alt=\"\" srcset=\"https:\/\/kiwo.fr\/wp-content\/uploads\/2024\/06\/64737-1024x684.jpg 1024w, https:\/\/kiwo.fr\/wp-content\/uploads\/2024\/06\/64737-300x200.jpg 300w, https:\/\/kiwo.fr\/wp-content\/uploads\/2024\/06\/64737-768x513.jpg 768w, https:\/\/kiwo.fr\/wp-content\/uploads\/2024\/06\/64737-1536x1025.jpg 1536w, https:\/\/kiwo.fr\/wp-content\/uploads\/2024\/06\/64737.jpg 2000w\" sizes=\"(max-width: 1024px) 100vw, 1024px\" \/>\t\t\t\t\t\t\t\t\t\t\t\t\t<\/div>\n\t\t\t\t<\/div>\n\t\t\t\t<\/div>\n\t\t\t\t<\/div>\n\t\t<div class=\"elementor-element elementor-element-42099a5f e-con-full e-flex e-con e-parent\" data-id=\"42099a5f\" data-element_type=\"container\">\n\t\t\t\t<div class=\"elementor-element elementor-element-57bc3901 elementor-widget elementor-widget-heading\" data-id=\"57bc3901\" data-element_type=\"widget\" data-widget_type=\"heading.default\">\n\t\t\t\t<div class=\"elementor-widget-container\">\n\t\t\t<h3 class=\"elementor-heading-title elementor-size-default\">FAQ<\/h3>\t\t<\/div>\n\t\t\t\t<\/div>\n\t\t<div class=\"elementor-element elementor-element-7eb02cf6 e-con-full e-flex e-con e-child\" data-id=\"7eb02cf6\" data-element_type=\"container\">\n\t\t\t\t<div class=\"elementor-element elementor-element-58f00c70 elementor-widget__width-inherit elementor-widget elementor-widget-toggle\" data-id=\"58f00c70\" data-element_type=\"widget\" data-widget_type=\"toggle.default\">\n\t\t\t\t<div class=\"elementor-widget-container\">\n\t\t\t\t\t<div class=\"elementor-toggle\">\n\t\t\t\t\t\t\t<div class=\"elementor-toggle-item\">\n\t\t\t\t\t<h4 id=\"elementor-tab-title-1491\" class=\"elementor-tab-title\" data-tab=\"1\" role=\"button\" aria-controls=\"elementor-tab-content-1491\" aria-expanded=\"false\">\n\t\t\t\t\t\t\t\t\t\t\t\t<span class=\"elementor-toggle-icon elementor-toggle-icon-right\" aria-hidden=\"true\">\n\t\t\t\t\t\t\t\t\t\t\t\t\t\t\t<span class=\"elementor-toggle-icon-closed\"><svg class=\"e-font-icon-svg e-fas-caret-square-down\" viewBox=\"0 0 448 512\" xmlns=\"http:\/\/www.w3.org\/2000\/svg\"><path d=\"M448 80v352c0 26.5-21.5 48-48 48H48c-26.5 0-48-21.5-48-48V80c0-26.5 21.5-48 48-48h352c26.5 0 48 21.5 48 48zM92.5 220.5l123 123c4.7 4.7 12.3 4.7 17 0l123-123c7.6-7.6 2.2-20.5-8.5-20.5H101c-10.7 0-16.1 12.9-8.5 20.5z\"><\/path><\/svg><\/span>\n\t\t\t\t\t\t\t\t<span class=\"elementor-toggle-icon-opened\"><\/span>\n\t\t\t\t\t\t\t\t\t\t\t\t\t<\/span>\n\t\t\t\t\t\t\t\t\t\t\t\t<a class=\"elementor-toggle-title\" tabindex=\"0\">S\u00e9curit\u00e9<\/a>\n\t\t\t\t\t<\/h4>\n\n\t\t\t\t\t<div id=\"elementor-tab-content-1491\" class=\"elementor-tab-content elementor-clearfix\" data-tab=\"1\" role=\"region\" aria-labelledby=\"elementor-tab-title-1491\"><p>Chaque GestiAcc\u00e8s est s\u00e9curis\u00e9 par diff\u00e9rent mode d&#8217;ouverture, code 4 chiffres, lecteur de code barre ou carte RFID.<\/p><\/div>\n\t\t\t\t<\/div>\n\t\t\t\t\t\t\t\t<\/div>\n\t\t\t\t<\/div>\n\t\t\t\t<\/div>\n\t\t\t\t<div class=\"elementor-element elementor-element-4ad6021f elementor-widget__width-inherit elementor-widget elementor-widget-toggle\" data-id=\"4ad6021f\" data-element_type=\"widget\" data-widget_type=\"toggle.default\">\n\t\t\t\t<div class=\"elementor-widget-container\">\n\t\t\t\t\t<div class=\"elementor-toggle\">\n\t\t\t\t\t\t\t<div class=\"elementor-toggle-item\">\n\t\t\t\t\t<h4 id=\"elementor-tab-title-1251\" class=\"elementor-tab-title\" data-tab=\"1\" role=\"button\" aria-controls=\"elementor-tab-content-1251\" aria-expanded=\"false\">\n\t\t\t\t\t\t\t\t\t\t\t\t<span class=\"elementor-toggle-icon elementor-toggle-icon-right\" aria-hidden=\"true\">\n\t\t\t\t\t\t\t\t\t\t\t\t\t\t\t<span class=\"elementor-toggle-icon-closed\"><svg class=\"e-font-icon-svg e-fas-caret-square-down\" viewBox=\"0 0 448 512\" xmlns=\"http:\/\/www.w3.org\/2000\/svg\"><path d=\"M448 80v352c0 26.5-21.5 48-48 48H48c-26.5 0-48-21.5-48-48V80c0-26.5 21.5-48 48-48h352c26.5 0 48 21.5 48 48zM92.5 220.5l123 123c4.7 4.7 12.3 4.7 17 0l123-123c7.6-7.6 2.2-20.5-8.5-20.5H101c-10.7 0-16.1 12.9-8.5 20.5z\"><\/path><\/svg><\/span>\n\t\t\t\t\t\t\t\t<span class=\"elementor-toggle-icon-opened\"><\/span>\n\t\t\t\t\t\t\t\t\t\t\t\t\t<\/span>\n\t\t\t\t\t\t\t\t\t\t\t\t<a class=\"elementor-toggle-title\" tabindex=\"0\">Liaison planning et pr\u00e9paie<\/a>\n\t\t\t\t\t<\/h4>\n\n\t\t\t\t\t<div id=\"elementor-tab-content-1251\" class=\"elementor-tab-content elementor-clearfix\" data-tab=\"1\" role=\"region\" aria-labelledby=\"elementor-tab-title-1251\"><\/div>\n\t\t\t\t<\/div>\n\t\t\t\t\t\t\t\t<\/div>\n\t\t\t\t<\/div>\n\t\t\t\t<\/div>\n\t\t\t\t<\/div>\n\t\t\t\t<\/div>\n\t\t<div class=\"elementor-element elementor-element-15c56695 e-flex e-con-boxed e-con e-parent\" data-id=\"15c56695\" data-element_type=\"container\" data-settings=\"{&quot;background_background&quot;:&quot;classic&quot;}\">\n\t\t\t\t\t<div class=\"e-con-inner\">\n\t\t\t\t<div class=\"elementor-element elementor-element-3cf85cec elementor-widget elementor-widget-heading\" data-id=\"3cf85cec\" data-element_type=\"widget\" data-widget_type=\"heading.default\">\n\t\t\t\t<div class=\"elementor-widget-container\">\n\t\t\t<h3 class=\"elementor-heading-title elementor-size-default\">Vous d\u00e9sirez en savoir plus<\/h3>\t\t<\/div>\n\t\t\t\t<\/div>\n\t\t\t\t<div class=\"elementor-element elementor-element-7b3c8b24 elementor-widget elementor-widget-text-editor\" data-id=\"7b3c8b24\" data-element_type=\"widget\" data-widget_type=\"text-editor.default\">\n\t\t\t\t<div class=\"elementor-widget-container\">\n\t\t\t\t\t\t\t<p>N\u2019h\u00e9sitez pas \u00e0 nous contacter<\/p>\t\t\t\t\t\t<\/div>\n\t\t\t\t<\/div>\n\t\t\t\t<div class=\"elementor-element elementor-element-14234b1d elementor-mobile-align-center elementor-align-center elementor-widget elementor-widget-button\" data-id=\"14234b1d\" data-element_type=\"widget\" data-widget_type=\"button.default\">\n\t\t\t\t<div class=\"elementor-widget-container\">\n\t\t\t\t\t\t\t<div class=\"elementor-button-wrapper\">\n\t\t\t\t\t<a class=\"elementor-button elementor-button-link elementor-size-sm\" href=\"https:\/\/kiwo.fr\/index.php\/contact\/\">\n\t\t\t\t\t\t<span class=\"elementor-button-content-wrapper\">\n\t\t\t\t\t\t\t\t\t<span class=\"elementor-button-text\">Nous Contacter <\/span>\n\t\t\t\t\t<\/span>\n\t\t\t\t\t<\/a>\n\t\t\t\t<\/div>\n\t\t\t\t\t\t<\/div>\n\t\t\t\t<\/div>\n\t\t\t\t\t<\/div>\n\t\t\t\t<\/div>\n\t\t\t\t<\/div>\n\t\t","protected":false},"excerpt":{"rendered":"<p>Interface du temps de travail Contr\u00f4le des entr\u00e9es et sorties des agents avec validation par badge\/code pour le calcul direct des temps de travail jusqu\u2019\u00e0 la pr\u00e9paie. Pointeuse Validation des D\u00e9buts et Fins de travail ainsi que les pauses interm\u00e9diaires. Liaisons avec la pr\u00e9paie. Messagerie individuelle Chaque agent a acc\u00e8s \u00e0 sa messagerie interne et [&hellip;]<\/p>\n","protected":false},"author":1,"featured_media":0,"parent":0,"menu_order":0,"comment_status":"closed","ping_status":"closed","template":"","meta":{"footnotes":""},"class_list":["post-188","page","type-page","status-publish","hentry","entry"],"yoast_head":"<!-- This site is optimized with the Yoast SEO plugin v23.7 - https:\/\/yoast.com\/wordpress\/plugins\/seo\/ -->\n<title>GestiAcces - Kiwo<\/title>\n<meta name=\"robots\" content=\"index, follow, max-snippet:-1, max-image-preview:large, max-video-preview:-1\" \/>\n<link rel=\"canonical\" href=\"https:\/\/kiwo.fr\/index.php\/gestiacces\/\" \/>\n<meta property=\"og:locale\" content=\"en_US\" \/>\n<meta property=\"og:type\" content=\"article\" \/>\n<meta property=\"og:title\" content=\"GestiAcces - Kiwo\" \/>\n<meta property=\"og:description\" content=\"Interface du temps de travail Contr\u00f4le des entr\u00e9es et sorties des agents avec validation par badge\/code pour le calcul direct des temps de travail jusqu\u2019\u00e0 la pr\u00e9paie. Pointeuse Validation des D\u00e9buts et Fins de travail ainsi que les pauses interm\u00e9diaires. Liaisons avec la pr\u00e9paie. Messagerie individuelle Chaque agent a acc\u00e8s \u00e0 sa messagerie interne et [&hellip;]\" \/>\n<meta property=\"og:url\" content=\"https:\/\/kiwo.fr\/index.php\/gestiacces\/\" \/>\n<meta property=\"og:site_name\" content=\"Kiwo\" \/>\n<meta property=\"article:modified_time\" content=\"2024-06-28T09:33:12+00:00\" \/>\n<meta property=\"og:image\" content=\"http:\/\/kiwo.fr\/wp-content\/uploads\/2024\/06\/8453-1024x1024.jpg\" \/>\n<meta name=\"twitter:card\" content=\"summary_large_image\" \/>\n<meta name=\"twitter:label1\" content=\"Est. reading time\" \/>\n\t<meta name=\"twitter:data1\" content=\"1 minute\" \/>\n<script type=\"application\/ld+json\" class=\"yoast-schema-graph\">{\"@context\":\"https:\/\/schema.org\",\"@graph\":[{\"@type\":\"WebPage\",\"@id\":\"https:\/\/kiwo.fr\/index.php\/gestiacces\/\",\"url\":\"https:\/\/kiwo.fr\/index.php\/gestiacces\/\",\"name\":\"GestiAcces - Kiwo\",\"isPartOf\":{\"@id\":\"http:\/\/kiwo.fr\/#website\"},\"primaryImageOfPage\":{\"@id\":\"https:\/\/kiwo.fr\/index.php\/gestiacces\/#primaryimage\"},\"image\":{\"@id\":\"https:\/\/kiwo.fr\/index.php\/gestiacces\/#primaryimage\"},\"thumbnailUrl\":\"http:\/\/kiwo.fr\/wp-content\/uploads\/2024\/06\/8453-1024x1024.jpg\",\"datePublished\":\"2024-06-26T15:04:43+00:00\",\"dateModified\":\"2024-06-28T09:33:12+00:00\",\"breadcrumb\":{\"@id\":\"https:\/\/kiwo.fr\/index.php\/gestiacces\/#breadcrumb\"},\"inLanguage\":\"en-US\",\"potentialAction\":[{\"@type\":\"ReadAction\",\"target\":[\"https:\/\/kiwo.fr\/index.php\/gestiacces\/\"]}]},{\"@type\":\"ImageObject\",\"inLanguage\":\"en-US\",\"@id\":\"https:\/\/kiwo.fr\/index.php\/gestiacces\/#primaryimage\",\"url\":\"https:\/\/kiwo.fr\/wp-content\/uploads\/2024\/06\/8453.jpg\",\"contentUrl\":\"https:\/\/kiwo.fr\/wp-content\/uploads\/2024\/06\/8453.jpg\",\"width\":2000,\"height\":2000},{\"@type\":\"BreadcrumbList\",\"@id\":\"https:\/\/kiwo.fr\/index.php\/gestiacces\/#breadcrumb\",\"itemListElement\":[{\"@type\":\"ListItem\",\"position\":1,\"name\":\"Accueil\",\"item\":\"http:\/\/kiwo.fr\/\"},{\"@type\":\"ListItem\",\"position\":2,\"name\":\"GestiAcces\"}]},{\"@type\":\"WebSite\",\"@id\":\"http:\/\/kiwo.fr\/#website\",\"url\":\"http:\/\/kiwo.fr\/\",\"name\":\"Kiwo\",\"description\":\"Accompagnement et logiciels dans la gestion de vos \u00e9tablissements m\u00e9dico-social\",\"publisher\":{\"@id\":\"http:\/\/kiwo.fr\/#organization\"},\"potentialAction\":[{\"@type\":\"SearchAction\",\"target\":{\"@type\":\"EntryPoint\",\"urlTemplate\":\"http:\/\/kiwo.fr\/?s={search_term_string}\"},\"query-input\":{\"@type\":\"PropertyValueSpecification\",\"valueRequired\":true,\"valueName\":\"search_term_string\"}}],\"inLanguage\":\"en-US\"},{\"@type\":\"Organization\",\"@id\":\"http:\/\/kiwo.fr\/#organization\",\"name\":\"Kiwo\",\"url\":\"http:\/\/kiwo.fr\/\",\"logo\":{\"@type\":\"ImageObject\",\"inLanguage\":\"en-US\",\"@id\":\"http:\/\/kiwo.fr\/#\/schema\/logo\/image\/\",\"url\":\"https:\/\/kiwo.fr\/wp-content\/uploads\/2024\/08\/cropped-kiwo-logo-2.png\",\"contentUrl\":\"https:\/\/kiwo.fr\/wp-content\/uploads\/2024\/08\/cropped-kiwo-logo-2.png\",\"width\":547,\"height\":150,\"caption\":\"Kiwo\"},\"image\":{\"@id\":\"http:\/\/kiwo.fr\/#\/schema\/logo\/image\/\"}}]}<\/script>\n<!-- \/ Yoast SEO plugin. -->","yoast_head_json":{"title":"GestiAcces - Kiwo","robots":{"index":"index","follow":"follow","max-snippet":"max-snippet:-1","max-image-preview":"max-image-preview:large","max-video-preview":"max-video-preview:-1"},"canonical":"https:\/\/kiwo.fr\/index.php\/gestiacces\/","og_locale":"en_US","og_type":"article","og_title":"GestiAcces - Kiwo","og_description":"Interface du temps de travail Contr\u00f4le des entr\u00e9es et sorties des agents avec validation par badge\/code pour le calcul direct des temps de travail jusqu\u2019\u00e0 la pr\u00e9paie. Pointeuse Validation des D\u00e9buts et Fins de travail ainsi que les pauses interm\u00e9diaires. Liaisons avec la pr\u00e9paie. Messagerie individuelle Chaque agent a acc\u00e8s \u00e0 sa messagerie interne et [&hellip;]","og_url":"https:\/\/kiwo.fr\/index.php\/gestiacces\/","og_site_name":"Kiwo","article_modified_time":"2024-06-28T09:33:12+00:00","og_image":[{"url":"http:\/\/kiwo.fr\/wp-content\/uploads\/2024\/06\/8453-1024x1024.jpg"}],"twitter_card":"summary_large_image","twitter_misc":{"Est. reading time":"1 minute"},"schema":{"@context":"https:\/\/schema.org","@graph":[{"@type":"WebPage","@id":"https:\/\/kiwo.fr\/index.php\/gestiacces\/","url":"https:\/\/kiwo.fr\/index.php\/gestiacces\/","name":"GestiAcces - Kiwo","isPartOf":{"@id":"http:\/\/kiwo.fr\/#website"},"primaryImageOfPage":{"@id":"https:\/\/kiwo.fr\/index.php\/gestiacces\/#primaryimage"},"image":{"@id":"https:\/\/kiwo.fr\/index.php\/gestiacces\/#primaryimage"},"thumbnailUrl":"http:\/\/kiwo.fr\/wp-content\/uploads\/2024\/06\/8453-1024x1024.jpg","datePublished":"2024-06-26T15:04:43+00:00","dateModified":"2024-06-28T09:33:12+00:00","breadcrumb":{"@id":"https:\/\/kiwo.fr\/index.php\/gestiacces\/#breadcrumb"},"inLanguage":"en-US","potentialAction":[{"@type":"ReadAction","target":["https:\/\/kiwo.fr\/index.php\/gestiacces\/"]}]},{"@type":"ImageObject","inLanguage":"en-US","@id":"https:\/\/kiwo.fr\/index.php\/gestiacces\/#primaryimage","url":"https:\/\/kiwo.fr\/wp-content\/uploads\/2024\/06\/8453.jpg","contentUrl":"https:\/\/kiwo.fr\/wp-content\/uploads\/2024\/06\/8453.jpg","width":2000,"height":2000},{"@type":"BreadcrumbList","@id":"https:\/\/kiwo.fr\/index.php\/gestiacces\/#breadcrumb","itemListElement":[{"@type":"ListItem","position":1,"name":"Accueil","item":"http:\/\/kiwo.fr\/"},{"@type":"ListItem","position":2,"name":"GestiAcces"}]},{"@type":"WebSite","@id":"http:\/\/kiwo.fr\/#website","url":"http:\/\/kiwo.fr\/","name":"Kiwo","description":"Accompagnement et logiciels dans la gestion de vos \u00e9tablissements m\u00e9dico-social","publisher":{"@id":"http:\/\/kiwo.fr\/#organization"},"potentialAction":[{"@type":"SearchAction","target":{"@type":"EntryPoint","urlTemplate":"http:\/\/kiwo.fr\/?s={search_term_string}"},"query-input":{"@type":"PropertyValueSpecification","valueRequired":true,"valueName":"search_term_string"}}],"inLanguage":"en-US"},{"@type":"Organization","@id":"http:\/\/kiwo.fr\/#organization","name":"Kiwo","url":"http:\/\/kiwo.fr\/","logo":{"@type":"ImageObject","inLanguage":"en-US","@id":"http:\/\/kiwo.fr\/#\/schema\/logo\/image\/","url":"https:\/\/kiwo.fr\/wp-content\/uploads\/2024\/08\/cropped-kiwo-logo-2.png","contentUrl":"https:\/\/kiwo.fr\/wp-content\/uploads\/2024\/08\/cropped-kiwo-logo-2.png","width":547,"height":150,"caption":"Kiwo"},"image":{"@id":"http:\/\/kiwo.fr\/#\/schema\/logo\/image\/"}}]}},"_links":{"self":[{"href":"https:\/\/kiwo.fr\/index.php\/wp-json\/wp\/v2\/pages\/188","targetHints":{"allow":["GET"]}}],"collection":[{"href":"https:\/\/kiwo.fr\/index.php\/wp-json\/wp\/v2\/pages"}],"about":[{"href":"https:\/\/kiwo.fr\/index.php\/wp-json\/wp\/v2\/types\/page"}],"author":[{"embeddable":true,"href":"https:\/\/kiwo.fr\/index.php\/wp-json\/wp\/v2\/users\/1"}],"replies":[{"embeddable":true,"href":"https:\/\/kiwo.fr\/index.php\/wp-json\/wp\/v2\/comments?post=188"}],"version-history":[{"count":16,"href":"https:\/\/kiwo.fr\/index.php\/wp-json\/wp\/v2\/pages\/188\/revisions"}],"predecessor-version":[{"id":305,"href":"https:\/\/kiwo.fr\/index.php\/wp-json\/wp\/v2\/pages\/188\/revisions\/305"}],"wp:attachment":[{"href":"https:\/\/kiwo.fr\/index.php\/wp-json\/wp\/v2\/media?parent=188"}],"curies":[{"name":"wp","href":"https:\/\/api.w.org\/{rel}","templated":true}]}}