{"id":327,"date":"2024-06-28T18:06:06","date_gmt":"2024-06-28T16:06:06","guid":{"rendered":"https:\/\/kiwo.fr\/?page_id=327"},"modified":"2024-07-09T17:49:23","modified_gmt":"2024-07-09T15:49:23","slug":"gestipop","status":"publish","type":"page","link":"https:\/\/kiwo.fr\/index.php\/gestipop\/","title":{"rendered":"GestiPop"},"content":{"rendered":"\t\t<div data-elementor-type=\"wp-page\" data-elementor-id=\"327\" class=\"elementor elementor-327\">\n\t\t\t\t<div class=\"elementor-element elementor-element-23bb7108 e-con-full e-flex e-con e-parent\" data-id=\"23bb7108\" data-element_type=\"container\" data-settings=\"{&quot;background_background&quot;:&quot;classic&quot;}\">\n\t\t<div class=\"elementor-element elementor-element-6a22cc85 e-con-full e-flex e-con e-child\" data-id=\"6a22cc85\" data-element_type=\"container\">\n\t\t\t\t<div class=\"elementor-element elementor-element-bbef77a elementor-widget elementor-widget-image\" data-id=\"bbef77a\" data-element_type=\"widget\" data-widget_type=\"image.default\">\n\t\t\t\t<div class=\"elementor-widget-container\">\n\t\t\t\t\t\t\t\t\t\t\t\t\t<img fetchpriority=\"high\" decoding=\"async\" width=\"512\" height=\"512\" src=\"https:\/\/kiwo.fr\/wp-content\/uploads\/2024\/06\/GestiPop.png\" class=\"attachment-large size-large wp-image-228\" alt=\"\" srcset=\"https:\/\/kiwo.fr\/wp-content\/uploads\/2024\/06\/GestiPop.png 512w, https:\/\/kiwo.fr\/wp-content\/uploads\/2024\/06\/GestiPop-300x300.png 300w, https:\/\/kiwo.fr\/wp-content\/uploads\/2024\/06\/GestiPop-150x150.png 150w\" sizes=\"(max-width: 512px) 100vw, 512px\" \/>\t\t\t\t\t\t\t\t\t\t\t\t\t<\/div>\n\t\t\t\t<\/div>\n\t\t\t\t<\/div>\n\t\t<div class=\"elementor-element elementor-element-6cae8cdf e-con-full e-flex e-con e-child\" data-id=\"6cae8cdf\" data-element_type=\"container\">\n\t\t\t\t<div class=\"elementor-element elementor-element-7c694273 elementor-widget elementor-widget-heading\" data-id=\"7c694273\" data-element_type=\"widget\" data-widget_type=\"heading.default\">\n\t\t\t\t<div class=\"elementor-widget-container\">\n\t\t\t<h1 class=\"elementor-heading-title elementor-size-default\">GestiPop<\/h1>\t\t<\/div>\n\t\t\t\t<\/div>\n\t\t\t\t<div class=\"elementor-element elementor-element-7c719353 elementor-widget elementor-widget-text-editor\" data-id=\"7c719353\" data-element_type=\"widget\" data-widget_type=\"text-editor.default\">\n\t\t\t\t<div class=\"elementor-widget-container\">\n\t\t\t\t\t\t\t<p>Gestion des pathologies des personnes<\/p>\t\t\t\t\t\t<\/div>\n\t\t\t\t<\/div>\n\t\t\t\t<\/div>\n\t\t\t\t<\/div>\n\t\t<div class=\"elementor-element elementor-element-15bfdd7f e-con-full e-flex e-con e-parent\" data-id=\"15bfdd7f\" data-element_type=\"container\" data-settings=\"{&quot;background_background&quot;:&quot;classic&quot;}\">\n\t\t<div class=\"elementor-element elementor-element-2b97aa91 e-con-full e-flex e-con e-child\" data-id=\"2b97aa91\" data-element_type=\"container\">\n\t\t\t\t<div class=\"elementor-element elementor-element-7f9e1062 elementor-widget elementor-widget-heading\" data-id=\"7f9e1062\" data-element_type=\"widget\" data-widget_type=\"heading.default\">\n\t\t\t\t<div class=\"elementor-widget-container\">\n\t\t\t<h2 class=\"elementor-heading-title elementor-size-default\">Pathologies<\/h2>\t\t<\/div>\n\t\t\t\t<\/div>\n\t\t\t\t<div class=\"elementor-element elementor-element-4ef36077 elementor-widget elementor-widget-text-editor\" data-id=\"4ef36077\" data-element_type=\"widget\" data-widget_type=\"text-editor.default\">\n\t\t\t\t<div class=\"elementor-widget-container\">\n\t\t\t\t\t\t\t<p>\u00c9laboration et suivi des pathologies de votre population.<\/p><p>Bilan et analyse des pathologie.<\/p>\t\t\t\t\t\t<\/div>\n\t\t\t\t<\/div>\n\t\t\t\t<\/div>\n\t\t<div class=\"elementor-element elementor-element-1c98f20c e-con-full e-flex e-con e-child\" data-id=\"1c98f20c\" data-element_type=\"container\">\n\t\t\t\t<div class=\"elementor-element elementor-element-c5b7e9c elementor-widget elementor-widget-image\" data-id=\"c5b7e9c\" data-element_type=\"widget\" data-widget_type=\"image.default\">\n\t\t\t\t<div class=\"elementor-widget-container\">\n\t\t\t\t\t\t\t\t\t\t\t\t\t<img decoding=\"async\" width=\"1024\" height=\"684\" src=\"https:\/\/kiwo.fr\/wp-content\/uploads\/2024\/07\/bilan-1024x684.jpg\" class=\"attachment-large size-large wp-image-653\" alt=\"\" srcset=\"https:\/\/kiwo.fr\/wp-content\/uploads\/2024\/07\/bilan-1024x684.jpg 1024w, https:\/\/kiwo.fr\/wp-content\/uploads\/2024\/07\/bilan-300x200.jpg 300w, https:\/\/kiwo.fr\/wp-content\/uploads\/2024\/07\/bilan-768x513.jpg 768w, https:\/\/kiwo.fr\/wp-content\/uploads\/2024\/07\/bilan-1536x1025.jpg 1536w, https:\/\/kiwo.fr\/wp-content\/uploads\/2024\/07\/bilan.jpg 2000w\" sizes=\"(max-width: 1024px) 100vw, 1024px\" \/>\t\t\t\t\t\t\t\t\t\t\t\t\t<\/div>\n\t\t\t\t<\/div>\n\t\t\t\t<\/div>\n\t\t\t\t<\/div>\n\t\t<div class=\"elementor-element elementor-element-6aaf6df6 e-con-full e-flex e-con e-parent\" data-id=\"6aaf6df6\" data-element_type=\"container\" data-settings=\"{&quot;background_background&quot;:&quot;classic&quot;}\">\n\t\t<div class=\"elementor-element elementor-element-7aa0e33a e-con-full e-flex e-con e-child\" data-id=\"7aa0e33a\" data-element_type=\"container\">\n\t\t\t\t<div class=\"elementor-element elementor-element-3fafec65 elementor-widget elementor-widget-heading\" data-id=\"3fafec65\" data-element_type=\"widget\" data-widget_type=\"heading.default\">\n\t\t\t\t<div class=\"elementor-widget-container\">\n\t\t\t<h2 class=\"elementor-heading-title elementor-size-default\">Calcul et exportation<\/h2>\t\t<\/div>\n\t\t\t\t<\/div>\n\t\t\t\t<div class=\"elementor-element elementor-element-60cc10ff elementor-widget elementor-widget-text-editor\" data-id=\"60cc10ff\" data-element_type=\"widget\" data-widget_type=\"text-editor.default\">\n\t\t\t\t<div class=\"elementor-widget-container\">\n\t\t\t\t\t\t\t<p>Calcul du PMP par multi-filtrage (population, date pathologie et autres).<\/p><p>Exportation xml de votre etudes sous diff\u00e9rents filtres avec impression de fiche individuelle pour transmission aux tutelles.<\/p>\t\t\t\t\t\t<\/div>\n\t\t\t\t<\/div>\n\t\t\t\t<\/div>\n\t\t<div class=\"elementor-element elementor-element-49ba8b79 e-con-full e-flex e-con e-child\" data-id=\"49ba8b79\" data-element_type=\"container\">\n\t\t\t\t<div class=\"elementor-element elementor-element-4656fcf elementor-widget elementor-widget-image\" data-id=\"4656fcf\" data-element_type=\"widget\" data-widget_type=\"image.default\">\n\t\t\t\t<div class=\"elementor-widget-container\">\n\t\t\t\t\t\t\t\t\t\t\t\t\t<img decoding=\"async\" width=\"1024\" height=\"372\" src=\"https:\/\/kiwo.fr\/wp-content\/uploads\/2024\/07\/3022-1024x372.jpg\" class=\"attachment-large size-large wp-image-655\" alt=\"\" srcset=\"https:\/\/kiwo.fr\/wp-content\/uploads\/2024\/07\/3022-1024x372.jpg 1024w, https:\/\/kiwo.fr\/wp-content\/uploads\/2024\/07\/3022-300x109.jpg 300w, https:\/\/kiwo.fr\/wp-content\/uploads\/2024\/07\/3022-768x279.jpg 768w, https:\/\/kiwo.fr\/wp-content\/uploads\/2024\/07\/3022-1536x558.jpg 1536w, https:\/\/kiwo.fr\/wp-content\/uploads\/2024\/07\/3022.jpg 2000w\" sizes=\"(max-width: 1024px) 100vw, 1024px\" \/>\t\t\t\t\t\t\t\t\t\t\t\t\t<\/div>\n\t\t\t\t<\/div>\n\t\t\t\t<\/div>\n\t\t\t\t<\/div>\n\t\t<div class=\"elementor-element elementor-element-2a6f7a2e e-con-full e-flex e-con e-parent\" data-id=\"2a6f7a2e\" data-element_type=\"container\" data-settings=\"{&quot;background_background&quot;:&quot;classic&quot;}\">\n\t\t<div class=\"elementor-element elementor-element-1dedb535 e-con-full e-flex e-con e-child\" data-id=\"1dedb535\" data-element_type=\"container\">\n\t\t\t\t<div class=\"elementor-element elementor-element-64a13b0b elementor-widget elementor-widget-heading\" data-id=\"64a13b0b\" data-element_type=\"widget\" data-widget_type=\"heading.default\">\n\t\t\t\t<div class=\"elementor-widget-container\">\n\t\t\t<h2 class=\"elementor-heading-title elementor-size-default\">Besoins<\/h2>\t\t<\/div>\n\t\t\t\t<\/div>\n\t\t\t\t<div class=\"elementor-element elementor-element-2105ad62 elementor-widget elementor-widget-text-editor\" data-id=\"2105ad62\" data-element_type=\"widget\" data-widget_type=\"text-editor.default\">\n\t\t\t\t<div class=\"elementor-widget-container\">\n\t\t\t\t\t\t\t<p>D\u00e9termination des besoins en volume de soins par le personnel de l\u2019\u00e9tablissement.<\/p>\t\t\t\t\t\t<\/div>\n\t\t\t\t<\/div>\n\t\t\t\t<\/div>\n\t\t<div class=\"elementor-element elementor-element-3ae0f390 e-con-full e-flex e-con e-child\" data-id=\"3ae0f390\" data-element_type=\"container\">\n\t\t\t\t<div class=\"elementor-element elementor-element-f893118 elementor-widget elementor-widget-image\" data-id=\"f893118\" data-element_type=\"widget\" data-widget_type=\"image.default\">\n\t\t\t\t<div class=\"elementor-widget-container\">\n\t\t\t\t\t\t\t\t\t\t\t\t\t<img loading=\"lazy\" decoding=\"async\" width=\"1024\" height=\"711\" src=\"https:\/\/kiwo.fr\/wp-content\/uploads\/2024\/06\/14963-1024x711.jpg\" class=\"attachment-large size-large wp-image-241\" alt=\"\" srcset=\"https:\/\/kiwo.fr\/wp-content\/uploads\/2024\/06\/14963-1024x711.jpg 1024w, https:\/\/kiwo.fr\/wp-content\/uploads\/2024\/06\/14963-300x208.jpg 300w, https:\/\/kiwo.fr\/wp-content\/uploads\/2024\/06\/14963-768x533.jpg 768w, https:\/\/kiwo.fr\/wp-content\/uploads\/2024\/06\/14963-1536x1066.jpg 1536w, https:\/\/kiwo.fr\/wp-content\/uploads\/2024\/06\/14963.jpg 2000w\" sizes=\"(max-width: 1024px) 100vw, 1024px\" \/>\t\t\t\t\t\t\t\t\t\t\t\t\t<\/div>\n\t\t\t\t<\/div>\n\t\t\t\t<\/div>\n\t\t\t\t<\/div>\n\t\t<div class=\"elementor-element elementor-element-5476e09a e-con-full e-flex e-con e-parent\" data-id=\"5476e09a\" data-element_type=\"container\">\n\t\t\t\t<div class=\"elementor-element elementor-element-3a17a310 elementor-widget elementor-widget-heading\" data-id=\"3a17a310\" data-element_type=\"widget\" data-widget_type=\"heading.default\">\n\t\t\t\t<div class=\"elementor-widget-container\">\n\t\t\t<h3 class=\"elementor-heading-title elementor-size-default\">FAQ<\/h3>\t\t<\/div>\n\t\t\t\t<\/div>\n\t\t<div class=\"elementor-element elementor-element-69907638 e-con-full e-flex e-con e-child\" data-id=\"69907638\" data-element_type=\"container\">\n\t\t\t\t<div class=\"elementor-element elementor-element-3c9ecf1a elementor-widget__width-inherit elementor-widget elementor-widget-toggle\" data-id=\"3c9ecf1a\" data-element_type=\"widget\" data-widget_type=\"toggle.default\">\n\t\t\t\t<div class=\"elementor-widget-container\">\n\t\t\t\t\t<div class=\"elementor-toggle\">\n\t\t\t\t\t\t\t<div class=\"elementor-toggle-item\">\n\t\t\t\t\t<h4 id=\"elementor-tab-title-1011\" class=\"elementor-tab-title\" data-tab=\"1\" role=\"button\" aria-controls=\"elementor-tab-content-1011\" aria-expanded=\"false\">\n\t\t\t\t\t\t\t\t\t\t\t\t<span class=\"elementor-toggle-icon elementor-toggle-icon-right\" aria-hidden=\"true\">\n\t\t\t\t\t\t\t\t\t\t\t\t\t\t\t<span class=\"elementor-toggle-icon-closed\"><svg class=\"e-font-icon-svg e-fas-caret-square-down\" viewBox=\"0 0 448 512\" xmlns=\"http:\/\/www.w3.org\/2000\/svg\"><path d=\"M448 80v352c0 26.5-21.5 48-48 48H48c-26.5 0-48-21.5-48-48V80c0-26.5 21.5-48 48-48h352c26.5 0 48 21.5 48 48zM92.5 220.5l123 123c4.7 4.7 12.3 4.7 17 0l123-123c7.6-7.6 2.2-20.5-8.5-20.5H101c-10.7 0-16.1 12.9-8.5 20.5z\"><\/path><\/svg><\/span>\n\t\t\t\t\t\t\t\t<span class=\"elementor-toggle-icon-opened\"><\/span>\n\t\t\t\t\t\t\t\t\t\t\t\t\t<\/span>\n\t\t\t\t\t\t\t\t\t\t\t\t<a class=\"elementor-toggle-title\" tabindex=\"0\">Exportation CNSA<\/a>\n\t\t\t\t\t<\/h4>\n\n\t\t\t\t\t<div id=\"elementor-tab-content-1011\" class=\"elementor-tab-content elementor-clearfix\" data-tab=\"1\" role=\"region\" aria-labelledby=\"elementor-tab-title-1011\"><p>L\u2019exportation du fichier est coupl\u00e9 avec les donn\u00e9es du GestiGir (GIR, GMP) et peut etre configurer sur une population filtr\u00e9e et \u00e0 une date donn\u00e9e.<\/p><\/div>\n\t\t\t\t<\/div>\n\t\t\t\t\t\t\t<div class=\"elementor-toggle-item\">\n\t\t\t\t\t<h4 id=\"elementor-tab-title-1012\" class=\"elementor-tab-title\" data-tab=\"2\" role=\"button\" aria-controls=\"elementor-tab-content-1012\" aria-expanded=\"false\">\n\t\t\t\t\t\t\t\t\t\t\t\t<span class=\"elementor-toggle-icon elementor-toggle-icon-right\" aria-hidden=\"true\">\n\t\t\t\t\t\t\t\t\t\t\t\t\t\t\t<span class=\"elementor-toggle-icon-closed\"><svg class=\"e-font-icon-svg e-fas-caret-square-down\" viewBox=\"0 0 448 512\" xmlns=\"http:\/\/www.w3.org\/2000\/svg\"><path d=\"M448 80v352c0 26.5-21.5 48-48 48H48c-26.5 0-48-21.5-48-48V80c0-26.5 21.5-48 48-48h352c26.5 0 48 21.5 48 48zM92.5 220.5l123 123c4.7 4.7 12.3 4.7 17 0l123-123c7.6-7.6 2.2-20.5-8.5-20.5H101c-10.7 0-16.1 12.9-8.5 20.5z\"><\/path><\/svg><\/span>\n\t\t\t\t\t\t\t\t<span class=\"elementor-toggle-icon-opened\"><\/span>\n\t\t\t\t\t\t\t\t\t\t\t\t\t<\/span>\n\t\t\t\t\t\t\t\t\t\t\t\t<a class=\"elementor-toggle-title\" tabindex=\"0\">Edition \u00e9valuation<\/a>\n\t\t\t\t\t<\/h4>\n\n\t\t\t\t\t<div id=\"elementor-tab-content-1012\" class=\"elementor-tab-content elementor-clearfix\" data-tab=\"2\" role=\"region\" aria-labelledby=\"elementor-tab-title-1012\"><p>\u00c9dition de la fiche pathologie pour \u00e9valuation sur papier.<\/p><\/div>\n\t\t\t\t<\/div>\n\t\t\t\t\t\t\t<div class=\"elementor-toggle-item\">\n\t\t\t\t\t<h4 id=\"elementor-tab-title-1013\" class=\"elementor-tab-title\" data-tab=\"3\" role=\"button\" aria-controls=\"elementor-tab-content-1013\" aria-expanded=\"false\">\n\t\t\t\t\t\t\t\t\t\t\t\t<span class=\"elementor-toggle-icon elementor-toggle-icon-right\" aria-hidden=\"true\">\n\t\t\t\t\t\t\t\t\t\t\t\t\t\t\t<span class=\"elementor-toggle-icon-closed\"><svg class=\"e-font-icon-svg e-fas-caret-square-down\" viewBox=\"0 0 448 512\" xmlns=\"http:\/\/www.w3.org\/2000\/svg\"><path d=\"M448 80v352c0 26.5-21.5 48-48 48H48c-26.5 0-48-21.5-48-48V80c0-26.5 21.5-48 48-48h352c26.5 0 48 21.5 48 48zM92.5 220.5l123 123c4.7 4.7 12.3 4.7 17 0l123-123c7.6-7.6 2.2-20.5-8.5-20.5H101c-10.7 0-16.1 12.9-8.5 20.5z\"><\/path><\/svg><\/span>\n\t\t\t\t\t\t\t\t<span class=\"elementor-toggle-icon-opened\"><\/span>\n\t\t\t\t\t\t\t\t\t\t\t\t\t<\/span>\n\t\t\t\t\t\t\t\t\t\t\t\t<a class=\"elementor-toggle-title\" tabindex=\"0\">Saisie de donn\u00e9es<\/a>\n\t\t\t\t\t<\/h4>\n\n\t\t\t\t\t<div id=\"elementor-tab-content-1013\" class=\"elementor-tab-content elementor-clearfix\" data-tab=\"3\" role=\"region\" aria-labelledby=\"elementor-tab-title-1013\"><p>Les \u00e9valuations Pathos peuvent \u00eatre saisie depuis le GestiDoss celui-ci est d\u00e9pourvu du calcul PMP, statistique pathos et exportation.<\/p><\/div>\n\t\t\t\t<\/div>\n\t\t\t\t\t\t\t\t<\/div>\n\t\t\t\t<\/div>\n\t\t\t\t<\/div>\n\t\t\t\t<div class=\"elementor-element elementor-element-5279a02e elementor-widget__width-inherit elementor-widget elementor-widget-toggle\" data-id=\"5279a02e\" data-element_type=\"widget\" data-widget_type=\"toggle.default\">\n\t\t\t\t<div class=\"elementor-widget-container\">\n\t\t\t\t\t<div class=\"elementor-toggle\">\n\t\t\t\t\t\t\t<div class=\"elementor-toggle-item\">\n\t\t\t\t\t<h4 id=\"elementor-tab-title-1381\" class=\"elementor-tab-title\" data-tab=\"1\" role=\"button\" aria-controls=\"elementor-tab-content-1381\" aria-expanded=\"false\">\n\t\t\t\t\t\t\t\t\t\t\t\t<a class=\"elementor-toggle-title\" tabindex=\"0\">Evaluation du PMP<\/a>\n\t\t\t\t\t<\/h4>\n\n\t\t\t\t\t<div id=\"elementor-tab-content-1381\" class=\"elementor-tab-content elementor-clearfix\" data-tab=\"1\" role=\"region\" aria-labelledby=\"elementor-tab-title-1381\"><p>enregistrement du Pathos Moyen Pond\u00e9rer officiel, interne et interm\u00e9diaire.<\/p><\/div>\n\t\t\t\t<\/div>\n\t\t\t\t\t\t\t<div class=\"elementor-toggle-item\">\n\t\t\t\t\t<h4 id=\"elementor-tab-title-1382\" class=\"elementor-tab-title\" data-tab=\"2\" role=\"button\" aria-controls=\"elementor-tab-content-1382\" aria-expanded=\"false\">\n\t\t\t\t\t\t\t\t\t\t\t\t<a class=\"elementor-toggle-title\" tabindex=\"0\">Multi-\u00e9dition<\/a>\n\t\t\t\t\t<\/h4>\n\n\t\t\t\t\t<div id=\"elementor-tab-content-1382\" class=\"elementor-tab-content elementor-clearfix\" data-tab=\"2\" role=\"region\" aria-labelledby=\"elementor-tab-title-1382\"><p>Liste de documents des patients pr\u00e9sent, archiv\u00e9, par identifiant \u00e9tudes.<\/p><\/div>\n\t\t\t\t<\/div>\n\t\t\t\t\t\t\t\t<\/div>\n\t\t\t\t<\/div>\n\t\t\t\t<\/div>\n\t\t\t\t<\/div>\n\t\t\t\t<\/div>\n\t\t<div class=\"elementor-element elementor-element-45772540 e-flex e-con-boxed e-con e-parent\" data-id=\"45772540\" data-element_type=\"container\" data-settings=\"{&quot;background_background&quot;:&quot;classic&quot;}\">\n\t\t\t\t\t<div class=\"e-con-inner\">\n\t\t\t\t<div class=\"elementor-element elementor-element-6180c59c elementor-widget elementor-widget-heading\" data-id=\"6180c59c\" data-element_type=\"widget\" data-widget_type=\"heading.default\">\n\t\t\t\t<div class=\"elementor-widget-container\">\n\t\t\t<h3 class=\"elementor-heading-title elementor-size-default\">Vous d\u00e9sirez en savoir plus<\/h3>\t\t<\/div>\n\t\t\t\t<\/div>\n\t\t\t\t<div class=\"elementor-element elementor-element-6d8dbff9 elementor-widget elementor-widget-text-editor\" data-id=\"6d8dbff9\" data-element_type=\"widget\" data-widget_type=\"text-editor.default\">\n\t\t\t\t<div class=\"elementor-widget-container\">\n\t\t\t\t\t\t\t<p>N\u2019h\u00e9sitez pas \u00e0 nous contacter<\/p>\t\t\t\t\t\t<\/div>\n\t\t\t\t<\/div>\n\t\t\t\t<div class=\"elementor-element elementor-element-7b62906a elementor-mobile-align-center elementor-align-center elementor-widget elementor-widget-button\" data-id=\"7b62906a\" data-element_type=\"widget\" data-widget_type=\"button.default\">\n\t\t\t\t<div class=\"elementor-widget-container\">\n\t\t\t\t\t\t\t<div class=\"elementor-button-wrapper\">\n\t\t\t\t\t<a class=\"elementor-button elementor-button-link elementor-size-sm\" href=\"https:\/\/kiwo.fr\/index.php\/contact\/\">\n\t\t\t\t\t\t<span class=\"elementor-button-content-wrapper\">\n\t\t\t\t\t\t\t\t\t<span class=\"elementor-button-text\">Nous Contacter<\/span>\n\t\t\t\t\t<\/span>\n\t\t\t\t\t<\/a>\n\t\t\t\t<\/div>\n\t\t\t\t\t\t<\/div>\n\t\t\t\t<\/div>\n\t\t\t\t\t<\/div>\n\t\t\t\t<\/div>\n\t\t\t\t<\/div>\n\t\t","protected":false},"excerpt":{"rendered":"<p>GestiPop Gestion des pathologies des personnes Pathologies \u00c9laboration et suivi des pathologies de votre population. Bilan et analyse des pathologie. Calcul et exportation Calcul du PMP par multi-filtrage (population, date pathologie et autres). Exportation xml de votre etudes sous diff\u00e9rents filtres avec impression de fiche individuelle pour transmission aux tutelles. Besoins D\u00e9termination des besoins en [&hellip;]<\/p>\n","protected":false},"author":1,"featured_media":0,"parent":0,"menu_order":0,"comment_status":"closed","ping_status":"closed","template":"","meta":{"footnotes":""},"class_list":["post-327","page","type-page","status-publish","hentry","entry"],"yoast_head":"<!-- This site is optimized with the Yoast SEO plugin v23.7 - https:\/\/yoast.com\/wordpress\/plugins\/seo\/ -->\n<title>GestiPop - Kiwo<\/title>\n<meta name=\"robots\" content=\"index, follow, max-snippet:-1, max-image-preview:large, max-video-preview:-1\" \/>\n<link rel=\"canonical\" href=\"https:\/\/kiwo.fr\/index.php\/gestipop\/\" \/>\n<meta property=\"og:locale\" content=\"en_US\" \/>\n<meta property=\"og:type\" content=\"article\" \/>\n<meta property=\"og:title\" content=\"GestiPop - Kiwo\" \/>\n<meta property=\"og:description\" content=\"GestiPop Gestion des pathologies des personnes Pathologies \u00c9laboration et suivi des pathologies de votre population. Bilan et analyse des pathologie. Calcul et exportation Calcul du PMP par multi-filtrage (population, date pathologie et autres). Exportation xml de votre etudes sous diff\u00e9rents filtres avec impression de fiche individuelle pour transmission aux tutelles. Besoins D\u00e9termination des besoins en [&hellip;]\" \/>\n<meta property=\"og:url\" content=\"https:\/\/kiwo.fr\/index.php\/gestipop\/\" \/>\n<meta property=\"og:site_name\" content=\"Kiwo\" \/>\n<meta property=\"article:modified_time\" content=\"2024-07-09T15:49:23+00:00\" \/>\n<meta property=\"og:image\" content=\"http:\/\/kiwo.fr\/wp-content\/uploads\/2024\/06\/GestiPop.png\" \/>\n<meta name=\"twitter:card\" content=\"summary_large_image\" \/>\n<meta name=\"twitter:label1\" content=\"Est. reading time\" \/>\n\t<meta name=\"twitter:data1\" content=\"1 minute\" \/>\n<script type=\"application\/ld+json\" class=\"yoast-schema-graph\">{\"@context\":\"https:\/\/schema.org\",\"@graph\":[{\"@type\":\"WebPage\",\"@id\":\"https:\/\/kiwo.fr\/index.php\/gestipop\/\",\"url\":\"https:\/\/kiwo.fr\/index.php\/gestipop\/\",\"name\":\"GestiPop - Kiwo\",\"isPartOf\":{\"@id\":\"http:\/\/kiwo.fr\/#website\"},\"primaryImageOfPage\":{\"@id\":\"https:\/\/kiwo.fr\/index.php\/gestipop\/#primaryimage\"},\"image\":{\"@id\":\"https:\/\/kiwo.fr\/index.php\/gestipop\/#primaryimage\"},\"thumbnailUrl\":\"http:\/\/kiwo.fr\/wp-content\/uploads\/2024\/06\/GestiPop.png\",\"datePublished\":\"2024-06-28T16:06:06+00:00\",\"dateModified\":\"2024-07-09T15:49:23+00:00\",\"breadcrumb\":{\"@id\":\"https:\/\/kiwo.fr\/index.php\/gestipop\/#breadcrumb\"},\"inLanguage\":\"en-US\",\"potentialAction\":[{\"@type\":\"ReadAction\",\"target\":[\"https:\/\/kiwo.fr\/index.php\/gestipop\/\"]}]},{\"@type\":\"ImageObject\",\"inLanguage\":\"en-US\",\"@id\":\"https:\/\/kiwo.fr\/index.php\/gestipop\/#primaryimage\",\"url\":\"https:\/\/kiwo.fr\/wp-content\/uploads\/2024\/06\/GestiPop.png\",\"contentUrl\":\"https:\/\/kiwo.fr\/wp-content\/uploads\/2024\/06\/GestiPop.png\",\"width\":512,\"height\":512},{\"@type\":\"BreadcrumbList\",\"@id\":\"https:\/\/kiwo.fr\/index.php\/gestipop\/#breadcrumb\",\"itemListElement\":[{\"@type\":\"ListItem\",\"position\":1,\"name\":\"Accueil\",\"item\":\"http:\/\/kiwo.fr\/\"},{\"@type\":\"ListItem\",\"position\":2,\"name\":\"GestiPop\"}]},{\"@type\":\"WebSite\",\"@id\":\"http:\/\/kiwo.fr\/#website\",\"url\":\"http:\/\/kiwo.fr\/\",\"name\":\"Kiwo\",\"description\":\"Accompagnement et logiciels dans la gestion de vos \u00e9tablissements m\u00e9dico-social\",\"publisher\":{\"@id\":\"http:\/\/kiwo.fr\/#organization\"},\"potentialAction\":[{\"@type\":\"SearchAction\",\"target\":{\"@type\":\"EntryPoint\",\"urlTemplate\":\"http:\/\/kiwo.fr\/?s={search_term_string}\"},\"query-input\":{\"@type\":\"PropertyValueSpecification\",\"valueRequired\":true,\"valueName\":\"search_term_string\"}}],\"inLanguage\":\"en-US\"},{\"@type\":\"Organization\",\"@id\":\"http:\/\/kiwo.fr\/#organization\",\"name\":\"Kiwo\",\"url\":\"http:\/\/kiwo.fr\/\",\"logo\":{\"@type\":\"ImageObject\",\"inLanguage\":\"en-US\",\"@id\":\"http:\/\/kiwo.fr\/#\/schema\/logo\/image\/\",\"url\":\"https:\/\/kiwo.fr\/wp-content\/uploads\/2024\/08\/cropped-kiwo-logo-2.png\",\"contentUrl\":\"https:\/\/kiwo.fr\/wp-content\/uploads\/2024\/08\/cropped-kiwo-logo-2.png\",\"width\":547,\"height\":150,\"caption\":\"Kiwo\"},\"image\":{\"@id\":\"http:\/\/kiwo.fr\/#\/schema\/logo\/image\/\"}}]}<\/script>\n<!-- \/ Yoast SEO plugin. -->","yoast_head_json":{"title":"GestiPop - Kiwo","robots":{"index":"index","follow":"follow","max-snippet":"max-snippet:-1","max-image-preview":"max-image-preview:large","max-video-preview":"max-video-preview:-1"},"canonical":"https:\/\/kiwo.fr\/index.php\/gestipop\/","og_locale":"en_US","og_type":"article","og_title":"GestiPop - Kiwo","og_description":"GestiPop Gestion des pathologies des personnes Pathologies \u00c9laboration et suivi des pathologies de votre population. Bilan et analyse des pathologie. Calcul et exportation Calcul du PMP par multi-filtrage (population, date pathologie et autres). Exportation xml de votre etudes sous diff\u00e9rents filtres avec impression de fiche individuelle pour transmission aux tutelles. Besoins D\u00e9termination des besoins en [&hellip;]","og_url":"https:\/\/kiwo.fr\/index.php\/gestipop\/","og_site_name":"Kiwo","article_modified_time":"2024-07-09T15:49:23+00:00","og_image":[{"url":"http:\/\/kiwo.fr\/wp-content\/uploads\/2024\/06\/GestiPop.png"}],"twitter_card":"summary_large_image","twitter_misc":{"Est. reading time":"1 minute"},"schema":{"@context":"https:\/\/schema.org","@graph":[{"@type":"WebPage","@id":"https:\/\/kiwo.fr\/index.php\/gestipop\/","url":"https:\/\/kiwo.fr\/index.php\/gestipop\/","name":"GestiPop - Kiwo","isPartOf":{"@id":"http:\/\/kiwo.fr\/#website"},"primaryImageOfPage":{"@id":"https:\/\/kiwo.fr\/index.php\/gestipop\/#primaryimage"},"image":{"@id":"https:\/\/kiwo.fr\/index.php\/gestipop\/#primaryimage"},"thumbnailUrl":"http:\/\/kiwo.fr\/wp-content\/uploads\/2024\/06\/GestiPop.png","datePublished":"2024-06-28T16:06:06+00:00","dateModified":"2024-07-09T15:49:23+00:00","breadcrumb":{"@id":"https:\/\/kiwo.fr\/index.php\/gestipop\/#breadcrumb"},"inLanguage":"en-US","potentialAction":[{"@type":"ReadAction","target":["https:\/\/kiwo.fr\/index.php\/gestipop\/"]}]},{"@type":"ImageObject","inLanguage":"en-US","@id":"https:\/\/kiwo.fr\/index.php\/gestipop\/#primaryimage","url":"https:\/\/kiwo.fr\/wp-content\/uploads\/2024\/06\/GestiPop.png","contentUrl":"https:\/\/kiwo.fr\/wp-content\/uploads\/2024\/06\/GestiPop.png","width":512,"height":512},{"@type":"BreadcrumbList","@id":"https:\/\/kiwo.fr\/index.php\/gestipop\/#breadcrumb","itemListElement":[{"@type":"ListItem","position":1,"name":"Accueil","item":"http:\/\/kiwo.fr\/"},{"@type":"ListItem","position":2,"name":"GestiPop"}]},{"@type":"WebSite","@id":"http:\/\/kiwo.fr\/#website","url":"http:\/\/kiwo.fr\/","name":"Kiwo","description":"Accompagnement et logiciels dans la gestion de vos \u00e9tablissements m\u00e9dico-social","publisher":{"@id":"http:\/\/kiwo.fr\/#organization"},"potentialAction":[{"@type":"SearchAction","target":{"@type":"EntryPoint","urlTemplate":"http:\/\/kiwo.fr\/?s={search_term_string}"},"query-input":{"@type":"PropertyValueSpecification","valueRequired":true,"valueName":"search_term_string"}}],"inLanguage":"en-US"},{"@type":"Organization","@id":"http:\/\/kiwo.fr\/#organization","name":"Kiwo","url":"http:\/\/kiwo.fr\/","logo":{"@type":"ImageObject","inLanguage":"en-US","@id":"http:\/\/kiwo.fr\/#\/schema\/logo\/image\/","url":"https:\/\/kiwo.fr\/wp-content\/uploads\/2024\/08\/cropped-kiwo-logo-2.png","contentUrl":"https:\/\/kiwo.fr\/wp-content\/uploads\/2024\/08\/cropped-kiwo-logo-2.png","width":547,"height":150,"caption":"Kiwo"},"image":{"@id":"http:\/\/kiwo.fr\/#\/schema\/logo\/image\/"}}]}},"_links":{"self":[{"href":"https:\/\/kiwo.fr\/index.php\/wp-json\/wp\/v2\/pages\/327","targetHints":{"allow":["GET"]}}],"collection":[{"href":"https:\/\/kiwo.fr\/index.php\/wp-json\/wp\/v2\/pages"}],"about":[{"href":"https:\/\/kiwo.fr\/index.php\/wp-json\/wp\/v2\/types\/page"}],"author":[{"embeddable":true,"href":"https:\/\/kiwo.fr\/index.php\/wp-json\/wp\/v2\/users\/1"}],"replies":[{"embeddable":true,"href":"https:\/\/kiwo.fr\/index.php\/wp-json\/wp\/v2\/comments?post=327"}],"version-history":[{"count":13,"href":"https:\/\/kiwo.fr\/index.php\/wp-json\/wp\/v2\/pages\/327\/revisions"}],"predecessor-version":[{"id":658,"href":"https:\/\/kiwo.fr\/index.php\/wp-json\/wp\/v2\/pages\/327\/revisions\/658"}],"wp:attachment":[{"href":"https:\/\/kiwo.fr\/index.php\/wp-json\/wp\/v2\/media?parent=327"}],"curies":[{"name":"wp","href":"https:\/\/api.w.org\/{rel}","templated":true}]}}