{"id":369,"date":"2024-07-01T18:00:16","date_gmt":"2024-07-01T16:00:16","guid":{"rendered":"https:\/\/kiwo.fr\/?page_id=369"},"modified":"2024-07-02T17:31:05","modified_gmt":"2024-07-02T15:31:05","slug":"gamme-qualite","status":"publish","type":"page","link":"https:\/\/kiwo.fr\/index.php\/gamme-qualite\/","title":{"rendered":"Gamme Qualit\u00e9"},"content":{"rendered":"\t\t<div data-elementor-type=\"wp-page\" data-elementor-id=\"369\" class=\"elementor elementor-369\">\n\t\t\t\t<div class=\"elementor-element elementor-element-15be006e e-con-full e-flex e-con e-parent\" data-id=\"15be006e\" data-element_type=\"container\" data-settings=\"{&quot;background_background&quot;:&quot;classic&quot;}\">\n\t\t<div class=\"elementor-element elementor-element-20e3e2fe e-con-full e-flex e-con e-child\" data-id=\"20e3e2fe\" data-element_type=\"container\">\n\t\t\t\t<div class=\"elementor-element elementor-element-3de4181d elementor-widget elementor-widget-heading\" data-id=\"3de4181d\" data-element_type=\"widget\" data-widget_type=\"heading.default\">\n\t\t\t\t<div class=\"elementor-widget-container\">\n\t\t\t<h1 class=\"elementor-heading-title elementor-size-default\">Logiciels Qualit\u00e9<\/h1>\t\t<\/div>\n\t\t\t\t<\/div>\n\t\t\t\t<div class=\"elementor-element elementor-element-451181bf elementor-widget elementor-widget-text-editor\" data-id=\"451181bf\" data-element_type=\"widget\" data-widget_type=\"text-editor.default\">\n\t\t\t\t<div class=\"elementor-widget-container\">\n\t\t\t\t\t\t\t<p>Liste de nos logiciels qualit\u00e9s pour les \u00e9tablissements m\u00e9dico-sociaux.<\/p>\t\t\t\t\t\t<\/div>\n\t\t\t\t<\/div>\n\t\t\t\t<\/div>\n\t\t<div class=\"elementor-element elementor-element-5d36b508 e-con-full e-flex e-con e-child\" data-id=\"5d36b508\" data-element_type=\"container\">\n\t\t\t\t<div class=\"elementor-element elementor-element-3cacde72 elementor-widget elementor-widget-image\" data-id=\"3cacde72\" data-element_type=\"widget\" data-widget_type=\"image.default\">\n\t\t\t\t<div class=\"elementor-widget-container\">\n\t\t\t\t\t\t\t\t\t\t\t\t\t<img fetchpriority=\"high\" decoding=\"async\" width=\"512\" height=\"512\" src=\"https:\/\/kiwo.fr\/wp-content\/uploads\/2024\/06\/G-Qualite.png\" class=\"attachment-large size-large wp-image-88\" alt=\"\" srcset=\"https:\/\/kiwo.fr\/wp-content\/uploads\/2024\/06\/G-Qualite.png 512w, https:\/\/kiwo.fr\/wp-content\/uploads\/2024\/06\/G-Qualite-300x300.png 300w, https:\/\/kiwo.fr\/wp-content\/uploads\/2024\/06\/G-Qualite-150x150.png 150w\" sizes=\"(max-width: 512px) 100vw, 512px\" \/>\t\t\t\t\t\t\t\t\t\t\t\t\t<\/div>\n\t\t\t\t<\/div>\n\t\t\t\t<\/div>\n\t\t\t\t<\/div>\n\t\t<div class=\"elementor-element elementor-element-21ef9e3 e-con-full e-flex e-con e-parent\" data-id=\"21ef9e3\" data-element_type=\"container\" id=\"next\">\n\t\t\t\t<div class=\"elementor-element elementor-element-4032d130 elementor-widget elementor-widget-heading\" data-id=\"4032d130\" data-element_type=\"widget\" data-widget_type=\"heading.default\">\n\t\t\t\t<div class=\"elementor-widget-container\">\n\t\t\t<h3 class=\"elementor-heading-title elementor-size-default\">Logiciels<\/h3>\t\t<\/div>\n\t\t\t\t<\/div>\n\t\t\t\t<div class=\"elementor-element elementor-element-6f2add57 elementor-widget elementor-widget-heading\" data-id=\"6f2add57\" data-element_type=\"widget\" data-widget_type=\"heading.default\">\n\t\t\t\t<div class=\"elementor-widget-container\">\n\t\t\t<p class=\"elementor-heading-title elementor-size-default\">Principaux logiciels administratifs<\/p>\t\t<\/div>\n\t\t\t\t<\/div>\n\t\t<div class=\"elementor-element elementor-element-5c912dd7 e-con-full e-flex e-con e-child\" data-id=\"5c912dd7\" data-element_type=\"container\">\n\t\t<div class=\"elementor-element elementor-element-1439aa71 e-con-full e-flex e-con e-child\" data-id=\"1439aa71\" data-element_type=\"container\">\n\t\t\t\t<div class=\"elementor-element elementor-element-79e3411d elementor-position-top elementor-widget elementor-widget-image-box\" data-id=\"79e3411d\" data-element_type=\"widget\" data-widget_type=\"image-box.default\">\n\t\t\t\t<div class=\"elementor-widget-container\">\n\t\t\t<div class=\"elementor-image-box-wrapper\"><figure class=\"elementor-image-box-img\"><a href=\"https:\/\/kiwo.fr\/index.php\/kalivie\/\" tabindex=\"-1\"><img decoding=\"async\" width=\"512\" height=\"512\" src=\"https:\/\/kiwo.fr\/wp-content\/uploads\/2024\/07\/kalivie.png\" class=\"elementor-animation-grow attachment-full size-full wp-image-382\" alt=\"\" srcset=\"https:\/\/kiwo.fr\/wp-content\/uploads\/2024\/07\/kalivie.png 512w, https:\/\/kiwo.fr\/wp-content\/uploads\/2024\/07\/kalivie-300x300.png 300w, https:\/\/kiwo.fr\/wp-content\/uploads\/2024\/07\/kalivie-150x150.png 150w\" sizes=\"(max-width: 512px) 100vw, 512px\" \/><\/a><\/figure><div class=\"elementor-image-box-content\"><h4 class=\"elementor-image-box-title\"><a href=\"https:\/\/kiwo.fr\/index.php\/kalivie\/\">Kalivie<\/a><\/h4><p class=\"elementor-image-box-description\">D\u00e9marche qualit\u00e9 globale et compl\u00e8te de l\u2019\u00e9valuation de la situation jusqu\u2019aux plans d\u2019actions pr\u00e9visionnels.<\/p><\/div><\/div>\t\t<\/div>\n\t\t\t\t<\/div>\n\t\t\t\t<\/div>\n\t\t<div class=\"elementor-element elementor-element-6cab6352 e-con-full e-flex e-con e-child\" data-id=\"6cab6352\" data-element_type=\"container\">\n\t\t\t\t<div class=\"elementor-element elementor-element-77997050 elementor-position-top elementor-widget elementor-widget-image-box\" data-id=\"77997050\" data-element_type=\"widget\" data-widget_type=\"image-box.default\">\n\t\t\t\t<div class=\"elementor-widget-container\">\n\t\t\t<div class=\"elementor-image-box-wrapper\"><figure class=\"elementor-image-box-img\"><a href=\"https:\/\/kiwo.fr\/index.php\/kalirisques\/\" tabindex=\"-1\"><img decoding=\"async\" width=\"512\" height=\"512\" src=\"https:\/\/kiwo.fr\/wp-content\/uploads\/2024\/07\/KaliRisques.png\" class=\"elementor-animation-grow attachment-full size-full wp-image-381\" alt=\"\" srcset=\"https:\/\/kiwo.fr\/wp-content\/uploads\/2024\/07\/KaliRisques.png 512w, https:\/\/kiwo.fr\/wp-content\/uploads\/2024\/07\/KaliRisques-300x300.png 300w, https:\/\/kiwo.fr\/wp-content\/uploads\/2024\/07\/KaliRisques-150x150.png 150w\" sizes=\"(max-width: 512px) 100vw, 512px\" \/><\/a><\/figure><div class=\"elementor-image-box-content\"><h4 class=\"elementor-image-box-title\"><a href=\"https:\/\/kiwo.fr\/index.php\/kalirisques\/\">KaliRisques<\/a><\/h4><p class=\"elementor-image-box-description\">Gestion des risques professionnels avec phase d\u2019\u00e9valuation suivie d\u2019une d\u00e9marche d\u2019actions d\u2019am\u00e9lioration.<\/p><\/div><\/div>\t\t<\/div>\n\t\t\t\t<\/div>\n\t\t\t\t<\/div>\n\t\t<div class=\"elementor-element elementor-element-329a27c5 e-con-full e-flex e-con e-child\" data-id=\"329a27c5\" data-element_type=\"container\">\n\t\t\t\t<div class=\"elementor-element elementor-element-7781aa47 elementor-position-top elementor-widget elementor-widget-image-box\" data-id=\"7781aa47\" data-element_type=\"widget\" data-widget_type=\"image-box.default\">\n\t\t\t\t<div class=\"elementor-widget-container\">\n\t\t\t<div class=\"elementor-image-box-wrapper\"><figure class=\"elementor-image-box-img\"><a href=\"https:\/\/kiwo.fr\/index.php\/kaliprotocole\/\" tabindex=\"-1\"><img loading=\"lazy\" decoding=\"async\" width=\"512\" height=\"512\" src=\"https:\/\/kiwo.fr\/wp-content\/uploads\/2024\/07\/KALIProtocole.png\" class=\"elementor-animation-grow attachment-full size-full wp-image-379\" alt=\"\" srcset=\"https:\/\/kiwo.fr\/wp-content\/uploads\/2024\/07\/KALIProtocole.png 512w, https:\/\/kiwo.fr\/wp-content\/uploads\/2024\/07\/KALIProtocole-300x300.png 300w, https:\/\/kiwo.fr\/wp-content\/uploads\/2024\/07\/KALIProtocole-150x150.png 150w\" sizes=\"(max-width: 512px) 100vw, 512px\" \/><\/a><\/figure><div class=\"elementor-image-box-content\"><h4 class=\"elementor-image-box-title\"><a href=\"https:\/\/kiwo.fr\/index.php\/kaliprotocole\/\">KaliProtocole<\/a><\/h4><p class=\"elementor-image-box-description\">Cr\u00e9ation et suivi des protocoles et proc\u00e9dures en usage.<\/p><\/div><\/div>\t\t<\/div>\n\t\t\t\t<\/div>\n\t\t\t\t<\/div>\n\t\t\t\t<\/div>\n\t\t\t\t<\/div>\n\t\t<div class=\"elementor-element elementor-element-e2f0ad9 e-flex e-con-boxed e-con e-parent\" data-id=\"e2f0ad9\" data-element_type=\"container\">\n\t\t\t\t\t<div class=\"e-con-inner\">\n\t\t<div class=\"elementor-element elementor-element-5ca92a8a e-con-full e-flex e-con e-child\" data-id=\"5ca92a8a\" data-element_type=\"container\">\n\t\t<div class=\"elementor-element elementor-element-2a6728f0 e-con-full e-flex e-con e-child\" data-id=\"2a6728f0\" data-element_type=\"container\">\n\t\t\t\t<div class=\"elementor-element elementor-element-7298978a elementor-widget elementor-widget-image\" data-id=\"7298978a\" data-element_type=\"widget\" data-widget_type=\"image.default\">\n\t\t\t\t<div class=\"elementor-widget-container\">\n\t\t\t\t\t\t\t\t\t\t\t\t\t\t<a href=\"https:\/\/kiwo.fr\/index.php\/autres-logiciels-qualite\/\">\n\t\t\t\t\t\t\t<img loading=\"lazy\" decoding=\"async\" width=\"300\" height=\"300\" src=\"https:\/\/kiwo.fr\/wp-content\/uploads\/2024\/07\/KaliDARI-300x300.png\" class=\"attachment-medium size-medium wp-image-377\" alt=\"\" srcset=\"https:\/\/kiwo.fr\/wp-content\/uploads\/2024\/07\/KaliDARI-300x300.png 300w, https:\/\/kiwo.fr\/wp-content\/uploads\/2024\/07\/KaliDARI-150x150.png 150w, https:\/\/kiwo.fr\/wp-content\/uploads\/2024\/07\/KaliDARI.png 512w\" sizes=\"(max-width: 300px) 100vw, 300px\" \/>\t\t\t\t\t\t\t\t<\/a>\n\t\t\t\t\t\t\t\t\t\t\t\t\t<\/div>\n\t\t\t\t<\/div>\n\t\t\t\t<\/div>\n\t\t<div class=\"elementor-element elementor-element-aa453a3 e-con-full e-flex e-con e-child\" data-id=\"aa453a3\" data-element_type=\"container\">\n\t\t\t\t<div class=\"elementor-element elementor-element-4f8a2b10 elementor-widget elementor-widget-image\" data-id=\"4f8a2b10\" data-element_type=\"widget\" data-widget_type=\"image.default\">\n\t\t\t\t<div class=\"elementor-widget-container\">\n\t\t\t\t\t\t\t\t\t\t\t\t\t\t<a href=\"https:\/\/kiwo.fr\/index.php\/autres-logiciels-qualite\/\">\n\t\t\t\t\t\t\t<img loading=\"lazy\" decoding=\"async\" width=\"300\" height=\"300\" src=\"https:\/\/kiwo.fr\/wp-content\/uploads\/2024\/07\/KaliReclamation-300x300.png\" class=\"attachment-medium size-medium wp-image-380\" alt=\"\" srcset=\"https:\/\/kiwo.fr\/wp-content\/uploads\/2024\/07\/KaliReclamation-300x300.png 300w, https:\/\/kiwo.fr\/wp-content\/uploads\/2024\/07\/KaliReclamation-150x150.png 150w, https:\/\/kiwo.fr\/wp-content\/uploads\/2024\/07\/KaliReclamation.png 512w\" sizes=\"(max-width: 300px) 100vw, 300px\" \/>\t\t\t\t\t\t\t\t<\/a>\n\t\t\t\t\t\t\t\t\t\t\t\t\t<\/div>\n\t\t\t\t<\/div>\n\t\t\t\t<div class=\"elementor-element elementor-element-efa2b54 elementor-widget elementor-widget-image\" data-id=\"efa2b54\" data-element_type=\"widget\" data-widget_type=\"image.default\">\n\t\t\t\t<div class=\"elementor-widget-container\">\n\t\t\t\t\t\t\t\t\t\t\t\t\t\t<a href=\"https:\/\/kiwo.fr\/index.php\/autres-logiciels-qualite\/\">\n\t\t\t\t\t\t\t<img loading=\"lazy\" decoding=\"async\" width=\"300\" height=\"300\" src=\"https:\/\/kiwo.fr\/wp-content\/uploads\/2024\/07\/KaliEi-300x300.png\" class=\"attachment-medium size-medium wp-image-378\" alt=\"\" srcset=\"https:\/\/kiwo.fr\/wp-content\/uploads\/2024\/07\/KaliEi-300x300.png 300w, https:\/\/kiwo.fr\/wp-content\/uploads\/2024\/07\/KaliEi-150x150.png 150w, https:\/\/kiwo.fr\/wp-content\/uploads\/2024\/07\/KaliEi.png 512w\" sizes=\"(max-width: 300px) 100vw, 300px\" \/>\t\t\t\t\t\t\t\t<\/a>\n\t\t\t\t\t\t\t\t\t\t\t\t\t<\/div>\n\t\t\t\t<\/div>\n\t\t\t\t<\/div>\n\t\t\t\t<\/div>\n\t\t<div class=\"elementor-element elementor-element-5a4500cb e-con-full e-flex e-con e-child\" data-id=\"5a4500cb\" data-element_type=\"container\">\n\t\t\t\t<div class=\"elementor-element elementor-element-4bdc39be elementor-widget elementor-widget-heading\" data-id=\"4bdc39be\" data-element_type=\"widget\" data-widget_type=\"heading.default\">\n\t\t\t\t<div class=\"elementor-widget-container\">\n\t\t\t<h3 class=\"elementor-heading-title elementor-size-default\">Autres logiciels<\/h3>\t\t<\/div>\n\t\t\t\t<\/div>\n\t\t\t\t<div class=\"elementor-element elementor-element-7515c3fa elementor-widget elementor-widget-text-editor\" data-id=\"7515c3fa\" data-element_type=\"widget\" data-widget_type=\"text-editor.default\">\n\t\t\t\t<div class=\"elementor-widget-container\">\n\t\t\t\t\t\t\t<p>Decouvrez nos autres logiciels de la gamme.<\/p>\t\t\t\t\t\t<\/div>\n\t\t\t\t<\/div>\n\t\t\t\t<div class=\"elementor-element elementor-element-b1ad31c elementor-mobile-align-center elementor-invisible elementor-widget elementor-widget-button\" data-id=\"b1ad31c\" data-element_type=\"widget\" data-settings=\"{&quot;_animation&quot;:&quot;fadeInDown&quot;}\" data-widget_type=\"button.default\">\n\t\t\t\t<div class=\"elementor-widget-container\">\n\t\t\t\t\t\t\t<div class=\"elementor-button-wrapper\">\n\t\t\t\t\t<a class=\"elementor-button elementor-button-link elementor-size-sm\" href=\"https:\/\/kiwo.fr\/index.php\/autres-logiciels-qualite\/\">\n\t\t\t\t\t\t<span class=\"elementor-button-content-wrapper\">\n\t\t\t\t\t\t\t\t\t<span class=\"elementor-button-text\">En savoir plus<\/span>\n\t\t\t\t\t<\/span>\n\t\t\t\t\t<\/a>\n\t\t\t\t<\/div>\n\t\t\t\t\t\t<\/div>\n\t\t\t\t<\/div>\n\t\t\t\t<\/div>\n\t\t\t\t\t<\/div>\n\t\t\t\t<\/div>\n\t\t\t\t<\/div>\n\t\t","protected":false},"excerpt":{"rendered":"<p>Logiciels Qualit\u00e9 Liste de nos logiciels qualit\u00e9s pour les \u00e9tablissements m\u00e9dico-sociaux. Logiciels Principaux logiciels administratifs Kalivie D\u00e9marche qualit\u00e9 globale et compl\u00e8te de l\u2019\u00e9valuation de la situation jusqu\u2019aux plans d\u2019actions pr\u00e9visionnels. KaliRisques Gestion des risques professionnels avec phase d\u2019\u00e9valuation suivie d\u2019une d\u00e9marche d\u2019actions d\u2019am\u00e9lioration. KaliProtocole Cr\u00e9ation et suivi des protocoles et proc\u00e9dures en usage. Autres logiciels [&hellip;]<\/p>\n","protected":false},"author":1,"featured_media":0,"parent":0,"menu_order":0,"comment_status":"closed","ping_status":"closed","template":"","meta":{"footnotes":""},"class_list":["post-369","page","type-page","status-publish","hentry","entry"],"yoast_head":"<!-- This site is optimized with the Yoast SEO plugin v23.7 - https:\/\/yoast.com\/wordpress\/plugins\/seo\/ -->\n<title>Gamme Qualit\u00e9 - Kiwo<\/title>\n<meta name=\"robots\" content=\"index, follow, max-snippet:-1, max-image-preview:large, max-video-preview:-1\" \/>\n<link rel=\"canonical\" href=\"http:\/\/kiwo.fr\/index.php\/gamme-qualite\/\" \/>\n<meta property=\"og:locale\" content=\"en_US\" \/>\n<meta property=\"og:type\" content=\"article\" \/>\n<meta property=\"og:title\" content=\"Gamme Qualit\u00e9 - Kiwo\" \/>\n<meta property=\"og:description\" content=\"Logiciels Qualit\u00e9 Liste de nos logiciels qualit\u00e9s pour les \u00e9tablissements m\u00e9dico-sociaux. Logiciels Principaux logiciels administratifs Kalivie D\u00e9marche qualit\u00e9 globale et compl\u00e8te de l\u2019\u00e9valuation de la situation jusqu\u2019aux plans d\u2019actions pr\u00e9visionnels. KaliRisques Gestion des risques professionnels avec phase d\u2019\u00e9valuation suivie d\u2019une d\u00e9marche d\u2019actions d\u2019am\u00e9lioration. KaliProtocole Cr\u00e9ation et suivi des protocoles et proc\u00e9dures en usage. Autres logiciels [&hellip;]\" \/>\n<meta property=\"og:url\" content=\"http:\/\/kiwo.fr\/index.php\/gamme-qualite\/\" \/>\n<meta property=\"og:site_name\" content=\"Kiwo\" \/>\n<meta property=\"article:modified_time\" content=\"2024-07-02T15:31:05+00:00\" \/>\n<meta property=\"og:image\" content=\"http:\/\/kiwo.fr\/wp-content\/uploads\/2024\/06\/G-Qualite.png\" \/>\n<meta name=\"twitter:card\" content=\"summary_large_image\" \/>\n<script type=\"application\/ld+json\" class=\"yoast-schema-graph\">{\"@context\":\"https:\/\/schema.org\",\"@graph\":[{\"@type\":\"WebPage\",\"@id\":\"http:\/\/kiwo.fr\/index.php\/gamme-qualite\/\",\"url\":\"http:\/\/kiwo.fr\/index.php\/gamme-qualite\/\",\"name\":\"Gamme Qualit\u00e9 - Kiwo\",\"isPartOf\":{\"@id\":\"http:\/\/kiwo.fr\/#website\"},\"primaryImageOfPage\":{\"@id\":\"http:\/\/kiwo.fr\/index.php\/gamme-qualite\/#primaryimage\"},\"image\":{\"@id\":\"http:\/\/kiwo.fr\/index.php\/gamme-qualite\/#primaryimage\"},\"thumbnailUrl\":\"http:\/\/kiwo.fr\/wp-content\/uploads\/2024\/06\/G-Qualite.png\",\"datePublished\":\"2024-07-01T16:00:16+00:00\",\"dateModified\":\"2024-07-02T15:31:05+00:00\",\"breadcrumb\":{\"@id\":\"http:\/\/kiwo.fr\/index.php\/gamme-qualite\/#breadcrumb\"},\"inLanguage\":\"en-US\",\"potentialAction\":[{\"@type\":\"ReadAction\",\"target\":[\"http:\/\/kiwo.fr\/index.php\/gamme-qualite\/\"]}]},{\"@type\":\"ImageObject\",\"inLanguage\":\"en-US\",\"@id\":\"http:\/\/kiwo.fr\/index.php\/gamme-qualite\/#primaryimage\",\"url\":\"https:\/\/kiwo.fr\/wp-content\/uploads\/2024\/06\/G-Qualite.png\",\"contentUrl\":\"https:\/\/kiwo.fr\/wp-content\/uploads\/2024\/06\/G-Qualite.png\",\"width\":512,\"height\":512},{\"@type\":\"BreadcrumbList\",\"@id\":\"http:\/\/kiwo.fr\/index.php\/gamme-qualite\/#breadcrumb\",\"itemListElement\":[{\"@type\":\"ListItem\",\"position\":1,\"name\":\"Accueil\",\"item\":\"http:\/\/kiwo.fr\/\"},{\"@type\":\"ListItem\",\"position\":2,\"name\":\"Gamme Qualit\u00e9\"}]},{\"@type\":\"WebSite\",\"@id\":\"http:\/\/kiwo.fr\/#website\",\"url\":\"http:\/\/kiwo.fr\/\",\"name\":\"Kiwo\",\"description\":\"Accompagnement et logiciels dans la gestion de vos \u00e9tablissements m\u00e9dico-social\",\"publisher\":{\"@id\":\"http:\/\/kiwo.fr\/#organization\"},\"potentialAction\":[{\"@type\":\"SearchAction\",\"target\":{\"@type\":\"EntryPoint\",\"urlTemplate\":\"http:\/\/kiwo.fr\/?s={search_term_string}\"},\"query-input\":{\"@type\":\"PropertyValueSpecification\",\"valueRequired\":true,\"valueName\":\"search_term_string\"}}],\"inLanguage\":\"en-US\"},{\"@type\":\"Organization\",\"@id\":\"http:\/\/kiwo.fr\/#organization\",\"name\":\"Kiwo\",\"url\":\"http:\/\/kiwo.fr\/\",\"logo\":{\"@type\":\"ImageObject\",\"inLanguage\":\"en-US\",\"@id\":\"http:\/\/kiwo.fr\/#\/schema\/logo\/image\/\",\"url\":\"https:\/\/kiwo.fr\/wp-content\/uploads\/2024\/08\/cropped-kiwo-logo-2.png\",\"contentUrl\":\"https:\/\/kiwo.fr\/wp-content\/uploads\/2024\/08\/cropped-kiwo-logo-2.png\",\"width\":547,\"height\":150,\"caption\":\"Kiwo\"},\"image\":{\"@id\":\"http:\/\/kiwo.fr\/#\/schema\/logo\/image\/\"}}]}<\/script>\n<!-- \/ Yoast SEO plugin. -->","yoast_head_json":{"title":"Gamme Qualit\u00e9 - Kiwo","robots":{"index":"index","follow":"follow","max-snippet":"max-snippet:-1","max-image-preview":"max-image-preview:large","max-video-preview":"max-video-preview:-1"},"canonical":"http:\/\/kiwo.fr\/index.php\/gamme-qualite\/","og_locale":"en_US","og_type":"article","og_title":"Gamme Qualit\u00e9 - Kiwo","og_description":"Logiciels Qualit\u00e9 Liste de nos logiciels qualit\u00e9s pour les \u00e9tablissements m\u00e9dico-sociaux. Logiciels Principaux logiciels administratifs Kalivie D\u00e9marche qualit\u00e9 globale et compl\u00e8te de l\u2019\u00e9valuation de la situation jusqu\u2019aux plans d\u2019actions pr\u00e9visionnels. KaliRisques Gestion des risques professionnels avec phase d\u2019\u00e9valuation suivie d\u2019une d\u00e9marche d\u2019actions d\u2019am\u00e9lioration. KaliProtocole Cr\u00e9ation et suivi des protocoles et proc\u00e9dures en usage. Autres logiciels [&hellip;]","og_url":"http:\/\/kiwo.fr\/index.php\/gamme-qualite\/","og_site_name":"Kiwo","article_modified_time":"2024-07-02T15:31:05+00:00","og_image":[{"url":"http:\/\/kiwo.fr\/wp-content\/uploads\/2024\/06\/G-Qualite.png"}],"twitter_card":"summary_large_image","schema":{"@context":"https:\/\/schema.org","@graph":[{"@type":"WebPage","@id":"http:\/\/kiwo.fr\/index.php\/gamme-qualite\/","url":"http:\/\/kiwo.fr\/index.php\/gamme-qualite\/","name":"Gamme Qualit\u00e9 - Kiwo","isPartOf":{"@id":"http:\/\/kiwo.fr\/#website"},"primaryImageOfPage":{"@id":"http:\/\/kiwo.fr\/index.php\/gamme-qualite\/#primaryimage"},"image":{"@id":"http:\/\/kiwo.fr\/index.php\/gamme-qualite\/#primaryimage"},"thumbnailUrl":"http:\/\/kiwo.fr\/wp-content\/uploads\/2024\/06\/G-Qualite.png","datePublished":"2024-07-01T16:00:16+00:00","dateModified":"2024-07-02T15:31:05+00:00","breadcrumb":{"@id":"http:\/\/kiwo.fr\/index.php\/gamme-qualite\/#breadcrumb"},"inLanguage":"en-US","potentialAction":[{"@type":"ReadAction","target":["http:\/\/kiwo.fr\/index.php\/gamme-qualite\/"]}]},{"@type":"ImageObject","inLanguage":"en-US","@id":"http:\/\/kiwo.fr\/index.php\/gamme-qualite\/#primaryimage","url":"https:\/\/kiwo.fr\/wp-content\/uploads\/2024\/06\/G-Qualite.png","contentUrl":"https:\/\/kiwo.fr\/wp-content\/uploads\/2024\/06\/G-Qualite.png","width":512,"height":512},{"@type":"BreadcrumbList","@id":"http:\/\/kiwo.fr\/index.php\/gamme-qualite\/#breadcrumb","itemListElement":[{"@type":"ListItem","position":1,"name":"Accueil","item":"http:\/\/kiwo.fr\/"},{"@type":"ListItem","position":2,"name":"Gamme Qualit\u00e9"}]},{"@type":"WebSite","@id":"http:\/\/kiwo.fr\/#website","url":"http:\/\/kiwo.fr\/","name":"Kiwo","description":"Accompagnement et logiciels dans la gestion de vos \u00e9tablissements m\u00e9dico-social","publisher":{"@id":"http:\/\/kiwo.fr\/#organization"},"potentialAction":[{"@type":"SearchAction","target":{"@type":"EntryPoint","urlTemplate":"http:\/\/kiwo.fr\/?s={search_term_string}"},"query-input":{"@type":"PropertyValueSpecification","valueRequired":true,"valueName":"search_term_string"}}],"inLanguage":"en-US"},{"@type":"Organization","@id":"http:\/\/kiwo.fr\/#organization","name":"Kiwo","url":"http:\/\/kiwo.fr\/","logo":{"@type":"ImageObject","inLanguage":"en-US","@id":"http:\/\/kiwo.fr\/#\/schema\/logo\/image\/","url":"https:\/\/kiwo.fr\/wp-content\/uploads\/2024\/08\/cropped-kiwo-logo-2.png","contentUrl":"https:\/\/kiwo.fr\/wp-content\/uploads\/2024\/08\/cropped-kiwo-logo-2.png","width":547,"height":150,"caption":"Kiwo"},"image":{"@id":"http:\/\/kiwo.fr\/#\/schema\/logo\/image\/"}}]}},"_links":{"self":[{"href":"https:\/\/kiwo.fr\/index.php\/wp-json\/wp\/v2\/pages\/369","targetHints":{"allow":["GET"]}}],"collection":[{"href":"https:\/\/kiwo.fr\/index.php\/wp-json\/wp\/v2\/pages"}],"about":[{"href":"https:\/\/kiwo.fr\/index.php\/wp-json\/wp\/v2\/types\/page"}],"author":[{"embeddable":true,"href":"https:\/\/kiwo.fr\/index.php\/wp-json\/wp\/v2\/users\/1"}],"replies":[{"embeddable":true,"href":"https:\/\/kiwo.fr\/index.php\/wp-json\/wp\/v2\/comments?post=369"}],"version-history":[{"count":10,"href":"https:\/\/kiwo.fr\/index.php\/wp-json\/wp\/v2\/pages\/369\/revisions"}],"predecessor-version":[{"id":419,"href":"https:\/\/kiwo.fr\/index.php\/wp-json\/wp\/v2\/pages\/369\/revisions\/419"}],"wp:attachment":[{"href":"https:\/\/kiwo.fr\/index.php\/wp-json\/wp\/v2\/media?parent=369"}],"curies":[{"name":"wp","href":"https:\/\/api.w.org\/{rel}","templated":true}]}}