{"id":471,"date":"2024-07-05T09:42:35","date_gmt":"2024-07-05T07:42:35","guid":{"rendered":"https:\/\/kiwo.fr\/?page_id=471"},"modified":"2024-07-05T10:59:11","modified_gmt":"2024-07-05T08:59:11","slug":"kalimenu","status":"publish","type":"page","link":"https:\/\/kiwo.fr\/index.php\/kalimenu\/","title":{"rendered":"KaliMenu"},"content":{"rendered":"\t\t<div data-elementor-type=\"wp-page\" data-elementor-id=\"471\" class=\"elementor elementor-471\">\n\t\t\t\t<div class=\"elementor-element elementor-element-1118009a e-con-full e-flex e-con e-parent\" data-id=\"1118009a\" data-element_type=\"container\" data-settings=\"{&quot;background_background&quot;:&quot;classic&quot;}\">\n\t\t<div class=\"elementor-element elementor-element-59b52685 e-con-full e-flex e-con e-child\" data-id=\"59b52685\" data-element_type=\"container\">\n\t\t\t\t<div class=\"elementor-element elementor-element-5bc3fae6 elementor-widget elementor-widget-image\" data-id=\"5bc3fae6\" data-element_type=\"widget\" data-widget_type=\"image.default\">\n\t\t\t\t<div class=\"elementor-widget-container\">\n\t\t\t\t\t\t\t\t\t\t\t\t\t<img fetchpriority=\"high\" decoding=\"async\" width=\"512\" height=\"512\" src=\"https:\/\/kiwo.fr\/wp-content\/uploads\/2024\/07\/Kalimenu.png\" class=\"attachment-large size-large wp-image-448\" alt=\"\" srcset=\"https:\/\/kiwo.fr\/wp-content\/uploads\/2024\/07\/Kalimenu.png 512w, https:\/\/kiwo.fr\/wp-content\/uploads\/2024\/07\/Kalimenu-300x300.png 300w, https:\/\/kiwo.fr\/wp-content\/uploads\/2024\/07\/Kalimenu-150x150.png 150w\" sizes=\"(max-width: 512px) 100vw, 512px\" \/>\t\t\t\t\t\t\t\t\t\t\t\t\t<\/div>\n\t\t\t\t<\/div>\n\t\t\t\t<\/div>\n\t\t<div class=\"elementor-element elementor-element-28e4cda1 e-con-full e-flex e-con e-child\" data-id=\"28e4cda1\" data-element_type=\"container\">\n\t\t\t\t<div class=\"elementor-element elementor-element-19646b54 elementor-widget elementor-widget-heading\" data-id=\"19646b54\" data-element_type=\"widget\" data-widget_type=\"heading.default\">\n\t\t\t\t<div class=\"elementor-widget-container\">\n\t\t\t<h1 class=\"elementor-heading-title elementor-size-default\">KaliMenu<\/h1>\t\t<\/div>\n\t\t\t\t<\/div>\n\t\t\t\t<div class=\"elementor-element elementor-element-6325209c elementor-widget elementor-widget-text-editor\" data-id=\"6325209c\" data-element_type=\"widget\" data-widget_type=\"text-editor.default\">\n\t\t\t\t<div class=\"elementor-widget-container\">\n\t\t\t\t\t\t\t<p>Gestion de la commission de menu.<\/p>\t\t\t\t\t\t<\/div>\n\t\t\t\t<\/div>\n\t\t\t\t<\/div>\n\t\t\t\t<\/div>\n\t\t<div class=\"elementor-element elementor-element-5c9ee180 e-con-full e-flex e-con e-parent\" data-id=\"5c9ee180\" data-element_type=\"container\" data-settings=\"{&quot;background_background&quot;:&quot;classic&quot;}\">\n\t\t<div class=\"elementor-element elementor-element-5e5e92c4 e-con-full e-flex e-con e-child\" data-id=\"5e5e92c4\" data-element_type=\"container\">\n\t\t\t\t<div class=\"elementor-element elementor-element-e779e5a elementor-widget elementor-widget-heading\" data-id=\"e779e5a\" data-element_type=\"widget\" data-widget_type=\"heading.default\">\n\t\t\t\t<div class=\"elementor-widget-container\">\n\t\t\t<h2 class=\"elementor-heading-title elementor-size-default\">Commission<\/h2>\t\t<\/div>\n\t\t\t\t<\/div>\n\t\t\t\t<div class=\"elementor-element elementor-element-6fd19362 elementor-widget elementor-widget-text-editor\" data-id=\"6fd19362\" data-element_type=\"widget\" data-widget_type=\"text-editor.default\">\n\t\t\t\t<div class=\"elementor-widget-container\">\n\t\t\t\t\t\t\t<p>Gestion de la commission de menu avec acc\u00e8s aux menus pr\u00e9c\u00e9dents, menus \u00e0 venir pour cotation de la satisfaction des r\u00e9sidents.<\/p>\t\t\t\t\t\t<\/div>\n\t\t\t\t<\/div>\n\t\t\t\t<\/div>\n\t\t<div class=\"elementor-element elementor-element-1acf9730 e-con-full e-flex e-con e-child\" data-id=\"1acf9730\" data-element_type=\"container\">\n\t\t\t\t<div class=\"elementor-element elementor-element-4c7e46f1 elementor-widget elementor-widget-image\" data-id=\"4c7e46f1\" data-element_type=\"widget\" data-widget_type=\"image.default\">\n\t\t\t\t<div class=\"elementor-widget-container\">\n\t\t\t\t\t\t\t\t\t\t\t\t\t<img decoding=\"async\" width=\"1024\" height=\"684\" src=\"https:\/\/kiwo.fr\/wp-content\/uploads\/2024\/07\/17010-1024x684.jpg\" class=\"attachment-large size-large wp-image-476\" alt=\"\" srcset=\"https:\/\/kiwo.fr\/wp-content\/uploads\/2024\/07\/17010-1024x684.jpg 1024w, https:\/\/kiwo.fr\/wp-content\/uploads\/2024\/07\/17010-300x200.jpg 300w, https:\/\/kiwo.fr\/wp-content\/uploads\/2024\/07\/17010-768x513.jpg 768w, https:\/\/kiwo.fr\/wp-content\/uploads\/2024\/07\/17010-1536x1025.jpg 1536w, https:\/\/kiwo.fr\/wp-content\/uploads\/2024\/07\/17010.jpg 2000w\" sizes=\"(max-width: 1024px) 100vw, 1024px\" \/>\t\t\t\t\t\t\t\t\t\t\t\t\t<\/div>\n\t\t\t\t<\/div>\n\t\t\t\t<\/div>\n\t\t\t\t<\/div>\n\t\t<div class=\"elementor-element elementor-element-66459700 e-con-full e-flex e-con e-parent\" data-id=\"66459700\" data-element_type=\"container\" data-settings=\"{&quot;background_background&quot;:&quot;classic&quot;}\">\n\t\t<div class=\"elementor-element elementor-element-8a66603 e-con-full e-flex e-con e-child\" data-id=\"8a66603\" data-element_type=\"container\">\n\t\t\t\t<div class=\"elementor-element elementor-element-2f6f47a3 elementor-widget elementor-widget-heading\" data-id=\"2f6f47a3\" data-element_type=\"widget\" data-widget_type=\"heading.default\">\n\t\t\t\t<div class=\"elementor-widget-container\">\n\t\t\t<h2 class=\"elementor-heading-title elementor-size-default\">Menus adapt\u00e9s<\/h2>\t\t<\/div>\n\t\t\t\t<\/div>\n\t\t\t\t<div class=\"elementor-element elementor-element-310c772c elementor-widget elementor-widget-text-editor\" data-id=\"310c772c\" data-element_type=\"widget\" data-widget_type=\"text-editor.default\">\n\t\t\t\t<div class=\"elementor-widget-container\">\n\t\t\t\t\t\t\t<p>Adaptation des menus suivants les souhaits des r\u00e9sidents.<br \/>Gestion documentaire des comptes rendus des r\u00e9unions.<\/p>\t\t\t\t\t\t<\/div>\n\t\t\t\t<\/div>\n\t\t\t\t<\/div>\n\t\t<div class=\"elementor-element elementor-element-4f5ed619 e-con-full e-flex e-con e-child\" data-id=\"4f5ed619\" data-element_type=\"container\">\n\t\t\t\t<div class=\"elementor-element elementor-element-efa9f46 elementor-widget elementor-widget-image\" data-id=\"efa9f46\" data-element_type=\"widget\" data-widget_type=\"image.default\">\n\t\t\t\t<div class=\"elementor-widget-container\">\n\t\t\t\t\t\t\t\t\t\t\t\t\t<img decoding=\"async\" width=\"1024\" height=\"684\" src=\"https:\/\/kiwo.fr\/wp-content\/uploads\/2024\/07\/14339-1024x684.jpg\" class=\"attachment-large size-large wp-image-478\" alt=\"\" srcset=\"https:\/\/kiwo.fr\/wp-content\/uploads\/2024\/07\/14339-1024x684.jpg 1024w, https:\/\/kiwo.fr\/wp-content\/uploads\/2024\/07\/14339-300x200.jpg 300w, https:\/\/kiwo.fr\/wp-content\/uploads\/2024\/07\/14339-768x513.jpg 768w, https:\/\/kiwo.fr\/wp-content\/uploads\/2024\/07\/14339-1536x1025.jpg 1536w, https:\/\/kiwo.fr\/wp-content\/uploads\/2024\/07\/14339.jpg 2000w\" sizes=\"(max-width: 1024px) 100vw, 1024px\" \/>\t\t\t\t\t\t\t\t\t\t\t\t\t<\/div>\n\t\t\t\t<\/div>\n\t\t\t\t<\/div>\n\t\t\t\t<\/div>\n\t\t<div class=\"elementor-element elementor-element-63249d7e e-flex e-con-boxed e-con e-parent\" data-id=\"63249d7e\" data-element_type=\"container\" data-settings=\"{&quot;background_background&quot;:&quot;classic&quot;}\">\n\t\t\t\t\t<div class=\"e-con-inner\">\n\t\t\t\t<div class=\"elementor-element elementor-element-160b59c1 elementor-widget elementor-widget-heading\" data-id=\"160b59c1\" data-element_type=\"widget\" data-widget_type=\"heading.default\">\n\t\t\t\t<div class=\"elementor-widget-container\">\n\t\t\t<h3 class=\"elementor-heading-title elementor-size-default\">Vous d\u00e9sirez en savoir plus<\/h3>\t\t<\/div>\n\t\t\t\t<\/div>\n\t\t\t\t<div class=\"elementor-element elementor-element-72cdffd8 elementor-widget elementor-widget-text-editor\" data-id=\"72cdffd8\" data-element_type=\"widget\" data-widget_type=\"text-editor.default\">\n\t\t\t\t<div class=\"elementor-widget-container\">\n\t\t\t\t\t\t\t<p>N\u2019h\u00e9sitez pas \u00e0 nous contacter<\/p>\t\t\t\t\t\t<\/div>\n\t\t\t\t<\/div>\n\t\t\t\t<div class=\"elementor-element elementor-element-2671d9b9 elementor-mobile-align-center elementor-align-center elementor-widget elementor-widget-button\" data-id=\"2671d9b9\" data-element_type=\"widget\" data-widget_type=\"button.default\">\n\t\t\t\t<div class=\"elementor-widget-container\">\n\t\t\t\t\t\t\t<div class=\"elementor-button-wrapper\">\n\t\t\t\t\t<a class=\"elementor-button elementor-button-link elementor-size-sm\" href=\"https:\/\/kiwo.fr\/index.php\/contact\/\">\n\t\t\t\t\t\t<span class=\"elementor-button-content-wrapper\">\n\t\t\t\t\t\t\t\t\t<span class=\"elementor-button-text\">Nous Contacter<\/span>\n\t\t\t\t\t<\/span>\n\t\t\t\t\t<\/a>\n\t\t\t\t<\/div>\n\t\t\t\t\t\t<\/div>\n\t\t\t\t<\/div>\n\t\t\t\t\t<\/div>\n\t\t\t\t<\/div>\n\t\t\t\t<\/div>\n\t\t","protected":false},"excerpt":{"rendered":"<p>KaliMenu Gestion de la commission de menu. Commission Gestion de la commission de menu avec acc\u00e8s aux menus pr\u00e9c\u00e9dents, menus \u00e0 venir pour cotation de la satisfaction des r\u00e9sidents. Menus adapt\u00e9s Adaptation des menus suivants les souhaits des r\u00e9sidents.Gestion documentaire des comptes rendus des r\u00e9unions. Vous d\u00e9sirez en savoir plus N\u2019h\u00e9sitez pas \u00e0 nous contacter [&hellip;]<\/p>\n","protected":false},"author":1,"featured_media":0,"parent":0,"menu_order":0,"comment_status":"closed","ping_status":"closed","template":"","meta":{"footnotes":""},"class_list":["post-471","page","type-page","status-publish","hentry","entry"],"yoast_head":"<!-- This site is optimized with the Yoast SEO plugin v23.7 - https:\/\/yoast.com\/wordpress\/plugins\/seo\/ -->\n<title>KaliMenu - Kiwo<\/title>\n<meta name=\"robots\" content=\"index, follow, max-snippet:-1, max-image-preview:large, max-video-preview:-1\" \/>\n<link rel=\"canonical\" href=\"https:\/\/kiwo.fr\/index.php\/kalimenu\/\" \/>\n<meta property=\"og:locale\" content=\"en_US\" \/>\n<meta property=\"og:type\" content=\"article\" \/>\n<meta property=\"og:title\" content=\"KaliMenu - Kiwo\" \/>\n<meta property=\"og:description\" content=\"KaliMenu Gestion de la commission de menu. Commission Gestion de la commission de menu avec acc\u00e8s aux menus pr\u00e9c\u00e9dents, menus \u00e0 venir pour cotation de la satisfaction des r\u00e9sidents. Menus adapt\u00e9s Adaptation des menus suivants les souhaits des r\u00e9sidents.Gestion documentaire des comptes rendus des r\u00e9unions. Vous d\u00e9sirez en savoir plus N\u2019h\u00e9sitez pas \u00e0 nous contacter [&hellip;]\" \/>\n<meta property=\"og:url\" content=\"https:\/\/kiwo.fr\/index.php\/kalimenu\/\" \/>\n<meta property=\"og:site_name\" content=\"Kiwo\" \/>\n<meta property=\"article:modified_time\" content=\"2024-07-05T08:59:11+00:00\" \/>\n<meta property=\"og:image\" content=\"http:\/\/kiwo.fr\/wp-content\/uploads\/2024\/07\/Kalimenu.png\" \/>\n<meta name=\"twitter:card\" content=\"summary_large_image\" \/>\n<script type=\"application\/ld+json\" class=\"yoast-schema-graph\">{\"@context\":\"https:\/\/schema.org\",\"@graph\":[{\"@type\":\"WebPage\",\"@id\":\"https:\/\/kiwo.fr\/index.php\/kalimenu\/\",\"url\":\"https:\/\/kiwo.fr\/index.php\/kalimenu\/\",\"name\":\"KaliMenu - Kiwo\",\"isPartOf\":{\"@id\":\"http:\/\/kiwo.fr\/#website\"},\"primaryImageOfPage\":{\"@id\":\"https:\/\/kiwo.fr\/index.php\/kalimenu\/#primaryimage\"},\"image\":{\"@id\":\"https:\/\/kiwo.fr\/index.php\/kalimenu\/#primaryimage\"},\"thumbnailUrl\":\"http:\/\/kiwo.fr\/wp-content\/uploads\/2024\/07\/Kalimenu.png\",\"datePublished\":\"2024-07-05T07:42:35+00:00\",\"dateModified\":\"2024-07-05T08:59:11+00:00\",\"breadcrumb\":{\"@id\":\"https:\/\/kiwo.fr\/index.php\/kalimenu\/#breadcrumb\"},\"inLanguage\":\"en-US\",\"potentialAction\":[{\"@type\":\"ReadAction\",\"target\":[\"https:\/\/kiwo.fr\/index.php\/kalimenu\/\"]}]},{\"@type\":\"ImageObject\",\"inLanguage\":\"en-US\",\"@id\":\"https:\/\/kiwo.fr\/index.php\/kalimenu\/#primaryimage\",\"url\":\"https:\/\/kiwo.fr\/wp-content\/uploads\/2024\/07\/Kalimenu.png\",\"contentUrl\":\"https:\/\/kiwo.fr\/wp-content\/uploads\/2024\/07\/Kalimenu.png\",\"width\":512,\"height\":512},{\"@type\":\"BreadcrumbList\",\"@id\":\"https:\/\/kiwo.fr\/index.php\/kalimenu\/#breadcrumb\",\"itemListElement\":[{\"@type\":\"ListItem\",\"position\":1,\"name\":\"Accueil\",\"item\":\"http:\/\/kiwo.fr\/\"},{\"@type\":\"ListItem\",\"position\":2,\"name\":\"KaliMenu\"}]},{\"@type\":\"WebSite\",\"@id\":\"http:\/\/kiwo.fr\/#website\",\"url\":\"http:\/\/kiwo.fr\/\",\"name\":\"Kiwo\",\"description\":\"Accompagnement et logiciels dans la gestion de vos \u00e9tablissements m\u00e9dico-social\",\"publisher\":{\"@id\":\"http:\/\/kiwo.fr\/#organization\"},\"potentialAction\":[{\"@type\":\"SearchAction\",\"target\":{\"@type\":\"EntryPoint\",\"urlTemplate\":\"http:\/\/kiwo.fr\/?s={search_term_string}\"},\"query-input\":{\"@type\":\"PropertyValueSpecification\",\"valueRequired\":true,\"valueName\":\"search_term_string\"}}],\"inLanguage\":\"en-US\"},{\"@type\":\"Organization\",\"@id\":\"http:\/\/kiwo.fr\/#organization\",\"name\":\"Kiwo\",\"url\":\"http:\/\/kiwo.fr\/\",\"logo\":{\"@type\":\"ImageObject\",\"inLanguage\":\"en-US\",\"@id\":\"http:\/\/kiwo.fr\/#\/schema\/logo\/image\/\",\"url\":\"https:\/\/kiwo.fr\/wp-content\/uploads\/2024\/08\/cropped-kiwo-logo-2.png\",\"contentUrl\":\"https:\/\/kiwo.fr\/wp-content\/uploads\/2024\/08\/cropped-kiwo-logo-2.png\",\"width\":547,\"height\":150,\"caption\":\"Kiwo\"},\"image\":{\"@id\":\"http:\/\/kiwo.fr\/#\/schema\/logo\/image\/\"}}]}<\/script>\n<!-- \/ Yoast SEO plugin. -->","yoast_head_json":{"title":"KaliMenu - Kiwo","robots":{"index":"index","follow":"follow","max-snippet":"max-snippet:-1","max-image-preview":"max-image-preview:large","max-video-preview":"max-video-preview:-1"},"canonical":"https:\/\/kiwo.fr\/index.php\/kalimenu\/","og_locale":"en_US","og_type":"article","og_title":"KaliMenu - Kiwo","og_description":"KaliMenu Gestion de la commission de menu. Commission Gestion de la commission de menu avec acc\u00e8s aux menus pr\u00e9c\u00e9dents, menus \u00e0 venir pour cotation de la satisfaction des r\u00e9sidents. Menus adapt\u00e9s Adaptation des menus suivants les souhaits des r\u00e9sidents.Gestion documentaire des comptes rendus des r\u00e9unions. Vous d\u00e9sirez en savoir plus N\u2019h\u00e9sitez pas \u00e0 nous contacter [&hellip;]","og_url":"https:\/\/kiwo.fr\/index.php\/kalimenu\/","og_site_name":"Kiwo","article_modified_time":"2024-07-05T08:59:11+00:00","og_image":[{"url":"http:\/\/kiwo.fr\/wp-content\/uploads\/2024\/07\/Kalimenu.png"}],"twitter_card":"summary_large_image","schema":{"@context":"https:\/\/schema.org","@graph":[{"@type":"WebPage","@id":"https:\/\/kiwo.fr\/index.php\/kalimenu\/","url":"https:\/\/kiwo.fr\/index.php\/kalimenu\/","name":"KaliMenu - Kiwo","isPartOf":{"@id":"http:\/\/kiwo.fr\/#website"},"primaryImageOfPage":{"@id":"https:\/\/kiwo.fr\/index.php\/kalimenu\/#primaryimage"},"image":{"@id":"https:\/\/kiwo.fr\/index.php\/kalimenu\/#primaryimage"},"thumbnailUrl":"http:\/\/kiwo.fr\/wp-content\/uploads\/2024\/07\/Kalimenu.png","datePublished":"2024-07-05T07:42:35+00:00","dateModified":"2024-07-05T08:59:11+00:00","breadcrumb":{"@id":"https:\/\/kiwo.fr\/index.php\/kalimenu\/#breadcrumb"},"inLanguage":"en-US","potentialAction":[{"@type":"ReadAction","target":["https:\/\/kiwo.fr\/index.php\/kalimenu\/"]}]},{"@type":"ImageObject","inLanguage":"en-US","@id":"https:\/\/kiwo.fr\/index.php\/kalimenu\/#primaryimage","url":"https:\/\/kiwo.fr\/wp-content\/uploads\/2024\/07\/Kalimenu.png","contentUrl":"https:\/\/kiwo.fr\/wp-content\/uploads\/2024\/07\/Kalimenu.png","width":512,"height":512},{"@type":"BreadcrumbList","@id":"https:\/\/kiwo.fr\/index.php\/kalimenu\/#breadcrumb","itemListElement":[{"@type":"ListItem","position":1,"name":"Accueil","item":"http:\/\/kiwo.fr\/"},{"@type":"ListItem","position":2,"name":"KaliMenu"}]},{"@type":"WebSite","@id":"http:\/\/kiwo.fr\/#website","url":"http:\/\/kiwo.fr\/","name":"Kiwo","description":"Accompagnement et logiciels dans la gestion de vos \u00e9tablissements m\u00e9dico-social","publisher":{"@id":"http:\/\/kiwo.fr\/#organization"},"potentialAction":[{"@type":"SearchAction","target":{"@type":"EntryPoint","urlTemplate":"http:\/\/kiwo.fr\/?s={search_term_string}"},"query-input":{"@type":"PropertyValueSpecification","valueRequired":true,"valueName":"search_term_string"}}],"inLanguage":"en-US"},{"@type":"Organization","@id":"http:\/\/kiwo.fr\/#organization","name":"Kiwo","url":"http:\/\/kiwo.fr\/","logo":{"@type":"ImageObject","inLanguage":"en-US","@id":"http:\/\/kiwo.fr\/#\/schema\/logo\/image\/","url":"https:\/\/kiwo.fr\/wp-content\/uploads\/2024\/08\/cropped-kiwo-logo-2.png","contentUrl":"https:\/\/kiwo.fr\/wp-content\/uploads\/2024\/08\/cropped-kiwo-logo-2.png","width":547,"height":150,"caption":"Kiwo"},"image":{"@id":"http:\/\/kiwo.fr\/#\/schema\/logo\/image\/"}}]}},"_links":{"self":[{"href":"https:\/\/kiwo.fr\/index.php\/wp-json\/wp\/v2\/pages\/471","targetHints":{"allow":["GET"]}}],"collection":[{"href":"https:\/\/kiwo.fr\/index.php\/wp-json\/wp\/v2\/pages"}],"about":[{"href":"https:\/\/kiwo.fr\/index.php\/wp-json\/wp\/v2\/types\/page"}],"author":[{"embeddable":true,"href":"https:\/\/kiwo.fr\/index.php\/wp-json\/wp\/v2\/users\/1"}],"replies":[{"embeddable":true,"href":"https:\/\/kiwo.fr\/index.php\/wp-json\/wp\/v2\/comments?post=471"}],"version-history":[{"count":7,"href":"https:\/\/kiwo.fr\/index.php\/wp-json\/wp\/v2\/pages\/471\/revisions"}],"predecessor-version":[{"id":481,"href":"https:\/\/kiwo.fr\/index.php\/wp-json\/wp\/v2\/pages\/471\/revisions\/481"}],"wp:attachment":[{"href":"https:\/\/kiwo.fr\/index.php\/wp-json\/wp\/v2\/media?parent=471"}],"curies":[{"name":"wp","href":"https:\/\/api.w.org\/{rel}","templated":true}]}}