{"id":539,"date":"2024-07-05T17:30:44","date_gmt":"2024-07-05T15:30:44","guid":{"rendered":"https:\/\/kiwo.fr\/?page_id=539"},"modified":"2024-07-05T17:47:51","modified_gmt":"2024-07-05T15:47:51","slug":"gesticontrat","status":"publish","type":"page","link":"https:\/\/kiwo.fr\/index.php\/gesticontrat\/","title":{"rendered":"GestiContrat"},"content":{"rendered":"\t\t<div data-elementor-type=\"wp-page\" data-elementor-id=\"539\" class=\"elementor elementor-539\">\n\t\t\t\t<div class=\"elementor-element elementor-element-d1724f3 e-con-full e-flex e-con e-parent\" data-id=\"d1724f3\" data-element_type=\"container\" data-settings=\"{&quot;background_background&quot;:&quot;classic&quot;}\">\n\t\t<div class=\"elementor-element elementor-element-579797d8 e-con-full e-flex e-con e-child\" data-id=\"579797d8\" data-element_type=\"container\">\n\t\t\t\t<div class=\"elementor-element elementor-element-5bf695cc elementor-widget elementor-widget-image\" data-id=\"5bf695cc\" data-element_type=\"widget\" data-widget_type=\"image.default\">\n\t\t\t\t<div class=\"elementor-widget-container\">\n\t\t\t\t\t\t\t\t\t\t\t\t\t<img fetchpriority=\"high\" decoding=\"async\" width=\"512\" height=\"512\" src=\"https:\/\/kiwo.fr\/wp-content\/uploads\/2024\/07\/GestiContrat-1.png\" class=\"attachment-large size-large wp-image-513\" alt=\"\" srcset=\"https:\/\/kiwo.fr\/wp-content\/uploads\/2024\/07\/GestiContrat-1.png 512w, https:\/\/kiwo.fr\/wp-content\/uploads\/2024\/07\/GestiContrat-1-300x300.png 300w, https:\/\/kiwo.fr\/wp-content\/uploads\/2024\/07\/GestiContrat-1-150x150.png 150w\" sizes=\"(max-width: 512px) 100vw, 512px\" \/>\t\t\t\t\t\t\t\t\t\t\t\t\t<\/div>\n\t\t\t\t<\/div>\n\t\t\t\t<\/div>\n\t\t<div class=\"elementor-element elementor-element-6030d4a4 e-con-full e-flex e-con e-child\" data-id=\"6030d4a4\" data-element_type=\"container\">\n\t\t\t\t<div class=\"elementor-element elementor-element-1434e038 elementor-widget elementor-widget-heading\" data-id=\"1434e038\" data-element_type=\"widget\" data-widget_type=\"heading.default\">\n\t\t\t\t<div class=\"elementor-widget-container\">\n\t\t\t<h1 class=\"elementor-heading-title elementor-size-default\">GestiContrat<\/h1>\t\t<\/div>\n\t\t\t\t<\/div>\n\t\t\t\t<div class=\"elementor-element elementor-element-38f6ce3d elementor-widget elementor-widget-text-editor\" data-id=\"38f6ce3d\" data-element_type=\"widget\" data-widget_type=\"text-editor.default\">\n\t\t\t\t<div class=\"elementor-widget-container\">\n\t\t\t\t\t\t\t<p>Gestion des contrats de travail.<\/p>\t\t\t\t\t\t<\/div>\n\t\t\t\t<\/div>\n\t\t\t\t<\/div>\n\t\t\t\t<\/div>\n\t\t<div class=\"elementor-element elementor-element-2eaa618a e-con-full e-flex e-con e-parent\" data-id=\"2eaa618a\" data-element_type=\"container\" data-settings=\"{&quot;background_background&quot;:&quot;classic&quot;}\">\n\t\t<div class=\"elementor-element elementor-element-4d7841c6 e-con-full e-flex e-con e-child\" data-id=\"4d7841c6\" data-element_type=\"container\">\n\t\t\t\t<div class=\"elementor-element elementor-element-ab99362 elementor-widget elementor-widget-heading\" data-id=\"ab99362\" data-element_type=\"widget\" data-widget_type=\"heading.default\">\n\t\t\t\t<div class=\"elementor-widget-container\">\n\t\t\t<h2 class=\"elementor-heading-title elementor-size-default\">Contrat de travail<\/h2>\t\t<\/div>\n\t\t\t\t<\/div>\n\t\t\t\t<div class=\"elementor-element elementor-element-7eb0afcd elementor-widget elementor-widget-text-editor\" data-id=\"7eb0afcd\" data-element_type=\"widget\" data-widget_type=\"text-editor.default\">\n\t\t\t\t<div class=\"elementor-widget-container\">\n\t\t\t\t\t\t\t<p>La cr\u00e9ation et le suivi de l\u2019ensemble des contrats de travail de l\u2019\u00e9tablissement.<\/p>\t\t\t\t\t\t<\/div>\n\t\t\t\t<\/div>\n\t\t\t\t<\/div>\n\t\t<div class=\"elementor-element elementor-element-2d76435e e-con-full e-flex e-con e-child\" data-id=\"2d76435e\" data-element_type=\"container\">\n\t\t\t\t<div class=\"elementor-element elementor-element-39b4be6e elementor-widget elementor-widget-image\" data-id=\"39b4be6e\" data-element_type=\"widget\" data-widget_type=\"image.default\">\n\t\t\t\t<div class=\"elementor-widget-container\">\n\t\t\t\t\t\t\t\t\t\t\t\t\t<img decoding=\"async\" width=\"1024\" height=\"682\" src=\"https:\/\/kiwo.fr\/wp-content\/uploads\/2024\/07\/2149145132-1024x682.jpg\" class=\"attachment-large size-large wp-image-547\" alt=\"\" srcset=\"https:\/\/kiwo.fr\/wp-content\/uploads\/2024\/07\/2149145132-1024x682.jpg 1024w, https:\/\/kiwo.fr\/wp-content\/uploads\/2024\/07\/2149145132-300x200.jpg 300w, https:\/\/kiwo.fr\/wp-content\/uploads\/2024\/07\/2149145132-768x512.jpg 768w, https:\/\/kiwo.fr\/wp-content\/uploads\/2024\/07\/2149145132-1536x1024.jpg 1536w, https:\/\/kiwo.fr\/wp-content\/uploads\/2024\/07\/2149145132.jpg 2000w\" sizes=\"(max-width: 1024px) 100vw, 1024px\" \/>\t\t\t\t\t\t\t\t\t\t\t\t\t<\/div>\n\t\t\t\t<\/div>\n\t\t\t\t<\/div>\n\t\t\t\t<\/div>\n\t\t<div class=\"elementor-element elementor-element-55c204fd e-con-full e-flex e-con e-parent\" data-id=\"55c204fd\" data-element_type=\"container\" data-settings=\"{&quot;background_background&quot;:&quot;classic&quot;}\">\n\t\t<div class=\"elementor-element elementor-element-56bc1bbb e-con-full e-flex e-con e-child\" data-id=\"56bc1bbb\" data-element_type=\"container\">\n\t\t\t\t<div class=\"elementor-element elementor-element-27adc2c2 elementor-widget elementor-widget-heading\" data-id=\"27adc2c2\" data-element_type=\"widget\" data-widget_type=\"heading.default\">\n\t\t\t\t<div class=\"elementor-widget-container\">\n\t\t\t<h2 class=\"elementor-heading-title elementor-size-default\">Historique<\/h2>\t\t<\/div>\n\t\t\t\t<\/div>\n\t\t\t\t<div class=\"elementor-element elementor-element-4792c465 elementor-widget elementor-widget-text-editor\" data-id=\"4792c465\" data-element_type=\"widget\" data-widget_type=\"text-editor.default\">\n\t\t\t\t<div class=\"elementor-widget-container\">\n\t\t\t\t\t\t\t<p>Historique des contrats et des avenants en CDD ou int\u00e9rim avec calcul des co\u00fbts et des besoins sur p\u00e9riode.<\/p>\t\t\t\t\t\t<\/div>\n\t\t\t\t<\/div>\n\t\t\t\t<\/div>\n\t\t<div class=\"elementor-element elementor-element-10f7eb20 e-con-full e-flex e-con e-child\" data-id=\"10f7eb20\" data-element_type=\"container\">\n\t\t\t\t<div class=\"elementor-element elementor-element-218369b8 elementor-widget elementor-widget-image\" data-id=\"218369b8\" data-element_type=\"widget\" data-widget_type=\"image.default\">\n\t\t\t\t<div class=\"elementor-widget-container\">\n\t\t\t\t\t\t\t\t\t\t\t\t\t<img decoding=\"async\" width=\"1024\" height=\"682\" src=\"https:\/\/kiwo.fr\/wp-content\/uploads\/2024\/07\/2149445755-1024x682.jpg\" class=\"attachment-large size-large wp-image-548\" alt=\"\" srcset=\"https:\/\/kiwo.fr\/wp-content\/uploads\/2024\/07\/2149445755-1024x682.jpg 1024w, https:\/\/kiwo.fr\/wp-content\/uploads\/2024\/07\/2149445755-300x200.jpg 300w, https:\/\/kiwo.fr\/wp-content\/uploads\/2024\/07\/2149445755-768x512.jpg 768w, https:\/\/kiwo.fr\/wp-content\/uploads\/2024\/07\/2149445755-1536x1024.jpg 1536w, https:\/\/kiwo.fr\/wp-content\/uploads\/2024\/07\/2149445755.jpg 2000w\" sizes=\"(max-width: 1024px) 100vw, 1024px\" \/>\t\t\t\t\t\t\t\t\t\t\t\t\t<\/div>\n\t\t\t\t<\/div>\n\t\t\t\t<\/div>\n\t\t\t\t<\/div>\n\t\t<div class=\"elementor-element elementor-element-502e9506 e-con-full e-flex e-con e-parent\" data-id=\"502e9506\" data-element_type=\"container\" data-settings=\"{&quot;background_background&quot;:&quot;classic&quot;}\">\n\t\t<div class=\"elementor-element elementor-element-4ec758b9 e-con-full e-flex e-con e-child\" data-id=\"4ec758b9\" data-element_type=\"container\">\n\t\t\t\t<div class=\"elementor-element elementor-element-5bfbb01 elementor-widget elementor-widget-heading\" data-id=\"5bfbb01\" data-element_type=\"widget\" data-widget_type=\"heading.default\">\n\t\t\t\t<div class=\"elementor-widget-container\">\n\t\t\t<h2 class=\"elementor-heading-title elementor-size-default\">Mod\u00e8le configurable<\/h2>\t\t<\/div>\n\t\t\t\t<\/div>\n\t\t\t\t<div class=\"elementor-element elementor-element-2ce9801 elementor-widget elementor-widget-text-editor\" data-id=\"2ce9801\" data-element_type=\"widget\" data-widget_type=\"text-editor.default\">\n\t\t\t\t<div class=\"elementor-widget-container\">\n\t\t\t\t\t\t\t<p>Simplification des contrats de remplacements par mod\u00e8les configurable.<\/p><p>\u00a0<\/p>\t\t\t\t\t\t<\/div>\n\t\t\t\t<\/div>\n\t\t\t\t<\/div>\n\t\t<div class=\"elementor-element elementor-element-8d2185e e-con-full e-flex e-con e-child\" data-id=\"8d2185e\" data-element_type=\"container\">\n\t\t\t\t<div class=\"elementor-element elementor-element-27480bc6 elementor-widget elementor-widget-image\" data-id=\"27480bc6\" data-element_type=\"widget\" data-widget_type=\"image.default\">\n\t\t\t\t<div class=\"elementor-widget-container\">\n\t\t\t\t\t\t\t\t\t\t\t\t\t<img loading=\"lazy\" decoding=\"async\" width=\"1024\" height=\"684\" src=\"https:\/\/kiwo.fr\/wp-content\/uploads\/2024\/07\/2149595835-1024x684.jpg\" class=\"attachment-large size-large wp-image-528\" alt=\"\" srcset=\"https:\/\/kiwo.fr\/wp-content\/uploads\/2024\/07\/2149595835-1024x684.jpg 1024w, https:\/\/kiwo.fr\/wp-content\/uploads\/2024\/07\/2149595835-300x200.jpg 300w, https:\/\/kiwo.fr\/wp-content\/uploads\/2024\/07\/2149595835-768x513.jpg 768w, https:\/\/kiwo.fr\/wp-content\/uploads\/2024\/07\/2149595835-1536x1025.jpg 1536w, https:\/\/kiwo.fr\/wp-content\/uploads\/2024\/07\/2149595835.jpg 2000w\" sizes=\"(max-width: 1024px) 100vw, 1024px\" \/>\t\t\t\t\t\t\t\t\t\t\t\t\t<\/div>\n\t\t\t\t<\/div>\n\t\t\t\t<\/div>\n\t\t\t\t<\/div>\n\t\t<div class=\"elementor-element elementor-element-39838ad2 e-flex e-con-boxed e-con e-parent\" data-id=\"39838ad2\" data-element_type=\"container\" data-settings=\"{&quot;background_background&quot;:&quot;classic&quot;}\">\n\t\t\t\t\t<div class=\"e-con-inner\">\n\t\t\t\t<div class=\"elementor-element elementor-element-34439884 elementor-widget elementor-widget-heading\" data-id=\"34439884\" data-element_type=\"widget\" data-widget_type=\"heading.default\">\n\t\t\t\t<div class=\"elementor-widget-container\">\n\t\t\t<h3 class=\"elementor-heading-title elementor-size-default\">Vous d\u00e9sirez en savoir plus<\/h3>\t\t<\/div>\n\t\t\t\t<\/div>\n\t\t\t\t<div class=\"elementor-element elementor-element-7af1a9a3 elementor-widget elementor-widget-text-editor\" data-id=\"7af1a9a3\" data-element_type=\"widget\" data-widget_type=\"text-editor.default\">\n\t\t\t\t<div class=\"elementor-widget-container\">\n\t\t\t\t\t\t\t<p>N\u2019h\u00e9sitez pas \u00e0 nous contacter<\/p>\t\t\t\t\t\t<\/div>\n\t\t\t\t<\/div>\n\t\t\t\t<div class=\"elementor-element elementor-element-32065c27 elementor-mobile-align-center elementor-align-center elementor-widget elementor-widget-button\" data-id=\"32065c27\" data-element_type=\"widget\" data-widget_type=\"button.default\">\n\t\t\t\t<div class=\"elementor-widget-container\">\n\t\t\t\t\t\t\t<div class=\"elementor-button-wrapper\">\n\t\t\t\t\t<a class=\"elementor-button elementor-button-link elementor-size-sm\" href=\"https:\/\/kiwo.fr\/index.php\/contact\/\">\n\t\t\t\t\t\t<span class=\"elementor-button-content-wrapper\">\n\t\t\t\t\t\t\t\t\t<span class=\"elementor-button-text\">Nous contacter<\/span>\n\t\t\t\t\t<\/span>\n\t\t\t\t\t<\/a>\n\t\t\t\t<\/div>\n\t\t\t\t\t\t<\/div>\n\t\t\t\t<\/div>\n\t\t\t\t\t<\/div>\n\t\t\t\t<\/div>\n\t\t\t\t<\/div>\n\t\t","protected":false},"excerpt":{"rendered":"<p>GestiContrat Gestion des contrats de travail. Contrat de travail La cr\u00e9ation et le suivi de l\u2019ensemble des contrats de travail de l\u2019\u00e9tablissement. Historique Historique des contrats et des avenants en CDD ou int\u00e9rim avec calcul des co\u00fbts et des besoins sur p\u00e9riode. Mod\u00e8le configurable Simplification des contrats de remplacements par mod\u00e8les configurable. \u00a0 Vous d\u00e9sirez [&hellip;]<\/p>\n","protected":false},"author":1,"featured_media":0,"parent":0,"menu_order":0,"comment_status":"closed","ping_status":"closed","template":"","meta":{"footnotes":""},"class_list":["post-539","page","type-page","status-publish","hentry","entry"],"yoast_head":"<!-- This site is optimized with the Yoast SEO plugin v23.7 - https:\/\/yoast.com\/wordpress\/plugins\/seo\/ -->\n<title>GestiContrat - Kiwo<\/title>\n<meta name=\"robots\" content=\"index, follow, max-snippet:-1, max-image-preview:large, max-video-preview:-1\" \/>\n<link rel=\"canonical\" href=\"https:\/\/kiwo.fr\/index.php\/gesticontrat\/\" \/>\n<meta property=\"og:locale\" content=\"en_US\" \/>\n<meta property=\"og:type\" content=\"article\" \/>\n<meta property=\"og:title\" content=\"GestiContrat - Kiwo\" \/>\n<meta property=\"og:description\" content=\"GestiContrat Gestion des contrats de travail. Contrat de travail La cr\u00e9ation et le suivi de l\u2019ensemble des contrats de travail de l\u2019\u00e9tablissement. Historique Historique des contrats et des avenants en CDD ou int\u00e9rim avec calcul des co\u00fbts et des besoins sur p\u00e9riode. Mod\u00e8le configurable Simplification des contrats de remplacements par mod\u00e8les configurable. \u00a0 Vous d\u00e9sirez [&hellip;]\" \/>\n<meta property=\"og:url\" content=\"https:\/\/kiwo.fr\/index.php\/gesticontrat\/\" \/>\n<meta property=\"og:site_name\" content=\"Kiwo\" \/>\n<meta property=\"article:modified_time\" content=\"2024-07-05T15:47:51+00:00\" \/>\n<meta property=\"og:image\" content=\"http:\/\/kiwo.fr\/wp-content\/uploads\/2024\/07\/GestiContrat-1.png\" \/>\n<meta name=\"twitter:card\" content=\"summary_large_image\" \/>\n<script type=\"application\/ld+json\" class=\"yoast-schema-graph\">{\"@context\":\"https:\/\/schema.org\",\"@graph\":[{\"@type\":\"WebPage\",\"@id\":\"https:\/\/kiwo.fr\/index.php\/gesticontrat\/\",\"url\":\"https:\/\/kiwo.fr\/index.php\/gesticontrat\/\",\"name\":\"GestiContrat - Kiwo\",\"isPartOf\":{\"@id\":\"http:\/\/kiwo.fr\/#website\"},\"primaryImageOfPage\":{\"@id\":\"https:\/\/kiwo.fr\/index.php\/gesticontrat\/#primaryimage\"},\"image\":{\"@id\":\"https:\/\/kiwo.fr\/index.php\/gesticontrat\/#primaryimage\"},\"thumbnailUrl\":\"http:\/\/kiwo.fr\/wp-content\/uploads\/2024\/07\/GestiContrat-1.png\",\"datePublished\":\"2024-07-05T15:30:44+00:00\",\"dateModified\":\"2024-07-05T15:47:51+00:00\",\"breadcrumb\":{\"@id\":\"https:\/\/kiwo.fr\/index.php\/gesticontrat\/#breadcrumb\"},\"inLanguage\":\"en-US\",\"potentialAction\":[{\"@type\":\"ReadAction\",\"target\":[\"https:\/\/kiwo.fr\/index.php\/gesticontrat\/\"]}]},{\"@type\":\"ImageObject\",\"inLanguage\":\"en-US\",\"@id\":\"https:\/\/kiwo.fr\/index.php\/gesticontrat\/#primaryimage\",\"url\":\"https:\/\/kiwo.fr\/wp-content\/uploads\/2024\/07\/GestiContrat-1.png\",\"contentUrl\":\"https:\/\/kiwo.fr\/wp-content\/uploads\/2024\/07\/GestiContrat-1.png\",\"width\":512,\"height\":512},{\"@type\":\"BreadcrumbList\",\"@id\":\"https:\/\/kiwo.fr\/index.php\/gesticontrat\/#breadcrumb\",\"itemListElement\":[{\"@type\":\"ListItem\",\"position\":1,\"name\":\"Accueil\",\"item\":\"http:\/\/kiwo.fr\/\"},{\"@type\":\"ListItem\",\"position\":2,\"name\":\"GestiContrat\"}]},{\"@type\":\"WebSite\",\"@id\":\"http:\/\/kiwo.fr\/#website\",\"url\":\"http:\/\/kiwo.fr\/\",\"name\":\"Kiwo\",\"description\":\"Accompagnement et logiciels dans la gestion de vos \u00e9tablissements m\u00e9dico-social\",\"publisher\":{\"@id\":\"http:\/\/kiwo.fr\/#organization\"},\"potentialAction\":[{\"@type\":\"SearchAction\",\"target\":{\"@type\":\"EntryPoint\",\"urlTemplate\":\"http:\/\/kiwo.fr\/?s={search_term_string}\"},\"query-input\":{\"@type\":\"PropertyValueSpecification\",\"valueRequired\":true,\"valueName\":\"search_term_string\"}}],\"inLanguage\":\"en-US\"},{\"@type\":\"Organization\",\"@id\":\"http:\/\/kiwo.fr\/#organization\",\"name\":\"Kiwo\",\"url\":\"http:\/\/kiwo.fr\/\",\"logo\":{\"@type\":\"ImageObject\",\"inLanguage\":\"en-US\",\"@id\":\"http:\/\/kiwo.fr\/#\/schema\/logo\/image\/\",\"url\":\"https:\/\/kiwo.fr\/wp-content\/uploads\/2024\/08\/cropped-kiwo-logo-2.png\",\"contentUrl\":\"https:\/\/kiwo.fr\/wp-content\/uploads\/2024\/08\/cropped-kiwo-logo-2.png\",\"width\":547,\"height\":150,\"caption\":\"Kiwo\"},\"image\":{\"@id\":\"http:\/\/kiwo.fr\/#\/schema\/logo\/image\/\"}}]}<\/script>\n<!-- \/ Yoast SEO plugin. -->","yoast_head_json":{"title":"GestiContrat - Kiwo","robots":{"index":"index","follow":"follow","max-snippet":"max-snippet:-1","max-image-preview":"max-image-preview:large","max-video-preview":"max-video-preview:-1"},"canonical":"https:\/\/kiwo.fr\/index.php\/gesticontrat\/","og_locale":"en_US","og_type":"article","og_title":"GestiContrat - Kiwo","og_description":"GestiContrat Gestion des contrats de travail. Contrat de travail La cr\u00e9ation et le suivi de l\u2019ensemble des contrats de travail de l\u2019\u00e9tablissement. Historique Historique des contrats et des avenants en CDD ou int\u00e9rim avec calcul des co\u00fbts et des besoins sur p\u00e9riode. Mod\u00e8le configurable Simplification des contrats de remplacements par mod\u00e8les configurable. \u00a0 Vous d\u00e9sirez [&hellip;]","og_url":"https:\/\/kiwo.fr\/index.php\/gesticontrat\/","og_site_name":"Kiwo","article_modified_time":"2024-07-05T15:47:51+00:00","og_image":[{"url":"http:\/\/kiwo.fr\/wp-content\/uploads\/2024\/07\/GestiContrat-1.png"}],"twitter_card":"summary_large_image","schema":{"@context":"https:\/\/schema.org","@graph":[{"@type":"WebPage","@id":"https:\/\/kiwo.fr\/index.php\/gesticontrat\/","url":"https:\/\/kiwo.fr\/index.php\/gesticontrat\/","name":"GestiContrat - Kiwo","isPartOf":{"@id":"http:\/\/kiwo.fr\/#website"},"primaryImageOfPage":{"@id":"https:\/\/kiwo.fr\/index.php\/gesticontrat\/#primaryimage"},"image":{"@id":"https:\/\/kiwo.fr\/index.php\/gesticontrat\/#primaryimage"},"thumbnailUrl":"http:\/\/kiwo.fr\/wp-content\/uploads\/2024\/07\/GestiContrat-1.png","datePublished":"2024-07-05T15:30:44+00:00","dateModified":"2024-07-05T15:47:51+00:00","breadcrumb":{"@id":"https:\/\/kiwo.fr\/index.php\/gesticontrat\/#breadcrumb"},"inLanguage":"en-US","potentialAction":[{"@type":"ReadAction","target":["https:\/\/kiwo.fr\/index.php\/gesticontrat\/"]}]},{"@type":"ImageObject","inLanguage":"en-US","@id":"https:\/\/kiwo.fr\/index.php\/gesticontrat\/#primaryimage","url":"https:\/\/kiwo.fr\/wp-content\/uploads\/2024\/07\/GestiContrat-1.png","contentUrl":"https:\/\/kiwo.fr\/wp-content\/uploads\/2024\/07\/GestiContrat-1.png","width":512,"height":512},{"@type":"BreadcrumbList","@id":"https:\/\/kiwo.fr\/index.php\/gesticontrat\/#breadcrumb","itemListElement":[{"@type":"ListItem","position":1,"name":"Accueil","item":"http:\/\/kiwo.fr\/"},{"@type":"ListItem","position":2,"name":"GestiContrat"}]},{"@type":"WebSite","@id":"http:\/\/kiwo.fr\/#website","url":"http:\/\/kiwo.fr\/","name":"Kiwo","description":"Accompagnement et logiciels dans la gestion de vos \u00e9tablissements m\u00e9dico-social","publisher":{"@id":"http:\/\/kiwo.fr\/#organization"},"potentialAction":[{"@type":"SearchAction","target":{"@type":"EntryPoint","urlTemplate":"http:\/\/kiwo.fr\/?s={search_term_string}"},"query-input":{"@type":"PropertyValueSpecification","valueRequired":true,"valueName":"search_term_string"}}],"inLanguage":"en-US"},{"@type":"Organization","@id":"http:\/\/kiwo.fr\/#organization","name":"Kiwo","url":"http:\/\/kiwo.fr\/","logo":{"@type":"ImageObject","inLanguage":"en-US","@id":"http:\/\/kiwo.fr\/#\/schema\/logo\/image\/","url":"https:\/\/kiwo.fr\/wp-content\/uploads\/2024\/08\/cropped-kiwo-logo-2.png","contentUrl":"https:\/\/kiwo.fr\/wp-content\/uploads\/2024\/08\/cropped-kiwo-logo-2.png","width":547,"height":150,"caption":"Kiwo"},"image":{"@id":"http:\/\/kiwo.fr\/#\/schema\/logo\/image\/"}}]}},"_links":{"self":[{"href":"https:\/\/kiwo.fr\/index.php\/wp-json\/wp\/v2\/pages\/539","targetHints":{"allow":["GET"]}}],"collection":[{"href":"https:\/\/kiwo.fr\/index.php\/wp-json\/wp\/v2\/pages"}],"about":[{"href":"https:\/\/kiwo.fr\/index.php\/wp-json\/wp\/v2\/types\/page"}],"author":[{"embeddable":true,"href":"https:\/\/kiwo.fr\/index.php\/wp-json\/wp\/v2\/users\/1"}],"replies":[{"embeddable":true,"href":"https:\/\/kiwo.fr\/index.php\/wp-json\/wp\/v2\/comments?post=539"}],"version-history":[{"count":7,"href":"https:\/\/kiwo.fr\/index.php\/wp-json\/wp\/v2\/pages\/539\/revisions"}],"predecessor-version":[{"id":551,"href":"https:\/\/kiwo.fr\/index.php\/wp-json\/wp\/v2\/pages\/539\/revisions\/551"}],"wp:attachment":[{"href":"https:\/\/kiwo.fr\/index.php\/wp-json\/wp\/v2\/media?parent=539"}],"curies":[{"name":"wp","href":"https:\/\/api.w.org\/{rel}","templated":true}]}}