{"id":54,"date":"2024-06-24T09:50:17","date_gmt":"2024-06-24T07:50:17","guid":{"rendered":"https:\/\/kiwo.fr\/?page_id=54"},"modified":"2024-06-24T09:50:17","modified_gmt":"2024-06-24T07:50:17","slug":"a-propos","status":"publish","type":"page","link":"https:\/\/kiwo.fr\/index.php\/a-propos\/","title":{"rendered":"\u00c0 propos"},"content":{"rendered":"\n<p><strong>\u00c0 propos<\/strong><\/p>\n\n\n\n<p>Sur kiwo.fr, vous trouverez des pr\u00e9sentations de logiciel et de services d\u2019accompagnement dans le secteur m\u00e9dico-social (EHPAD public\/priv\u00e9, SSIAD,\u2026)<\/p>\n\n\n\n<p>Notre volont\u00e9 d\u2019accompagnement dans votre d\u00e9marche qualit\u00e9 continue est issue de notre culture bas\u00e9e sur le questionnement de l\u2019ensemble du p\u00e9rim\u00e8tre d\u2019intervention aupr\u00e8s de la personne fragilis\u00e9e.<\/p>\n\n\n\n<p>Notre comp\u00e9tence s\u2019appuie sur notre exp\u00e9rience de plus de 20 ans consacr\u00e9e \u00e0 la conception, r\u00e9alisation d\u2019une d\u00e9marche qualit\u00e9 interne coh\u00e9rente, pertinente mais surtout non chronophage et donnant du sens au travail accompli par chaque membre d\u2019une \u00e9quipe au b\u00e9n\u00e9fice de l\u2019usager fragile.<\/p>\n\n\n\n<p>Fort de cette dynamique, nous nous inscrivons donc en tant que partenaire de votre d\u00e9marche tout en restant impartial dans notre mission. Mettre en \u00e9vidence vos points forts et d\u00e9montrer votre capacit\u00e9 \u00e0 l\u2019am\u00e9lioration de vos pratiques est la strat\u00e9gie que nous nous effor\u00e7ons d\u2019appliquer pour votre \u00e9volution.<\/p>\n\n\n\n<p>L\u2019\u00e9valuation externe de votre structure doit vous permettre de conforter votre organisation dans sa pertinence \u00e0 r\u00e9pondre aux besoins attendus dans un cadre d\u2019exploitation performant pour vos salari\u00e9s afin d\u2019atteindre le plein objectif de satisfaction de vos usagers.<\/p>\n\n\n\n<p><strong>Mentions l\u00e9gales<\/strong><\/p>\n\n\n\n<p>L\u2019utilisation de ce site est soumise \u00e0 l\u2019acceptation des mentions l\u00e9gales.<\/p>\n\n\n\n<p>Notre volont\u00e9 d\u2019accompagnement dans votre d\u00e9marche qualit\u00e9 continue est issue de notre culture bas\u00e9e sur le questionnement de l\u2019ensemble du p\u00e9rim\u00e8tre d\u2019intervention aupr\u00e8s de la personne fragilis\u00e9e<\/p>\n\n\n\n<p><strong><em>Nous sommes \u00e0 vos c\u00f4t\u00e9s pour cette mission.<\/em><\/strong><\/p>\n\n\n\n<p><strong>Mentions l\u00e9gales<\/strong><\/p>\n\n\n\n<p>L\u2019utilisation de ce site est soumise \u00e0 l\u2019acceptation des mentions l\u00e9gales.<\/p>\n\n\n\n<p><strong>Nous contacter :<\/strong><\/p>\n\n\n\n<ul class=\"wp-block-list\">\n<li><strong>Par mail, \u00e0 l\u2019adresse suivante :<\/strong>\u00a0service.communication@kiwo.fr<\/li>\n\n\n\n<li><strong>Sur Twitter, \u00e0 l\u2019adresse suivante :<\/strong>\u00a0<\/li>\n\n\n\n<li><strong>Sur Facebook, \u00e0 l\u2019adresse suivante :<\/strong>\u00a0https:\/\/www.facebook.com\/kiwo.fr<\/li>\n\n\n\n<li><strong>Via le formulaire de contact \u00e0 l\u2019adresse suivante<\/strong>\u00a0:\u00a0https:\/\/kalivie.fr\/index.php\/contact\/<a href=\"https:\/\/www.justgeek.fr\/contact\/\" target=\"_blank\" rel=\"noreferrer noopener\"><\/a><\/li>\n<\/ul>\n\n\n\n<p><strong>H\u00e9bergement<\/strong><\/p>\n\n\n\n<p>kiwo.fr est h\u00e9berg\u00e9 chez ovh.com.<\/p>\n\n\n\n<p>Adresse : <strong>2 rue Kellermann \u2013 BP 80157 59053 ROUBAIX CEDEX 1 France<\/strong><\/p>\n\n\n\n<p><strong>Plateforme<\/strong><\/p>\n\n\n\n<p>La plateforme utilis\u00e9e est&nbsp;WordPress, disponible gratuitement sur&nbsp;<a href=\"https:\/\/fr.wordpress.org\/\" target=\"_blank\" rel=\"noreferrer noopener\">https:\/\/wordpress.org\/<\/a>.<\/p>\n\n\n\n<p>WordPress est le nec plus ultra des plateformes s\u00e9mantiques de publication personnelle, alliant esth\u00e9tique, standards du Web et utilisabilit\u00e9. Gratuit, WordPress poss\u00e8de une valeur inestimable.<\/p>\n","protected":false},"excerpt":{"rendered":"<p>\u00c0 propos Sur kiwo.fr, vous trouverez des pr\u00e9sentations de logiciel et de services d\u2019accompagnement dans le secteur m\u00e9dico-social (EHPAD public\/priv\u00e9, SSIAD,\u2026) Notre volont\u00e9 d\u2019accompagnement dans votre d\u00e9marche qualit\u00e9 continue est issue de notre culture bas\u00e9e sur le questionnement de l\u2019ensemble du p\u00e9rim\u00e8tre d\u2019intervention aupr\u00e8s de la personne fragilis\u00e9e. Notre comp\u00e9tence s\u2019appuie sur notre exp\u00e9rience de [&hellip;]<\/p>\n","protected":false},"author":1,"featured_media":0,"parent":0,"menu_order":0,"comment_status":"closed","ping_status":"closed","template":"","meta":{"footnotes":""},"class_list":["post-54","page","type-page","status-publish","hentry","entry"],"yoast_head":"<!-- This site is optimized with the Yoast SEO plugin v23.7 - https:\/\/yoast.com\/wordpress\/plugins\/seo\/ -->\n<title>\u00c0 propos - Kiwo<\/title>\n<meta name=\"robots\" content=\"index, follow, max-snippet:-1, max-image-preview:large, max-video-preview:-1\" \/>\n<link rel=\"canonical\" href=\"http:\/\/kiwo.fr\/index.php\/a-propos\/\" \/>\n<meta property=\"og:locale\" content=\"en_US\" \/>\n<meta property=\"og:type\" content=\"article\" \/>\n<meta property=\"og:title\" content=\"\u00c0 propos - Kiwo\" \/>\n<meta property=\"og:description\" content=\"\u00c0 propos Sur kiwo.fr, vous trouverez des pr\u00e9sentations de logiciel et de services d\u2019accompagnement dans le secteur m\u00e9dico-social (EHPAD public\/priv\u00e9, SSIAD,\u2026) Notre volont\u00e9 d\u2019accompagnement dans votre d\u00e9marche qualit\u00e9 continue est issue de notre culture bas\u00e9e sur le questionnement de l\u2019ensemble du p\u00e9rim\u00e8tre d\u2019intervention aupr\u00e8s de la personne fragilis\u00e9e. Notre comp\u00e9tence s\u2019appuie sur notre exp\u00e9rience de [&hellip;]\" \/>\n<meta property=\"og:url\" content=\"http:\/\/kiwo.fr\/index.php\/a-propos\/\" \/>\n<meta property=\"og:site_name\" content=\"Kiwo\" \/>\n<meta name=\"twitter:card\" content=\"summary_large_image\" \/>\n<meta name=\"twitter:label1\" content=\"Est. reading time\" \/>\n\t<meta name=\"twitter:data1\" content=\"2 minutes\" \/>\n<script type=\"application\/ld+json\" class=\"yoast-schema-graph\">{\"@context\":\"https:\/\/schema.org\",\"@graph\":[{\"@type\":\"WebPage\",\"@id\":\"http:\/\/kiwo.fr\/index.php\/a-propos\/\",\"url\":\"http:\/\/kiwo.fr\/index.php\/a-propos\/\",\"name\":\"\u00c0 propos - Kiwo\",\"isPartOf\":{\"@id\":\"http:\/\/kiwo.fr\/#website\"},\"datePublished\":\"2024-06-24T07:50:17+00:00\",\"dateModified\":\"2024-06-24T07:50:17+00:00\",\"breadcrumb\":{\"@id\":\"http:\/\/kiwo.fr\/index.php\/a-propos\/#breadcrumb\"},\"inLanguage\":\"en-US\",\"potentialAction\":[{\"@type\":\"ReadAction\",\"target\":[\"http:\/\/kiwo.fr\/index.php\/a-propos\/\"]}]},{\"@type\":\"BreadcrumbList\",\"@id\":\"http:\/\/kiwo.fr\/index.php\/a-propos\/#breadcrumb\",\"itemListElement\":[{\"@type\":\"ListItem\",\"position\":1,\"name\":\"Accueil\",\"item\":\"http:\/\/kiwo.fr\/\"},{\"@type\":\"ListItem\",\"position\":2,\"name\":\"\u00c0 propos\"}]},{\"@type\":\"WebSite\",\"@id\":\"http:\/\/kiwo.fr\/#website\",\"url\":\"http:\/\/kiwo.fr\/\",\"name\":\"Kiwo\",\"description\":\"Accompagnement et logiciels dans la gestion de vos \u00e9tablissements m\u00e9dico-social\",\"publisher\":{\"@id\":\"http:\/\/kiwo.fr\/#organization\"},\"potentialAction\":[{\"@type\":\"SearchAction\",\"target\":{\"@type\":\"EntryPoint\",\"urlTemplate\":\"http:\/\/kiwo.fr\/?s={search_term_string}\"},\"query-input\":{\"@type\":\"PropertyValueSpecification\",\"valueRequired\":true,\"valueName\":\"search_term_string\"}}],\"inLanguage\":\"en-US\"},{\"@type\":\"Organization\",\"@id\":\"http:\/\/kiwo.fr\/#organization\",\"name\":\"Kiwo\",\"url\":\"http:\/\/kiwo.fr\/\",\"logo\":{\"@type\":\"ImageObject\",\"inLanguage\":\"en-US\",\"@id\":\"http:\/\/kiwo.fr\/#\/schema\/logo\/image\/\",\"url\":\"https:\/\/kiwo.fr\/wp-content\/uploads\/2024\/08\/cropped-kiwo-logo-2.png\",\"contentUrl\":\"https:\/\/kiwo.fr\/wp-content\/uploads\/2024\/08\/cropped-kiwo-logo-2.png\",\"width\":547,\"height\":150,\"caption\":\"Kiwo\"},\"image\":{\"@id\":\"http:\/\/kiwo.fr\/#\/schema\/logo\/image\/\"}}]}<\/script>\n<!-- \/ Yoast SEO plugin. -->","yoast_head_json":{"title":"\u00c0 propos - Kiwo","robots":{"index":"index","follow":"follow","max-snippet":"max-snippet:-1","max-image-preview":"max-image-preview:large","max-video-preview":"max-video-preview:-1"},"canonical":"http:\/\/kiwo.fr\/index.php\/a-propos\/","og_locale":"en_US","og_type":"article","og_title":"\u00c0 propos - Kiwo","og_description":"\u00c0 propos Sur kiwo.fr, vous trouverez des pr\u00e9sentations de logiciel et de services d\u2019accompagnement dans le secteur m\u00e9dico-social (EHPAD public\/priv\u00e9, SSIAD,\u2026) Notre volont\u00e9 d\u2019accompagnement dans votre d\u00e9marche qualit\u00e9 continue est issue de notre culture bas\u00e9e sur le questionnement de l\u2019ensemble du p\u00e9rim\u00e8tre d\u2019intervention aupr\u00e8s de la personne fragilis\u00e9e. Notre comp\u00e9tence s\u2019appuie sur notre exp\u00e9rience de [&hellip;]","og_url":"http:\/\/kiwo.fr\/index.php\/a-propos\/","og_site_name":"Kiwo","twitter_card":"summary_large_image","twitter_misc":{"Est. reading time":"2 minutes"},"schema":{"@context":"https:\/\/schema.org","@graph":[{"@type":"WebPage","@id":"http:\/\/kiwo.fr\/index.php\/a-propos\/","url":"http:\/\/kiwo.fr\/index.php\/a-propos\/","name":"\u00c0 propos - Kiwo","isPartOf":{"@id":"http:\/\/kiwo.fr\/#website"},"datePublished":"2024-06-24T07:50:17+00:00","dateModified":"2024-06-24T07:50:17+00:00","breadcrumb":{"@id":"http:\/\/kiwo.fr\/index.php\/a-propos\/#breadcrumb"},"inLanguage":"en-US","potentialAction":[{"@type":"ReadAction","target":["http:\/\/kiwo.fr\/index.php\/a-propos\/"]}]},{"@type":"BreadcrumbList","@id":"http:\/\/kiwo.fr\/index.php\/a-propos\/#breadcrumb","itemListElement":[{"@type":"ListItem","position":1,"name":"Accueil","item":"http:\/\/kiwo.fr\/"},{"@type":"ListItem","position":2,"name":"\u00c0 propos"}]},{"@type":"WebSite","@id":"http:\/\/kiwo.fr\/#website","url":"http:\/\/kiwo.fr\/","name":"Kiwo","description":"Accompagnement et logiciels dans la gestion de vos \u00e9tablissements m\u00e9dico-social","publisher":{"@id":"http:\/\/kiwo.fr\/#organization"},"potentialAction":[{"@type":"SearchAction","target":{"@type":"EntryPoint","urlTemplate":"http:\/\/kiwo.fr\/?s={search_term_string}"},"query-input":{"@type":"PropertyValueSpecification","valueRequired":true,"valueName":"search_term_string"}}],"inLanguage":"en-US"},{"@type":"Organization","@id":"http:\/\/kiwo.fr\/#organization","name":"Kiwo","url":"http:\/\/kiwo.fr\/","logo":{"@type":"ImageObject","inLanguage":"en-US","@id":"http:\/\/kiwo.fr\/#\/schema\/logo\/image\/","url":"https:\/\/kiwo.fr\/wp-content\/uploads\/2024\/08\/cropped-kiwo-logo-2.png","contentUrl":"https:\/\/kiwo.fr\/wp-content\/uploads\/2024\/08\/cropped-kiwo-logo-2.png","width":547,"height":150,"caption":"Kiwo"},"image":{"@id":"http:\/\/kiwo.fr\/#\/schema\/logo\/image\/"}}]}},"_links":{"self":[{"href":"https:\/\/kiwo.fr\/index.php\/wp-json\/wp\/v2\/pages\/54","targetHints":{"allow":["GET"]}}],"collection":[{"href":"https:\/\/kiwo.fr\/index.php\/wp-json\/wp\/v2\/pages"}],"about":[{"href":"https:\/\/kiwo.fr\/index.php\/wp-json\/wp\/v2\/types\/page"}],"author":[{"embeddable":true,"href":"https:\/\/kiwo.fr\/index.php\/wp-json\/wp\/v2\/users\/1"}],"replies":[{"embeddable":true,"href":"https:\/\/kiwo.fr\/index.php\/wp-json\/wp\/v2\/comments?post=54"}],"version-history":[{"count":1,"href":"https:\/\/kiwo.fr\/index.php\/wp-json\/wp\/v2\/pages\/54\/revisions"}],"predecessor-version":[{"id":55,"href":"https:\/\/kiwo.fr\/index.php\/wp-json\/wp\/v2\/pages\/54\/revisions\/55"}],"wp:attachment":[{"href":"https:\/\/kiwo.fr\/index.php\/wp-json\/wp\/v2\/media?parent=54"}],"curies":[{"name":"wp","href":"https:\/\/api.w.org\/{rel}","templated":true}]}}