{"id":726,"date":"2024-08-02T17:42:37","date_gmt":"2024-08-02T15:42:37","guid":{"rendered":"https:\/\/kiwo.fr\/?page_id=726"},"modified":"2024-08-05T16:56:25","modified_gmt":"2024-08-05T14:56:25","slug":"les-entretiens-professionnels","status":"publish","type":"page","link":"https:\/\/kiwo.fr\/index.php\/les-entretiens-professionnels\/","title":{"rendered":"Les entretiens professionnels"},"content":{"rendered":"\t\t<div data-elementor-type=\"wp-page\" data-elementor-id=\"726\" class=\"elementor elementor-726\">\n\t\t\t\t<div class=\"elementor-element elementor-element-3e5d7860 e-con-full e-flex e-con e-parent\" data-id=\"3e5d7860\" data-element_type=\"container\" data-settings=\"{&quot;background_background&quot;:&quot;classic&quot;}\">\n\t\t<div class=\"elementor-element elementor-element-8739965 e-con-full e-flex e-con e-child\" data-id=\"8739965\" data-element_type=\"container\">\n\t\t\t\t<div class=\"elementor-element elementor-element-5570ea38 elementor-widget elementor-widget-image\" data-id=\"5570ea38\" data-element_type=\"widget\" data-widget_type=\"image.default\">\n\t\t\t\t<div class=\"elementor-widget-container\">\n\t\t\t\t\t\t\t\t\t\t\t\t\t<img fetchpriority=\"high\" decoding=\"async\" width=\"1020\" height=\"574\" src=\"https:\/\/kiwo.fr\/wp-content\/uploads\/2024\/08\/EQUIPE-4-PERSONNES.png\" class=\"attachment-large size-large wp-image-836\" alt=\"\" srcset=\"https:\/\/kiwo.fr\/wp-content\/uploads\/2024\/08\/EQUIPE-4-PERSONNES.png 1020w, https:\/\/kiwo.fr\/wp-content\/uploads\/2024\/08\/EQUIPE-4-PERSONNES-300x169.png 300w, https:\/\/kiwo.fr\/wp-content\/uploads\/2024\/08\/EQUIPE-4-PERSONNES-768x432.png 768w, https:\/\/kiwo.fr\/wp-content\/uploads\/2024\/08\/EQUIPE-4-PERSONNES-800x450.png 800w\" sizes=\"(max-width: 1020px) 100vw, 1020px\" \/>\t\t\t\t\t\t\t\t\t\t\t\t\t<\/div>\n\t\t\t\t<\/div>\n\t\t\t\t<\/div>\n\t\t<div class=\"elementor-element elementor-element-d518c e-con-full e-flex e-con e-child\" data-id=\"d518c\" data-element_type=\"container\">\n\t\t\t\t<div class=\"elementor-element elementor-element-594b98f9 elementor-widget elementor-widget-heading\" data-id=\"594b98f9\" data-element_type=\"widget\" data-widget_type=\"heading.default\">\n\t\t\t\t<div class=\"elementor-widget-container\">\n\t\t\t<h1 class=\"elementor-heading-title elementor-size-default\">Les entretiens professionnels<\/h1>\t\t<\/div>\n\t\t\t\t<\/div>\n\t\t\t\t<div class=\"elementor-element elementor-element-74c978cf elementor-widget elementor-widget-text-editor\" data-id=\"74c978cf\" data-element_type=\"widget\" data-widget_type=\"text-editor.default\">\n\t\t\t\t<div class=\"elementor-widget-container\">\n\t\t\t\t\t\t\t<p>En constituant un groupe coh\u00e9rent de professionnels issus de votre structure, votre groupe compos\u00e9 de vos diff\u00e9rents professionnels du quotidien abordera les diff\u00e9rentes th\u00e9matiques du questionnaire\u00a0:<\/p>\t\t\t\t\t\t<\/div>\n\t\t\t\t<\/div>\n\t\t\t\t<\/div>\n\t\t\t\t<\/div>\n\t\t<div class=\"elementor-element elementor-element-568019f e-flex e-con-boxed e-con e-parent\" data-id=\"568019f\" data-element_type=\"container\">\n\t\t\t\t\t<div class=\"e-con-inner\">\n\t\t\t\t<div class=\"elementor-element elementor-element-001efbd elementor-align-left elementor-icon-list--layout-traditional elementor-list-item-link-full_width elementor-widget elementor-widget-icon-list\" data-id=\"001efbd\" data-element_type=\"widget\" data-widget_type=\"icon-list.default\">\n\t\t\t\t<div class=\"elementor-widget-container\">\n\t\t\t\t\t<ul class=\"elementor-icon-list-items\">\n\t\t\t\t\t\t\t<li class=\"elementor-icon-list-item\">\n\t\t\t\t\t\t\t\t\t\t\t<span class=\"elementor-icon-list-icon\">\n\t\t\t\t\t\t\t<svg aria-hidden=\"true\" class=\"e-font-icon-svg e-fas-thumbtack\" viewBox=\"0 0 384 512\" xmlns=\"http:\/\/www.w3.org\/2000\/svg\"><path d=\"M298.028 214.267L285.793 96H328c13.255 0 24-10.745 24-24V24c0-13.255-10.745-24-24-24H56C42.745 0 32 10.745 32 24v48c0 13.255 10.745 24 24 24h42.207L85.972 214.267C37.465 236.82 0 277.261 0 328c0 13.255 10.745 24 24 24h136v104.007c0 1.242.289 2.467.845 3.578l24 48c2.941 5.882 11.364 5.893 14.311 0l24-48a8.008 8.008 0 0 0 .845-3.578V352h136c13.255 0 24-10.745 24-24-.001-51.183-37.983-91.42-85.973-113.733z\"><\/path><\/svg>\t\t\t\t\t\t<\/span>\n\t\t\t\t\t\t\t\t\t\t<span class=\"elementor-icon-list-text\">Bientraitance et \u00e9thique<\/span>\n\t\t\t\t\t\t\t\t\t<\/li>\n\t\t\t\t\t\t\t\t<li class=\"elementor-icon-list-item\">\n\t\t\t\t\t\t\t\t\t\t\t<span class=\"elementor-icon-list-icon\">\n\t\t\t\t\t\t\t<svg aria-hidden=\"true\" class=\"e-font-icon-svg e-fas-thumbtack\" viewBox=\"0 0 384 512\" xmlns=\"http:\/\/www.w3.org\/2000\/svg\"><path d=\"M298.028 214.267L285.793 96H328c13.255 0 24-10.745 24-24V24c0-13.255-10.745-24-24-24H56C42.745 0 32 10.745 32 24v48c0 13.255 10.745 24 24 24h42.207L85.972 214.267C37.465 236.82 0 277.261 0 328c0 13.255 10.745 24 24 24h136v104.007c0 1.242.289 2.467.845 3.578l24 48c2.941 5.882 11.364 5.893 14.311 0l24-48a8.008 8.008 0 0 0 .845-3.578V352h136c13.255 0 24-10.745 24-24-.001-51.183-37.983-91.42-85.973-113.733z\"><\/path><\/svg>\t\t\t\t\t\t<\/span>\n\t\t\t\t\t\t\t\t\t\t<span class=\"elementor-icon-list-text\">Droits de la personne accompagn\u00e9e<\/span>\n\t\t\t\t\t\t\t\t\t<\/li>\n\t\t\t\t\t\t\t\t<li class=\"elementor-icon-list-item\">\n\t\t\t\t\t\t\t\t\t\t\t<span class=\"elementor-icon-list-icon\">\n\t\t\t\t\t\t\t<svg aria-hidden=\"true\" class=\"e-font-icon-svg e-fas-thumbtack\" viewBox=\"0 0 384 512\" xmlns=\"http:\/\/www.w3.org\/2000\/svg\"><path d=\"M298.028 214.267L285.793 96H328c13.255 0 24-10.745 24-24V24c0-13.255-10.745-24-24-24H56C42.745 0 32 10.745 32 24v48c0 13.255 10.745 24 24 24h42.207L85.972 214.267C37.465 236.82 0 277.261 0 328c0 13.255 10.745 24 24 24h136v104.007c0 1.242.289 2.467.845 3.578l24 48c2.941 5.882 11.364 5.893 14.311 0l24-48a8.008 8.008 0 0 0 .845-3.578V352h136c13.255 0 24-10.745 24-24-.001-51.183-37.983-91.42-85.973-113.733z\"><\/path><\/svg>\t\t\t\t\t\t<\/span>\n\t\t\t\t\t\t\t\t\t\t<span class=\"elementor-icon-list-text\">Expression et participation de la personne accompagn\u00e9e<\/span>\n\t\t\t\t\t\t\t\t\t<\/li>\n\t\t\t\t\t\t\t\t<li class=\"elementor-icon-list-item\">\n\t\t\t\t\t\t\t\t\t\t\t<span class=\"elementor-icon-list-icon\">\n\t\t\t\t\t\t\t<svg aria-hidden=\"true\" class=\"e-font-icon-svg e-fas-thumbtack\" viewBox=\"0 0 384 512\" xmlns=\"http:\/\/www.w3.org\/2000\/svg\"><path d=\"M298.028 214.267L285.793 96H328c13.255 0 24-10.745 24-24V24c0-13.255-10.745-24-24-24H56C42.745 0 32 10.745 32 24v48c0 13.255 10.745 24 24 24h42.207L85.972 214.267C37.465 236.82 0 277.261 0 328c0 13.255 10.745 24 24 24h136v104.007c0 1.242.289 2.467.845 3.578l24 48c2.941 5.882 11.364 5.893 14.311 0l24-48a8.008 8.008 0 0 0 .845-3.578V352h136c13.255 0 24-10.745 24-24-.001-51.183-37.983-91.42-85.973-113.733z\"><\/path><\/svg>\t\t\t\t\t\t<\/span>\n\t\t\t\t\t\t\t\t\t\t<span class=\"elementor-icon-list-text\">Co-construction et personnalisation du projet d\u2019accompagnement<\/span>\n\t\t\t\t\t\t\t\t\t<\/li>\n\t\t\t\t\t\t\t\t<li class=\"elementor-icon-list-item\">\n\t\t\t\t\t\t\t\t\t\t\t<span class=\"elementor-icon-list-icon\">\n\t\t\t\t\t\t\t<svg aria-hidden=\"true\" class=\"e-font-icon-svg e-fas-thumbtack\" viewBox=\"0 0 384 512\" xmlns=\"http:\/\/www.w3.org\/2000\/svg\"><path d=\"M298.028 214.267L285.793 96H328c13.255 0 24-10.745 24-24V24c0-13.255-10.745-24-24-24H56C42.745 0 32 10.745 32 24v48c0 13.255 10.745 24 24 24h42.207L85.972 214.267C37.465 236.82 0 277.261 0 328c0 13.255 10.745 24 24 24h136v104.007c0 1.242.289 2.467.845 3.578l24 48c2.941 5.882 11.364 5.893 14.311 0l24-48a8.008 8.008 0 0 0 .845-3.578V352h136c13.255 0 24-10.745 24-24-.001-51.183-37.983-91.42-85.973-113.733z\"><\/path><\/svg>\t\t\t\t\t\t<\/span>\n\t\t\t\t\t\t\t\t\t\t<span class=\"elementor-icon-list-text\">Accompagnement \u00e0 l\u2019autonomie<\/span>\n\t\t\t\t\t\t\t\t\t<\/li>\n\t\t\t\t\t\t\t\t<li class=\"elementor-icon-list-item\">\n\t\t\t\t\t\t\t\t\t\t\t<span class=\"elementor-icon-list-icon\">\n\t\t\t\t\t\t\t<svg aria-hidden=\"true\" class=\"e-font-icon-svg e-fas-thumbtack\" viewBox=\"0 0 384 512\" xmlns=\"http:\/\/www.w3.org\/2000\/svg\"><path d=\"M298.028 214.267L285.793 96H328c13.255 0 24-10.745 24-24V24c0-13.255-10.745-24-24-24H56C42.745 0 32 10.745 32 24v48c0 13.255 10.745 24 24 24h42.207L85.972 214.267C37.465 236.82 0 277.261 0 328c0 13.255 10.745 24 24 24h136v104.007c0 1.242.289 2.467.845 3.578l24 48c2.941 5.882 11.364 5.893 14.311 0l24-48a8.008 8.008 0 0 0 .845-3.578V352h136c13.255 0 24-10.745 24-24-.001-51.183-37.983-91.42-85.973-113.733z\"><\/path><\/svg>\t\t\t\t\t\t<\/span>\n\t\t\t\t\t\t\t\t\t\t<span class=\"elementor-icon-list-text\">Accompagnement \u00e0 la sant\u00e9<\/span>\n\t\t\t\t\t\t\t\t\t<\/li>\n\t\t\t\t\t\t\t\t<li class=\"elementor-icon-list-item\">\n\t\t\t\t\t\t\t\t\t\t\t<span class=\"elementor-icon-list-icon\">\n\t\t\t\t\t\t\t<svg aria-hidden=\"true\" class=\"e-font-icon-svg e-fas-thumbtack\" viewBox=\"0 0 384 512\" xmlns=\"http:\/\/www.w3.org\/2000\/svg\"><path d=\"M298.028 214.267L285.793 96H328c13.255 0 24-10.745 24-24V24c0-13.255-10.745-24-24-24H56C42.745 0 32 10.745 32 24v48c0 13.255 10.745 24 24 24h42.207L85.972 214.267C37.465 236.82 0 277.261 0 328c0 13.255 10.745 24 24 24h136v104.007c0 1.242.289 2.467.845 3.578l24 48c2.941 5.882 11.364 5.893 14.311 0l24-48a8.008 8.008 0 0 0 .845-3.578V352h136c13.255 0 24-10.745 24-24-.001-51.183-37.983-91.42-85.973-113.733z\"><\/path><\/svg>\t\t\t\t\t\t<\/span>\n\t\t\t\t\t\t\t\t\t\t<span class=\"elementor-icon-list-text\">Continuit\u00e9 et fluidit\u00e9 des parcours<\/span>\n\t\t\t\t\t\t\t\t\t<\/li>\n\t\t\t\t\t\t<\/ul>\n\t\t\t\t<\/div>\n\t\t\t\t<\/div>\n\t\t\t\t\t<\/div>\n\t\t\t\t<\/div>\n\t\t<div class=\"elementor-element elementor-element-8c1ec4b e-flex e-con-boxed e-con e-parent\" data-id=\"8c1ec4b\" data-element_type=\"container\">\n\t\t\t\t\t<div class=\"e-con-inner\">\n\t\t<div class=\"elementor-element elementor-element-f4a8310 e-con-full e-flex e-con e-child\" data-id=\"f4a8310\" data-element_type=\"container\">\n\t\t\t\t<div class=\"elementor-element elementor-element-69117ac elementor-mobile-align-center elementor-align-center elementor-widget elementor-widget-button\" data-id=\"69117ac\" data-element_type=\"widget\" data-widget_type=\"button.default\">\n\t\t\t\t<div class=\"elementor-widget-container\">\n\t\t\t\t\t\t\t<div class=\"elementor-button-wrapper\">\n\t\t\t\t\t<a class=\"elementor-button elementor-button-link elementor-size-sm\" href=\"https:\/\/kiwo.fr\/index.php\/votre-evaluation\/\">\n\t\t\t\t\t\t<span class=\"elementor-button-content-wrapper\">\n\t\t\t\t\t\t<span class=\"elementor-button-icon\">\n\t\t\t\t<svg aria-hidden=\"true\" class=\"e-font-icon-svg e-fas-arrow-alt-circle-left\" viewBox=\"0 0 512 512\" xmlns=\"http:\/\/www.w3.org\/2000\/svg\"><path d=\"M256 504C119 504 8 393 8 256S119 8 256 8s248 111 248 248-111 248-248 248zm116-292H256v-70.9c0-10.7-13-16.1-20.5-8.5L121.2 247.5c-4.7 4.7-4.7 12.2 0 16.9l114.3 114.9c7.6 7.6 20.5 2.2 20.5-8.5V300h116c6.6 0 12-5.4 12-12v-64c0-6.6-5.4-12-12-12z\"><\/path><\/svg>\t\t\t<\/span>\n\t\t\t\t\t\t\t\t\t<span class=\"elementor-button-text\">entretiens usagers<\/span>\n\t\t\t\t\t<\/span>\n\t\t\t\t\t<\/a>\n\t\t\t\t<\/div>\n\t\t\t\t\t\t<\/div>\n\t\t\t\t<\/div>\n\t\t\t\t<\/div>\n\t\t<div class=\"elementor-element elementor-element-0c4977a e-con-full e-flex e-con e-child\" data-id=\"0c4977a\" data-element_type=\"container\">\n\t\t\t\t<div class=\"elementor-element elementor-element-c49adde elementor-mobile-align-center elementor-align-center elementor-widget__width-initial elementor-widget elementor-widget-button\" data-id=\"c49adde\" data-element_type=\"widget\" data-widget_type=\"button.default\">\n\t\t\t\t<div class=\"elementor-widget-container\">\n\t\t\t\t\t\t\t<div class=\"elementor-button-wrapper\">\n\t\t\t\t\t<a class=\"elementor-button elementor-button-link elementor-size-sm\" href=\"https:\/\/kiwo.fr\/index.php\/les-entretiens-avec-la-gouvernance-dirigeance\/\">\n\t\t\t\t\t\t<span class=\"elementor-button-content-wrapper\">\n\t\t\t\t\t\t<span class=\"elementor-button-icon\">\n\t\t\t\t<svg aria-hidden=\"true\" class=\"e-font-icon-svg e-fas-arrow-alt-circle-right\" viewBox=\"0 0 512 512\" xmlns=\"http:\/\/www.w3.org\/2000\/svg\"><path d=\"M256 8c137 0 248 111 248 248S393 504 256 504 8 393 8 256 119 8 256 8zM140 300h116v70.9c0 10.7 13 16.1 20.5 8.5l114.3-114.9c4.7-4.7 4.7-12.2 0-16.9l-114.3-115c-7.6-7.6-20.5-2.2-20.5 8.5V212H140c-6.6 0-12 5.4-12 12v64c0 6.6 5.4 12 12 12z\"><\/path><\/svg>\t\t\t<\/span>\n\t\t\t\t\t\t\t\t\t<span class=\"elementor-button-text\">entretiens gouvernance\/dirigeance<\/span>\n\t\t\t\t\t<\/span>\n\t\t\t\t\t<\/a>\n\t\t\t\t<\/div>\n\t\t\t\t\t\t<\/div>\n\t\t\t\t<\/div>\n\t\t\t\t<\/div>\n\t\t\t\t\t<\/div>\n\t\t\t\t<\/div>\n\t\t<div class=\"elementor-element elementor-element-31acbbec e-flex e-con-boxed e-con e-parent\" data-id=\"31acbbec\" data-element_type=\"container\" data-settings=\"{&quot;background_background&quot;:&quot;classic&quot;}\">\n\t\t\t\t\t<div class=\"e-con-inner\">\n\t\t\t\t<div class=\"elementor-element elementor-element-61baca2e elementor-widget elementor-widget-heading\" data-id=\"61baca2e\" data-element_type=\"widget\" data-widget_type=\"heading.default\">\n\t\t\t\t<div class=\"elementor-widget-container\">\n\t\t\t<p class=\"elementor-heading-title elementor-size-default\">\u00a9 2024 tous droits r\u00e9serv\u00e9s<\/p>\t\t<\/div>\n\t\t\t\t<\/div>\n\t\t\t\t\t<\/div>\n\t\t\t\t<\/div>\n\t\t\t\t<\/div>\n\t\t","protected":false},"excerpt":{"rendered":"<p>Les entretiens professionnels En constituant un groupe coh\u00e9rent de professionnels issus de votre structure, votre groupe compos\u00e9 de vos diff\u00e9rents professionnels du quotidien abordera les diff\u00e9rentes th\u00e9matiques du questionnaire\u00a0: Bientraitance et \u00e9thique Droits de la personne accompagn\u00e9e Expression et participation de la personne accompagn\u00e9e Co-construction et personnalisation du projet d\u2019accompagnement Accompagnement \u00e0 l\u2019autonomie Accompagnement \u00e0 [&hellip;]<\/p>\n","protected":false},"author":1,"featured_media":0,"parent":0,"menu_order":0,"comment_status":"closed","ping_status":"closed","template":"","meta":{"footnotes":""},"class_list":["post-726","page","type-page","status-publish","hentry","entry"],"yoast_head":"<!-- This site is optimized with the Yoast SEO plugin v23.7 - https:\/\/yoast.com\/wordpress\/plugins\/seo\/ -->\n<title>Les entretiens professionnels - Kiwo<\/title>\n<meta name=\"robots\" content=\"index, follow, max-snippet:-1, max-image-preview:large, max-video-preview:-1\" \/>\n<link rel=\"canonical\" href=\"https:\/\/kiwo.fr\/index.php\/les-entretiens-professionnels\/\" \/>\n<meta property=\"og:locale\" content=\"en_US\" \/>\n<meta property=\"og:type\" content=\"article\" \/>\n<meta property=\"og:title\" content=\"Les entretiens professionnels - Kiwo\" \/>\n<meta property=\"og:description\" content=\"Les entretiens professionnels En constituant un groupe coh\u00e9rent de professionnels issus de votre structure, votre groupe compos\u00e9 de vos diff\u00e9rents professionnels du quotidien abordera les diff\u00e9rentes th\u00e9matiques du questionnaire\u00a0: Bientraitance et \u00e9thique Droits de la personne accompagn\u00e9e Expression et participation de la personne accompagn\u00e9e Co-construction et personnalisation du projet d\u2019accompagnement Accompagnement \u00e0 l\u2019autonomie Accompagnement \u00e0 [&hellip;]\" \/>\n<meta property=\"og:url\" content=\"https:\/\/kiwo.fr\/index.php\/les-entretiens-professionnels\/\" \/>\n<meta property=\"og:site_name\" content=\"Kiwo\" \/>\n<meta property=\"article:modified_time\" content=\"2024-08-05T14:56:25+00:00\" \/>\n<meta property=\"og:image\" content=\"http:\/\/kiwo.fr\/wp-content\/uploads\/2024\/08\/EQUIPE-4-PERSONNES.png\" \/>\n<meta name=\"twitter:card\" content=\"summary_large_image\" \/>\n<script type=\"application\/ld+json\" class=\"yoast-schema-graph\">{\"@context\":\"https:\/\/schema.org\",\"@graph\":[{\"@type\":\"WebPage\",\"@id\":\"https:\/\/kiwo.fr\/index.php\/les-entretiens-professionnels\/\",\"url\":\"https:\/\/kiwo.fr\/index.php\/les-entretiens-professionnels\/\",\"name\":\"Les entretiens professionnels - Kiwo\",\"isPartOf\":{\"@id\":\"http:\/\/kiwo.fr\/#website\"},\"primaryImageOfPage\":{\"@id\":\"https:\/\/kiwo.fr\/index.php\/les-entretiens-professionnels\/#primaryimage\"},\"image\":{\"@id\":\"https:\/\/kiwo.fr\/index.php\/les-entretiens-professionnels\/#primaryimage\"},\"thumbnailUrl\":\"http:\/\/kiwo.fr\/wp-content\/uploads\/2024\/08\/EQUIPE-4-PERSONNES.png\",\"datePublished\":\"2024-08-02T15:42:37+00:00\",\"dateModified\":\"2024-08-05T14:56:25+00:00\",\"breadcrumb\":{\"@id\":\"https:\/\/kiwo.fr\/index.php\/les-entretiens-professionnels\/#breadcrumb\"},\"inLanguage\":\"en-US\",\"potentialAction\":[{\"@type\":\"ReadAction\",\"target\":[\"https:\/\/kiwo.fr\/index.php\/les-entretiens-professionnels\/\"]}]},{\"@type\":\"ImageObject\",\"inLanguage\":\"en-US\",\"@id\":\"https:\/\/kiwo.fr\/index.php\/les-entretiens-professionnels\/#primaryimage\",\"url\":\"https:\/\/kiwo.fr\/wp-content\/uploads\/2024\/08\/EQUIPE-4-PERSONNES.png\",\"contentUrl\":\"https:\/\/kiwo.fr\/wp-content\/uploads\/2024\/08\/EQUIPE-4-PERSONNES.png\",\"width\":1020,\"height\":574},{\"@type\":\"BreadcrumbList\",\"@id\":\"https:\/\/kiwo.fr\/index.php\/les-entretiens-professionnels\/#breadcrumb\",\"itemListElement\":[{\"@type\":\"ListItem\",\"position\":1,\"name\":\"Accueil\",\"item\":\"http:\/\/kiwo.fr\/\"},{\"@type\":\"ListItem\",\"position\":2,\"name\":\"Les entretiens professionnels\"}]},{\"@type\":\"WebSite\",\"@id\":\"http:\/\/kiwo.fr\/#website\",\"url\":\"http:\/\/kiwo.fr\/\",\"name\":\"Kiwo\",\"description\":\"Accompagnement et logiciels dans la gestion de vos \u00e9tablissements m\u00e9dico-social\",\"publisher\":{\"@id\":\"http:\/\/kiwo.fr\/#organization\"},\"potentialAction\":[{\"@type\":\"SearchAction\",\"target\":{\"@type\":\"EntryPoint\",\"urlTemplate\":\"http:\/\/kiwo.fr\/?s={search_term_string}\"},\"query-input\":{\"@type\":\"PropertyValueSpecification\",\"valueRequired\":true,\"valueName\":\"search_term_string\"}}],\"inLanguage\":\"en-US\"},{\"@type\":\"Organization\",\"@id\":\"http:\/\/kiwo.fr\/#organization\",\"name\":\"Kiwo\",\"url\":\"http:\/\/kiwo.fr\/\",\"logo\":{\"@type\":\"ImageObject\",\"inLanguage\":\"en-US\",\"@id\":\"http:\/\/kiwo.fr\/#\/schema\/logo\/image\/\",\"url\":\"https:\/\/kiwo.fr\/wp-content\/uploads\/2024\/08\/cropped-kiwo-logo-2.png\",\"contentUrl\":\"https:\/\/kiwo.fr\/wp-content\/uploads\/2024\/08\/cropped-kiwo-logo-2.png\",\"width\":547,\"height\":150,\"caption\":\"Kiwo\"},\"image\":{\"@id\":\"http:\/\/kiwo.fr\/#\/schema\/logo\/image\/\"}}]}<\/script>\n<!-- \/ Yoast SEO plugin. -->","yoast_head_json":{"title":"Les entretiens professionnels - Kiwo","robots":{"index":"index","follow":"follow","max-snippet":"max-snippet:-1","max-image-preview":"max-image-preview:large","max-video-preview":"max-video-preview:-1"},"canonical":"https:\/\/kiwo.fr\/index.php\/les-entretiens-professionnels\/","og_locale":"en_US","og_type":"article","og_title":"Les entretiens professionnels - Kiwo","og_description":"Les entretiens professionnels En constituant un groupe coh\u00e9rent de professionnels issus de votre structure, votre groupe compos\u00e9 de vos diff\u00e9rents professionnels du quotidien abordera les diff\u00e9rentes th\u00e9matiques du questionnaire\u00a0: Bientraitance et \u00e9thique Droits de la personne accompagn\u00e9e Expression et participation de la personne accompagn\u00e9e Co-construction et personnalisation du projet d\u2019accompagnement Accompagnement \u00e0 l\u2019autonomie Accompagnement \u00e0 [&hellip;]","og_url":"https:\/\/kiwo.fr\/index.php\/les-entretiens-professionnels\/","og_site_name":"Kiwo","article_modified_time":"2024-08-05T14:56:25+00:00","og_image":[{"url":"http:\/\/kiwo.fr\/wp-content\/uploads\/2024\/08\/EQUIPE-4-PERSONNES.png"}],"twitter_card":"summary_large_image","schema":{"@context":"https:\/\/schema.org","@graph":[{"@type":"WebPage","@id":"https:\/\/kiwo.fr\/index.php\/les-entretiens-professionnels\/","url":"https:\/\/kiwo.fr\/index.php\/les-entretiens-professionnels\/","name":"Les entretiens professionnels - Kiwo","isPartOf":{"@id":"http:\/\/kiwo.fr\/#website"},"primaryImageOfPage":{"@id":"https:\/\/kiwo.fr\/index.php\/les-entretiens-professionnels\/#primaryimage"},"image":{"@id":"https:\/\/kiwo.fr\/index.php\/les-entretiens-professionnels\/#primaryimage"},"thumbnailUrl":"http:\/\/kiwo.fr\/wp-content\/uploads\/2024\/08\/EQUIPE-4-PERSONNES.png","datePublished":"2024-08-02T15:42:37+00:00","dateModified":"2024-08-05T14:56:25+00:00","breadcrumb":{"@id":"https:\/\/kiwo.fr\/index.php\/les-entretiens-professionnels\/#breadcrumb"},"inLanguage":"en-US","potentialAction":[{"@type":"ReadAction","target":["https:\/\/kiwo.fr\/index.php\/les-entretiens-professionnels\/"]}]},{"@type":"ImageObject","inLanguage":"en-US","@id":"https:\/\/kiwo.fr\/index.php\/les-entretiens-professionnels\/#primaryimage","url":"https:\/\/kiwo.fr\/wp-content\/uploads\/2024\/08\/EQUIPE-4-PERSONNES.png","contentUrl":"https:\/\/kiwo.fr\/wp-content\/uploads\/2024\/08\/EQUIPE-4-PERSONNES.png","width":1020,"height":574},{"@type":"BreadcrumbList","@id":"https:\/\/kiwo.fr\/index.php\/les-entretiens-professionnels\/#breadcrumb","itemListElement":[{"@type":"ListItem","position":1,"name":"Accueil","item":"http:\/\/kiwo.fr\/"},{"@type":"ListItem","position":2,"name":"Les entretiens professionnels"}]},{"@type":"WebSite","@id":"http:\/\/kiwo.fr\/#website","url":"http:\/\/kiwo.fr\/","name":"Kiwo","description":"Accompagnement et logiciels dans la gestion de vos \u00e9tablissements m\u00e9dico-social","publisher":{"@id":"http:\/\/kiwo.fr\/#organization"},"potentialAction":[{"@type":"SearchAction","target":{"@type":"EntryPoint","urlTemplate":"http:\/\/kiwo.fr\/?s={search_term_string}"},"query-input":{"@type":"PropertyValueSpecification","valueRequired":true,"valueName":"search_term_string"}}],"inLanguage":"en-US"},{"@type":"Organization","@id":"http:\/\/kiwo.fr\/#organization","name":"Kiwo","url":"http:\/\/kiwo.fr\/","logo":{"@type":"ImageObject","inLanguage":"en-US","@id":"http:\/\/kiwo.fr\/#\/schema\/logo\/image\/","url":"https:\/\/kiwo.fr\/wp-content\/uploads\/2024\/08\/cropped-kiwo-logo-2.png","contentUrl":"https:\/\/kiwo.fr\/wp-content\/uploads\/2024\/08\/cropped-kiwo-logo-2.png","width":547,"height":150,"caption":"Kiwo"},"image":{"@id":"http:\/\/kiwo.fr\/#\/schema\/logo\/image\/"}}]}},"_links":{"self":[{"href":"https:\/\/kiwo.fr\/index.php\/wp-json\/wp\/v2\/pages\/726","targetHints":{"allow":["GET"]}}],"collection":[{"href":"https:\/\/kiwo.fr\/index.php\/wp-json\/wp\/v2\/pages"}],"about":[{"href":"https:\/\/kiwo.fr\/index.php\/wp-json\/wp\/v2\/types\/page"}],"author":[{"embeddable":true,"href":"https:\/\/kiwo.fr\/index.php\/wp-json\/wp\/v2\/users\/1"}],"replies":[{"embeddable":true,"href":"https:\/\/kiwo.fr\/index.php\/wp-json\/wp\/v2\/comments?post=726"}],"version-history":[{"count":13,"href":"https:\/\/kiwo.fr\/index.php\/wp-json\/wp\/v2\/pages\/726\/revisions"}],"predecessor-version":[{"id":840,"href":"https:\/\/kiwo.fr\/index.php\/wp-json\/wp\/v2\/pages\/726\/revisions\/840"}],"wp:attachment":[{"href":"https:\/\/kiwo.fr\/index.php\/wp-json\/wp\/v2\/media?parent=726"}],"curies":[{"name":"wp","href":"https:\/\/api.w.org\/{rel}","templated":true}]}}