{"id":731,"date":"2024-08-02T17:52:09","date_gmt":"2024-08-02T15:52:09","guid":{"rendered":"https:\/\/kiwo.fr\/?page_id=731"},"modified":"2024-08-05T17:03:47","modified_gmt":"2024-08-05T15:03:47","slug":"les-entretiens-avec-la-gouvernance-dirigeance","status":"publish","type":"page","link":"https:\/\/kiwo.fr\/index.php\/les-entretiens-avec-la-gouvernance-dirigeance\/","title":{"rendered":"Les entretiens avec la gouvernance\/dirigeance"},"content":{"rendered":"\t\t<div data-elementor-type=\"wp-page\" data-elementor-id=\"731\" class=\"elementor elementor-731\">\n\t\t\t\t<div class=\"elementor-element elementor-element-7fb95bfd e-con-full e-flex e-con e-parent\" data-id=\"7fb95bfd\" data-element_type=\"container\" data-settings=\"{&quot;background_background&quot;:&quot;classic&quot;}\">\n\t\t<div class=\"elementor-element elementor-element-7290137b e-con-full e-flex e-con e-child\" data-id=\"7290137b\" data-element_type=\"container\">\n\t\t\t\t<div class=\"elementor-element elementor-element-479371bf elementor-widget elementor-widget-image\" data-id=\"479371bf\" data-element_type=\"widget\" data-widget_type=\"image.default\">\n\t\t\t\t<div class=\"elementor-widget-container\">\n\t\t\t\t\t\t\t\t\t\t\t\t\t<img fetchpriority=\"high\" decoding=\"async\" width=\"1020\" height=\"648\" src=\"https:\/\/kiwo.fr\/wp-content\/uploads\/2024\/08\/EVALUATEURS.png\" class=\"attachment-large size-large wp-image-841\" alt=\"\" srcset=\"https:\/\/kiwo.fr\/wp-content\/uploads\/2024\/08\/EVALUATEURS.png 1020w, https:\/\/kiwo.fr\/wp-content\/uploads\/2024\/08\/EVALUATEURS-300x191.png 300w, https:\/\/kiwo.fr\/wp-content\/uploads\/2024\/08\/EVALUATEURS-768x488.png 768w\" sizes=\"(max-width: 1020px) 100vw, 1020px\" \/>\t\t\t\t\t\t\t\t\t\t\t\t\t<\/div>\n\t\t\t\t<\/div>\n\t\t\t\t<\/div>\n\t\t<div class=\"elementor-element elementor-element-4caee6e8 e-con-full e-flex e-con e-child\" data-id=\"4caee6e8\" data-element_type=\"container\">\n\t\t\t\t<div class=\"elementor-element elementor-element-20b146db elementor-widget elementor-widget-heading\" data-id=\"20b146db\" data-element_type=\"widget\" data-widget_type=\"heading.default\">\n\t\t\t\t<div class=\"elementor-widget-container\">\n\t\t\t<h1 class=\"elementor-heading-title elementor-size-default\">Les entretiens avec la gouvernance\/dirigeance<\/h1>\t\t<\/div>\n\t\t\t\t<\/div>\n\t\t\t\t<div class=\"elementor-element elementor-element-1c03ee51 elementor-widget elementor-widget-text-editor\" data-id=\"1c03ee51\" data-element_type=\"widget\" data-widget_type=\"text-editor.default\">\n\t\t\t\t<div class=\"elementor-widget-container\">\n\t\t\t\t\t\t\t<p>La direction et l\u2019encadrement de votre structure d\u00e9taillent la strat\u00e9gie de votre organisation et les actions mises en place pour assurer la capacit\u00e9 de votre structure \u00e0 atteindre vos objectifs.<\/p>\t\t\t\t\t\t<\/div>\n\t\t\t\t<\/div>\n\t\t\t\t<\/div>\n\t\t\t\t<\/div>\n\t\t<div class=\"elementor-element elementor-element-91f8c1e e-flex e-con-boxed e-con e-parent\" data-id=\"91f8c1e\" data-element_type=\"container\">\n\t\t\t\t\t<div class=\"e-con-inner\">\n\t\t\t\t<div class=\"elementor-element elementor-element-04caed9 elementor-widget elementor-widget-heading\" data-id=\"04caed9\" data-element_type=\"widget\" data-widget_type=\"heading.default\">\n\t\t\t\t<div class=\"elementor-widget-container\">\n\t\t\t<h1 class=\"elementor-heading-title elementor-size-default\">Les diff\u00e9rentes th\u00e9matiques abord\u00e9es sont les suivantes :<\/h1>\t\t<\/div>\n\t\t\t\t<\/div>\n\t\t\t\t<div class=\"elementor-element elementor-element-9fa1d72 elementor-align-left elementor-icon-list--layout-traditional elementor-list-item-link-full_width elementor-widget elementor-widget-icon-list\" data-id=\"9fa1d72\" data-element_type=\"widget\" data-widget_type=\"icon-list.default\">\n\t\t\t\t<div class=\"elementor-widget-container\">\n\t\t\t\t\t<ul class=\"elementor-icon-list-items\">\n\t\t\t\t\t\t\t<li class=\"elementor-icon-list-item\">\n\t\t\t\t\t\t\t\t\t\t\t<span class=\"elementor-icon-list-icon\">\n\t\t\t\t\t\t\t<svg aria-hidden=\"true\" class=\"e-font-icon-svg e-fas-thumbtack\" viewBox=\"0 0 384 512\" xmlns=\"http:\/\/www.w3.org\/2000\/svg\"><path d=\"M298.028 214.267L285.793 96H328c13.255 0 24-10.745 24-24V24c0-13.255-10.745-24-24-24H56C42.745 0 32 10.745 32 24v48c0 13.255 10.745 24 24 24h42.207L85.972 214.267C37.465 236.82 0 277.261 0 328c0 13.255 10.745 24 24 24h136v104.007c0 1.242.289 2.467.845 3.578l24 48c2.941 5.882 11.364 5.893 14.311 0l24-48a8.008 8.008 0 0 0 .845-3.578V352h136c13.255 0 24-10.745 24-24-.001-51.183-37.983-91.42-85.973-113.733z\"><\/path><\/svg>\t\t\t\t\t\t<\/span>\n\t\t\t\t\t\t\t\t\t\t<span class=\"elementor-icon-list-text\">Bientraitance et \u00e9thique<\/span>\n\t\t\t\t\t\t\t\t\t<\/li>\n\t\t\t\t\t\t\t\t<li class=\"elementor-icon-list-item\">\n\t\t\t\t\t\t\t\t\t\t\t<span class=\"elementor-icon-list-icon\">\n\t\t\t\t\t\t\t<svg aria-hidden=\"true\" class=\"e-font-icon-svg e-fas-thumbtack\" viewBox=\"0 0 384 512\" xmlns=\"http:\/\/www.w3.org\/2000\/svg\"><path d=\"M298.028 214.267L285.793 96H328c13.255 0 24-10.745 24-24V24c0-13.255-10.745-24-24-24H56C42.745 0 32 10.745 32 24v48c0 13.255 10.745 24 24 24h42.207L85.972 214.267C37.465 236.82 0 277.261 0 328c0 13.255 10.745 24 24 24h136v104.007c0 1.242.289 2.467.845 3.578l24 48c2.941 5.882 11.364 5.893 14.311 0l24-48a8.008 8.008 0 0 0 .845-3.578V352h136c13.255 0 24-10.745 24-24-.001-51.183-37.983-91.42-85.973-113.733z\"><\/path><\/svg>\t\t\t\t\t\t<\/span>\n\t\t\t\t\t\t\t\t\t\t<span class=\"elementor-icon-list-text\">Droits de la personne accompagn\u00e9e<\/span>\n\t\t\t\t\t\t\t\t\t<\/li>\n\t\t\t\t\t\t\t\t<li class=\"elementor-icon-list-item\">\n\t\t\t\t\t\t\t\t\t\t\t<span class=\"elementor-icon-list-icon\">\n\t\t\t\t\t\t\t<svg aria-hidden=\"true\" class=\"e-font-icon-svg e-fas-thumbtack\" viewBox=\"0 0 384 512\" xmlns=\"http:\/\/www.w3.org\/2000\/svg\"><path d=\"M298.028 214.267L285.793 96H328c13.255 0 24-10.745 24-24V24c0-13.255-10.745-24-24-24H56C42.745 0 32 10.745 32 24v48c0 13.255 10.745 24 24 24h42.207L85.972 214.267C37.465 236.82 0 277.261 0 328c0 13.255 10.745 24 24 24h136v104.007c0 1.242.289 2.467.845 3.578l24 48c2.941 5.882 11.364 5.893 14.311 0l24-48a8.008 8.008 0 0 0 .845-3.578V352h136c13.255 0 24-10.745 24-24-.001-51.183-37.983-91.42-85.973-113.733z\"><\/path><\/svg>\t\t\t\t\t\t<\/span>\n\t\t\t\t\t\t\t\t\t\t<span class=\"elementor-icon-list-text\">Expression et participation de la personne accompagn\u00e9e<\/span>\n\t\t\t\t\t\t\t\t\t<\/li>\n\t\t\t\t\t\t\t\t<li class=\"elementor-icon-list-item\">\n\t\t\t\t\t\t\t\t\t\t\t<span class=\"elementor-icon-list-icon\">\n\t\t\t\t\t\t\t<svg aria-hidden=\"true\" class=\"e-font-icon-svg e-fas-thumbtack\" viewBox=\"0 0 384 512\" xmlns=\"http:\/\/www.w3.org\/2000\/svg\"><path d=\"M298.028 214.267L285.793 96H328c13.255 0 24-10.745 24-24V24c0-13.255-10.745-24-24-24H56C42.745 0 32 10.745 32 24v48c0 13.255 10.745 24 24 24h42.207L85.972 214.267C37.465 236.82 0 277.261 0 328c0 13.255 10.745 24 24 24h136v104.007c0 1.242.289 2.467.845 3.578l24 48c2.941 5.882 11.364 5.893 14.311 0l24-48a8.008 8.008 0 0 0 .845-3.578V352h136c13.255 0 24-10.745 24-24-.001-51.183-37.983-91.42-85.973-113.733z\"><\/path><\/svg>\t\t\t\t\t\t<\/span>\n\t\t\t\t\t\t\t\t\t\t<span class=\"elementor-icon-list-text\">Co-construction et personnalisation du projet d\u2019accompagnement<\/span>\n\t\t\t\t\t\t\t\t\t<\/li>\n\t\t\t\t\t\t\t\t<li class=\"elementor-icon-list-item\">\n\t\t\t\t\t\t\t\t\t\t\t<span class=\"elementor-icon-list-icon\">\n\t\t\t\t\t\t\t<svg aria-hidden=\"true\" class=\"e-font-icon-svg e-fas-thumbtack\" viewBox=\"0 0 384 512\" xmlns=\"http:\/\/www.w3.org\/2000\/svg\"><path d=\"M298.028 214.267L285.793 96H328c13.255 0 24-10.745 24-24V24c0-13.255-10.745-24-24-24H56C42.745 0 32 10.745 32 24v48c0 13.255 10.745 24 24 24h42.207L85.972 214.267C37.465 236.82 0 277.261 0 328c0 13.255 10.745 24 24 24h136v104.007c0 1.242.289 2.467.845 3.578l24 48c2.941 5.882 11.364 5.893 14.311 0l24-48a8.008 8.008 0 0 0 .845-3.578V352h136c13.255 0 24-10.745 24-24-.001-51.183-37.983-91.42-85.973-113.733z\"><\/path><\/svg>\t\t\t\t\t\t<\/span>\n\t\t\t\t\t\t\t\t\t\t<span class=\"elementor-icon-list-text\">Accompagnement \u00e0 l\u2019autonomie<\/span>\n\t\t\t\t\t\t\t\t\t<\/li>\n\t\t\t\t\t\t\t\t<li class=\"elementor-icon-list-item\">\n\t\t\t\t\t\t\t\t\t\t\t<span class=\"elementor-icon-list-icon\">\n\t\t\t\t\t\t\t<svg aria-hidden=\"true\" class=\"e-font-icon-svg e-fas-thumbtack\" viewBox=\"0 0 384 512\" xmlns=\"http:\/\/www.w3.org\/2000\/svg\"><path d=\"M298.028 214.267L285.793 96H328c13.255 0 24-10.745 24-24V24c0-13.255-10.745-24-24-24H56C42.745 0 32 10.745 32 24v48c0 13.255 10.745 24 24 24h42.207L85.972 214.267C37.465 236.82 0 277.261 0 328c0 13.255 10.745 24 24 24h136v104.007c0 1.242.289 2.467.845 3.578l24 48c2.941 5.882 11.364 5.893 14.311 0l24-48a8.008 8.008 0 0 0 .845-3.578V352h136c13.255 0 24-10.745 24-24-.001-51.183-37.983-91.42-85.973-113.733z\"><\/path><\/svg>\t\t\t\t\t\t<\/span>\n\t\t\t\t\t\t\t\t\t\t<span class=\"elementor-icon-list-text\">Accompagnement \u00e0 la sant\u00e9<\/span>\n\t\t\t\t\t\t\t\t\t<\/li>\n\t\t\t\t\t\t\t\t<li class=\"elementor-icon-list-item\">\n\t\t\t\t\t\t\t\t\t\t\t<span class=\"elementor-icon-list-icon\">\n\t\t\t\t\t\t\t<svg aria-hidden=\"true\" class=\"e-font-icon-svg e-fas-thumbtack\" viewBox=\"0 0 384 512\" xmlns=\"http:\/\/www.w3.org\/2000\/svg\"><path d=\"M298.028 214.267L285.793 96H328c13.255 0 24-10.745 24-24V24c0-13.255-10.745-24-24-24H56C42.745 0 32 10.745 32 24v48c0 13.255 10.745 24 24 24h42.207L85.972 214.267C37.465 236.82 0 277.261 0 328c0 13.255 10.745 24 24 24h136v104.007c0 1.242.289 2.467.845 3.578l24 48c2.941 5.882 11.364 5.893 14.311 0l24-48a8.008 8.008 0 0 0 .845-3.578V352h136c13.255 0 24-10.745 24-24-.001-51.183-37.983-91.42-85.973-113.733z\"><\/path><\/svg>\t\t\t\t\t\t<\/span>\n\t\t\t\t\t\t\t\t\t\t<span class=\"elementor-icon-list-text\">Politique ressources humaines<\/span>\n\t\t\t\t\t\t\t\t\t<\/li>\n\t\t\t\t\t\t\t\t<li class=\"elementor-icon-list-item\">\n\t\t\t\t\t\t\t\t\t\t\t<span class=\"elementor-icon-list-icon\">\n\t\t\t\t\t\t\t<svg aria-hidden=\"true\" class=\"e-font-icon-svg e-fas-thumbtack\" viewBox=\"0 0 384 512\" xmlns=\"http:\/\/www.w3.org\/2000\/svg\"><path d=\"M298.028 214.267L285.793 96H328c13.255 0 24-10.745 24-24V24c0-13.255-10.745-24-24-24H56C42.745 0 32 10.745 32 24v48c0 13.255 10.745 24 24 24h42.207L85.972 214.267C37.465 236.82 0 277.261 0 328c0 13.255 10.745 24 24 24h136v104.007c0 1.242.289 2.467.845 3.578l24 48c2.941 5.882 11.364 5.893 14.311 0l24-48a8.008 8.008 0 0 0 .845-3.578V352h136c13.255 0 24-10.745 24-24-.001-51.183-37.983-91.42-85.973-113.733z\"><\/path><\/svg>\t\t\t\t\t\t<\/span>\n\t\t\t\t\t\t\t\t\t\t<span class=\"elementor-icon-list-text\">D\u00e9marche qualit\u00e9 et gestion des risques<\/span>\n\t\t\t\t\t\t\t\t\t<\/li>\n\t\t\t\t\t\t<\/ul>\n\t\t\t\t<\/div>\n\t\t\t\t<\/div>\n\t\t\t\t\t<\/div>\n\t\t\t\t<\/div>\n\t\t<div class=\"elementor-element elementor-element-2c36001 e-flex e-con-boxed e-con e-parent\" data-id=\"2c36001\" data-element_type=\"container\">\n\t\t\t\t\t<div class=\"e-con-inner\">\n\t\t<div class=\"elementor-element elementor-element-a4e0e1f e-con-full e-flex e-con e-child\" data-id=\"a4e0e1f\" data-element_type=\"container\">\n\t\t\t\t<div class=\"elementor-element elementor-element-1e3ffbb elementor-mobile-align-center elementor-align-center elementor-widget elementor-widget-button\" data-id=\"1e3ffbb\" data-element_type=\"widget\" data-widget_type=\"button.default\">\n\t\t\t\t<div class=\"elementor-widget-container\">\n\t\t\t\t\t\t\t<div class=\"elementor-button-wrapper\">\n\t\t\t\t\t<a class=\"elementor-button elementor-button-link elementor-size-sm\" href=\"https:\/\/kiwo.fr\/index.php\/les-entretiens-professionnels\/\">\n\t\t\t\t\t\t<span class=\"elementor-button-content-wrapper\">\n\t\t\t\t\t\t<span class=\"elementor-button-icon\">\n\t\t\t\t<svg aria-hidden=\"true\" class=\"e-font-icon-svg e-fas-arrow-alt-circle-left\" viewBox=\"0 0 512 512\" xmlns=\"http:\/\/www.w3.org\/2000\/svg\"><path d=\"M256 504C119 504 8 393 8 256S119 8 256 8s248 111 248 248-111 248-248 248zm116-292H256v-70.9c0-10.7-13-16.1-20.5-8.5L121.2 247.5c-4.7 4.7-4.7 12.2 0 16.9l114.3 114.9c7.6 7.6 20.5 2.2 20.5-8.5V300h116c6.6 0 12-5.4 12-12v-64c0-6.6-5.4-12-12-12z\"><\/path><\/svg>\t\t\t<\/span>\n\t\t\t\t\t\t\t\t\t<span class=\"elementor-button-text\">Les entretiens professionnels<\/span>\n\t\t\t\t\t<\/span>\n\t\t\t\t\t<\/a>\n\t\t\t\t<\/div>\n\t\t\t\t\t\t<\/div>\n\t\t\t\t<\/div>\n\t\t\t\t<\/div>\n\t\t<div class=\"elementor-element elementor-element-72b8339 e-con-full e-flex e-con e-child\" data-id=\"72b8339\" data-element_type=\"container\">\n\t\t\t\t<div class=\"elementor-element elementor-element-839d917 elementor-mobile-align-center elementor-align-center elementor-widget elementor-widget-button\" data-id=\"839d917\" data-element_type=\"widget\" data-widget_type=\"button.default\">\n\t\t\t\t<div class=\"elementor-widget-container\">\n\t\t\t\t\t\t\t<div class=\"elementor-button-wrapper\">\n\t\t\t\t\t<a class=\"elementor-button elementor-button-link elementor-size-sm\" href=\"https:\/\/kiwo.fr\/index.php\/lentretien-avec-les-membres-du-cvs-ou-tout-autre-forme-de-representation\/\">\n\t\t\t\t\t\t<span class=\"elementor-button-content-wrapper\">\n\t\t\t\t\t\t<span class=\"elementor-button-icon\">\n\t\t\t\t<svg aria-hidden=\"true\" class=\"e-font-icon-svg e-fas-arrow-alt-circle-right\" viewBox=\"0 0 512 512\" xmlns=\"http:\/\/www.w3.org\/2000\/svg\"><path d=\"M256 8c137 0 248 111 248 248S393 504 256 504 8 393 8 256 119 8 256 8zM140 300h116v70.9c0 10.7 13 16.1 20.5 8.5l114.3-114.9c4.7-4.7 4.7-12.2 0-16.9l-114.3-115c-7.6-7.6-20.5-2.2-20.5 8.5V212H140c-6.6 0-12 5.4-12 12v64c0 6.6 5.4 12 12 12z\"><\/path><\/svg>\t\t\t<\/span>\n\t\t\t\t\t\t\t\t\t<span class=\"elementor-button-text\">L\u2019entretien des membres du CVS ou autre forme<\/span>\n\t\t\t\t\t<\/span>\n\t\t\t\t\t<\/a>\n\t\t\t\t<\/div>\n\t\t\t\t\t\t<\/div>\n\t\t\t\t<\/div>\n\t\t\t\t<\/div>\n\t\t\t\t\t<\/div>\n\t\t\t\t<\/div>\n\t\t<div class=\"elementor-element elementor-element-25770897 e-flex e-con-boxed e-con e-parent\" data-id=\"25770897\" data-element_type=\"container\" data-settings=\"{&quot;background_background&quot;:&quot;classic&quot;}\">\n\t\t\t\t\t<div class=\"e-con-inner\">\n\t\t\t\t<div class=\"elementor-element elementor-element-8ae4094 elementor-widget elementor-widget-heading\" data-id=\"8ae4094\" data-element_type=\"widget\" data-widget_type=\"heading.default\">\n\t\t\t\t<div class=\"elementor-widget-container\">\n\t\t\t<p class=\"elementor-heading-title elementor-size-default\">\u00a9 2024 tout droits r\u00e9serv\u00e9s<\/p>\t\t<\/div>\n\t\t\t\t<\/div>\n\t\t\t\t\t<\/div>\n\t\t\t\t<\/div>\n\t\t\t\t<\/div>\n\t\t","protected":false},"excerpt":{"rendered":"<p>Les entretiens avec la gouvernance\/dirigeance La direction et l\u2019encadrement de votre structure d\u00e9taillent la strat\u00e9gie de votre organisation et les actions mises en place pour assurer la capacit\u00e9 de votre structure \u00e0 atteindre vos objectifs. Les diff\u00e9rentes th\u00e9matiques abord\u00e9es sont les suivantes : Bientraitance et \u00e9thique Droits de la personne accompagn\u00e9e Expression et participation de [&hellip;]<\/p>\n","protected":false},"author":1,"featured_media":0,"parent":0,"menu_order":0,"comment_status":"closed","ping_status":"closed","template":"","meta":{"footnotes":""},"class_list":["post-731","page","type-page","status-publish","hentry","entry"],"yoast_head":"<!-- This site is optimized with the Yoast SEO plugin v23.7 - https:\/\/yoast.com\/wordpress\/plugins\/seo\/ -->\n<title>Les entretiens avec la gouvernance\/dirigeance - Kiwo<\/title>\n<meta name=\"robots\" content=\"index, follow, max-snippet:-1, max-image-preview:large, max-video-preview:-1\" \/>\n<link rel=\"canonical\" href=\"https:\/\/kiwo.fr\/index.php\/les-entretiens-avec-la-gouvernance-dirigeance\/\" \/>\n<meta property=\"og:locale\" content=\"en_US\" \/>\n<meta property=\"og:type\" content=\"article\" \/>\n<meta property=\"og:title\" content=\"Les entretiens avec la gouvernance\/dirigeance - Kiwo\" \/>\n<meta property=\"og:description\" content=\"Les entretiens avec la gouvernance\/dirigeance La direction et l\u2019encadrement de votre structure d\u00e9taillent la strat\u00e9gie de votre organisation et les actions mises en place pour assurer la capacit\u00e9 de votre structure \u00e0 atteindre vos objectifs. Les diff\u00e9rentes th\u00e9matiques abord\u00e9es sont les suivantes : Bientraitance et \u00e9thique Droits de la personne accompagn\u00e9e Expression et participation de [&hellip;]\" \/>\n<meta property=\"og:url\" content=\"https:\/\/kiwo.fr\/index.php\/les-entretiens-avec-la-gouvernance-dirigeance\/\" \/>\n<meta property=\"og:site_name\" content=\"Kiwo\" \/>\n<meta property=\"article:modified_time\" content=\"2024-08-05T15:03:47+00:00\" \/>\n<meta property=\"og:image\" content=\"http:\/\/kiwo.fr\/wp-content\/uploads\/2024\/08\/EVALUATEURS.png\" \/>\n<meta name=\"twitter:card\" content=\"summary_large_image\" \/>\n<meta name=\"twitter:label1\" content=\"Est. reading time\" \/>\n\t<meta name=\"twitter:data1\" content=\"1 minute\" \/>\n<script type=\"application\/ld+json\" class=\"yoast-schema-graph\">{\"@context\":\"https:\/\/schema.org\",\"@graph\":[{\"@type\":\"WebPage\",\"@id\":\"https:\/\/kiwo.fr\/index.php\/les-entretiens-avec-la-gouvernance-dirigeance\/\",\"url\":\"https:\/\/kiwo.fr\/index.php\/les-entretiens-avec-la-gouvernance-dirigeance\/\",\"name\":\"Les entretiens avec la gouvernance\/dirigeance - Kiwo\",\"isPartOf\":{\"@id\":\"http:\/\/kiwo.fr\/#website\"},\"primaryImageOfPage\":{\"@id\":\"https:\/\/kiwo.fr\/index.php\/les-entretiens-avec-la-gouvernance-dirigeance\/#primaryimage\"},\"image\":{\"@id\":\"https:\/\/kiwo.fr\/index.php\/les-entretiens-avec-la-gouvernance-dirigeance\/#primaryimage\"},\"thumbnailUrl\":\"http:\/\/kiwo.fr\/wp-content\/uploads\/2024\/08\/EVALUATEURS.png\",\"datePublished\":\"2024-08-02T15:52:09+00:00\",\"dateModified\":\"2024-08-05T15:03:47+00:00\",\"breadcrumb\":{\"@id\":\"https:\/\/kiwo.fr\/index.php\/les-entretiens-avec-la-gouvernance-dirigeance\/#breadcrumb\"},\"inLanguage\":\"en-US\",\"potentialAction\":[{\"@type\":\"ReadAction\",\"target\":[\"https:\/\/kiwo.fr\/index.php\/les-entretiens-avec-la-gouvernance-dirigeance\/\"]}]},{\"@type\":\"ImageObject\",\"inLanguage\":\"en-US\",\"@id\":\"https:\/\/kiwo.fr\/index.php\/les-entretiens-avec-la-gouvernance-dirigeance\/#primaryimage\",\"url\":\"https:\/\/kiwo.fr\/wp-content\/uploads\/2024\/08\/EVALUATEURS.png\",\"contentUrl\":\"https:\/\/kiwo.fr\/wp-content\/uploads\/2024\/08\/EVALUATEURS.png\",\"width\":1020,\"height\":648},{\"@type\":\"BreadcrumbList\",\"@id\":\"https:\/\/kiwo.fr\/index.php\/les-entretiens-avec-la-gouvernance-dirigeance\/#breadcrumb\",\"itemListElement\":[{\"@type\":\"ListItem\",\"position\":1,\"name\":\"Accueil\",\"item\":\"http:\/\/kiwo.fr\/\"},{\"@type\":\"ListItem\",\"position\":2,\"name\":\"Les entretiens avec la gouvernance\/dirigeance\"}]},{\"@type\":\"WebSite\",\"@id\":\"http:\/\/kiwo.fr\/#website\",\"url\":\"http:\/\/kiwo.fr\/\",\"name\":\"Kiwo\",\"description\":\"Accompagnement et logiciels dans la gestion de vos \u00e9tablissements m\u00e9dico-social\",\"publisher\":{\"@id\":\"http:\/\/kiwo.fr\/#organization\"},\"potentialAction\":[{\"@type\":\"SearchAction\",\"target\":{\"@type\":\"EntryPoint\",\"urlTemplate\":\"http:\/\/kiwo.fr\/?s={search_term_string}\"},\"query-input\":{\"@type\":\"PropertyValueSpecification\",\"valueRequired\":true,\"valueName\":\"search_term_string\"}}],\"inLanguage\":\"en-US\"},{\"@type\":\"Organization\",\"@id\":\"http:\/\/kiwo.fr\/#organization\",\"name\":\"Kiwo\",\"url\":\"http:\/\/kiwo.fr\/\",\"logo\":{\"@type\":\"ImageObject\",\"inLanguage\":\"en-US\",\"@id\":\"http:\/\/kiwo.fr\/#\/schema\/logo\/image\/\",\"url\":\"https:\/\/kiwo.fr\/wp-content\/uploads\/2024\/08\/cropped-kiwo-logo-2.png\",\"contentUrl\":\"https:\/\/kiwo.fr\/wp-content\/uploads\/2024\/08\/cropped-kiwo-logo-2.png\",\"width\":547,\"height\":150,\"caption\":\"Kiwo\"},\"image\":{\"@id\":\"http:\/\/kiwo.fr\/#\/schema\/logo\/image\/\"}}]}<\/script>\n<!-- \/ Yoast SEO plugin. -->","yoast_head_json":{"title":"Les entretiens avec la gouvernance\/dirigeance - Kiwo","robots":{"index":"index","follow":"follow","max-snippet":"max-snippet:-1","max-image-preview":"max-image-preview:large","max-video-preview":"max-video-preview:-1"},"canonical":"https:\/\/kiwo.fr\/index.php\/les-entretiens-avec-la-gouvernance-dirigeance\/","og_locale":"en_US","og_type":"article","og_title":"Les entretiens avec la gouvernance\/dirigeance - Kiwo","og_description":"Les entretiens avec la gouvernance\/dirigeance La direction et l\u2019encadrement de votre structure d\u00e9taillent la strat\u00e9gie de votre organisation et les actions mises en place pour assurer la capacit\u00e9 de votre structure \u00e0 atteindre vos objectifs. Les diff\u00e9rentes th\u00e9matiques abord\u00e9es sont les suivantes : Bientraitance et \u00e9thique Droits de la personne accompagn\u00e9e Expression et participation de [&hellip;]","og_url":"https:\/\/kiwo.fr\/index.php\/les-entretiens-avec-la-gouvernance-dirigeance\/","og_site_name":"Kiwo","article_modified_time":"2024-08-05T15:03:47+00:00","og_image":[{"url":"http:\/\/kiwo.fr\/wp-content\/uploads\/2024\/08\/EVALUATEURS.png"}],"twitter_card":"summary_large_image","twitter_misc":{"Est. reading time":"1 minute"},"schema":{"@context":"https:\/\/schema.org","@graph":[{"@type":"WebPage","@id":"https:\/\/kiwo.fr\/index.php\/les-entretiens-avec-la-gouvernance-dirigeance\/","url":"https:\/\/kiwo.fr\/index.php\/les-entretiens-avec-la-gouvernance-dirigeance\/","name":"Les entretiens avec la gouvernance\/dirigeance - Kiwo","isPartOf":{"@id":"http:\/\/kiwo.fr\/#website"},"primaryImageOfPage":{"@id":"https:\/\/kiwo.fr\/index.php\/les-entretiens-avec-la-gouvernance-dirigeance\/#primaryimage"},"image":{"@id":"https:\/\/kiwo.fr\/index.php\/les-entretiens-avec-la-gouvernance-dirigeance\/#primaryimage"},"thumbnailUrl":"http:\/\/kiwo.fr\/wp-content\/uploads\/2024\/08\/EVALUATEURS.png","datePublished":"2024-08-02T15:52:09+00:00","dateModified":"2024-08-05T15:03:47+00:00","breadcrumb":{"@id":"https:\/\/kiwo.fr\/index.php\/les-entretiens-avec-la-gouvernance-dirigeance\/#breadcrumb"},"inLanguage":"en-US","potentialAction":[{"@type":"ReadAction","target":["https:\/\/kiwo.fr\/index.php\/les-entretiens-avec-la-gouvernance-dirigeance\/"]}]},{"@type":"ImageObject","inLanguage":"en-US","@id":"https:\/\/kiwo.fr\/index.php\/les-entretiens-avec-la-gouvernance-dirigeance\/#primaryimage","url":"https:\/\/kiwo.fr\/wp-content\/uploads\/2024\/08\/EVALUATEURS.png","contentUrl":"https:\/\/kiwo.fr\/wp-content\/uploads\/2024\/08\/EVALUATEURS.png","width":1020,"height":648},{"@type":"BreadcrumbList","@id":"https:\/\/kiwo.fr\/index.php\/les-entretiens-avec-la-gouvernance-dirigeance\/#breadcrumb","itemListElement":[{"@type":"ListItem","position":1,"name":"Accueil","item":"http:\/\/kiwo.fr\/"},{"@type":"ListItem","position":2,"name":"Les entretiens avec la gouvernance\/dirigeance"}]},{"@type":"WebSite","@id":"http:\/\/kiwo.fr\/#website","url":"http:\/\/kiwo.fr\/","name":"Kiwo","description":"Accompagnement et logiciels dans la gestion de vos \u00e9tablissements m\u00e9dico-social","publisher":{"@id":"http:\/\/kiwo.fr\/#organization"},"potentialAction":[{"@type":"SearchAction","target":{"@type":"EntryPoint","urlTemplate":"http:\/\/kiwo.fr\/?s={search_term_string}"},"query-input":{"@type":"PropertyValueSpecification","valueRequired":true,"valueName":"search_term_string"}}],"inLanguage":"en-US"},{"@type":"Organization","@id":"http:\/\/kiwo.fr\/#organization","name":"Kiwo","url":"http:\/\/kiwo.fr\/","logo":{"@type":"ImageObject","inLanguage":"en-US","@id":"http:\/\/kiwo.fr\/#\/schema\/logo\/image\/","url":"https:\/\/kiwo.fr\/wp-content\/uploads\/2024\/08\/cropped-kiwo-logo-2.png","contentUrl":"https:\/\/kiwo.fr\/wp-content\/uploads\/2024\/08\/cropped-kiwo-logo-2.png","width":547,"height":150,"caption":"Kiwo"},"image":{"@id":"http:\/\/kiwo.fr\/#\/schema\/logo\/image\/"}}]}},"_links":{"self":[{"href":"https:\/\/kiwo.fr\/index.php\/wp-json\/wp\/v2\/pages\/731","targetHints":{"allow":["GET"]}}],"collection":[{"href":"https:\/\/kiwo.fr\/index.php\/wp-json\/wp\/v2\/pages"}],"about":[{"href":"https:\/\/kiwo.fr\/index.php\/wp-json\/wp\/v2\/types\/page"}],"author":[{"embeddable":true,"href":"https:\/\/kiwo.fr\/index.php\/wp-json\/wp\/v2\/users\/1"}],"replies":[{"embeddable":true,"href":"https:\/\/kiwo.fr\/index.php\/wp-json\/wp\/v2\/comments?post=731"}],"version-history":[{"count":16,"href":"https:\/\/kiwo.fr\/index.php\/wp-json\/wp\/v2\/pages\/731\/revisions"}],"predecessor-version":[{"id":844,"href":"https:\/\/kiwo.fr\/index.php\/wp-json\/wp\/v2\/pages\/731\/revisions\/844"}],"wp:attachment":[{"href":"https:\/\/kiwo.fr\/index.php\/wp-json\/wp\/v2\/media?parent=731"}],"curies":[{"name":"wp","href":"https:\/\/api.w.org\/{rel}","templated":true}]}}