{"id":742,"date":"2024-08-05T09:31:18","date_gmt":"2024-08-05T07:31:18","guid":{"rendered":"https:\/\/kiwo.fr\/?page_id=742"},"modified":"2024-08-05T17:05:55","modified_gmt":"2024-08-05T15:05:55","slug":"lentretien-avec-les-membres-du-cvs-ou-tout-autre-forme-de-representation","status":"publish","type":"page","link":"https:\/\/kiwo.fr\/index.php\/lentretien-avec-les-membres-du-cvs-ou-tout-autre-forme-de-representation\/","title":{"rendered":"L\u2019entretien  du CVS ou autre"},"content":{"rendered":"\t\t<div data-elementor-type=\"wp-page\" data-elementor-id=\"742\" class=\"elementor elementor-742\">\n\t\t\t\t<div class=\"elementor-element elementor-element-68b3514d e-con-full e-flex e-con e-parent\" data-id=\"68b3514d\" data-element_type=\"container\" data-settings=\"{&quot;background_background&quot;:&quot;classic&quot;}\">\n\t\t<div class=\"elementor-element elementor-element-6df7c4e5 e-con-full e-flex e-con e-child\" data-id=\"6df7c4e5\" data-element_type=\"container\">\n\t\t\t\t<div class=\"elementor-element elementor-element-275d3796 elementor-widget elementor-widget-image\" data-id=\"275d3796\" data-element_type=\"widget\" data-widget_type=\"image.default\">\n\t\t\t\t<div class=\"elementor-widget-container\">\n\t\t\t\t\t\t\t\t\t\t\t\t\t<img fetchpriority=\"high\" decoding=\"async\" width=\"1020\" height=\"680\" src=\"https:\/\/kiwo.fr\/wp-content\/uploads\/2024\/08\/ENTRETIEN-CVS.png\" class=\"attachment-large size-large wp-image-845\" alt=\"\" srcset=\"https:\/\/kiwo.fr\/wp-content\/uploads\/2024\/08\/ENTRETIEN-CVS.png 1020w, https:\/\/kiwo.fr\/wp-content\/uploads\/2024\/08\/ENTRETIEN-CVS-300x200.png 300w, https:\/\/kiwo.fr\/wp-content\/uploads\/2024\/08\/ENTRETIEN-CVS-768x512.png 768w\" sizes=\"(max-width: 1020px) 100vw, 1020px\" \/>\t\t\t\t\t\t\t\t\t\t\t\t\t<\/div>\n\t\t\t\t<\/div>\n\t\t\t\t<\/div>\n\t\t<div class=\"elementor-element elementor-element-6237d833 e-con-full e-flex e-con e-child\" data-id=\"6237d833\" data-element_type=\"container\">\n\t\t\t\t<div class=\"elementor-element elementor-element-3e25e7a0 elementor-widget elementor-widget-heading\" data-id=\"3e25e7a0\" data-element_type=\"widget\" data-widget_type=\"heading.default\">\n\t\t\t\t<div class=\"elementor-widget-container\">\n\t\t\t<h1 class=\"elementor-heading-title elementor-size-default\">L\u2019entretien avec les membres du CVS ou tout autre forme de repr\u00e9sentation<\/h1>\t\t<\/div>\n\t\t\t\t<\/div>\n\t\t\t\t<div class=\"elementor-element elementor-element-65388438 elementor-widget elementor-widget-text-editor\" data-id=\"65388438\" data-element_type=\"widget\" data-widget_type=\"text-editor.default\">\n\t\t\t\t<div class=\"elementor-widget-container\">\n\t\t\t\t\t\t\t<p>10 crit\u00e8res forment le niveau d\u2019interpellation des personnes qui repr\u00e9sentent les membres du CVS.<\/p>\t\t\t\t\t\t<\/div>\n\t\t\t\t<\/div>\n\t\t\t\t<\/div>\n\t\t\t\t<\/div>\n\t\t<div class=\"elementor-element elementor-element-8c2a938 e-flex e-con-boxed e-con e-parent\" data-id=\"8c2a938\" data-element_type=\"container\">\n\t\t\t\t\t<div class=\"e-con-inner\">\n\t\t\t\t<div class=\"elementor-element elementor-element-8d6c9c2 elementor-widget elementor-widget-text-editor\" data-id=\"8d6c9c2\" data-element_type=\"widget\" data-widget_type=\"text-editor.default\">\n\t\t\t\t<div class=\"elementor-widget-container\">\n\t\t\t\t\t\t\t<p>Le groupe de personne est constitu\u00e9 des membres \u00e9lus de votre Conseil de Vie Sociale ou d\u2019une autre forme de repr\u00e9sentation afin d\u2019aborder les capacit\u00e9s de cette repr\u00e9sentation au niveau de la qualit\u00e9 des prestations d\u00e9livr\u00e9es, l\u2019expression des personnes accompagn\u00e9es et notamment le recueil des avis ou des propositions formul\u00e9es ainsi que la bonne diffusion des informations.<\/p>\t\t\t\t\t\t<\/div>\n\t\t\t\t<\/div>\n\t\t\t\t\t<\/div>\n\t\t\t\t<\/div>\n\t\t<div class=\"elementor-element elementor-element-3d5c7b3 e-flex e-con-boxed e-con e-parent\" data-id=\"3d5c7b3\" data-element_type=\"container\">\n\t\t\t\t\t<div class=\"e-con-inner\">\n\t\t<div class=\"elementor-element elementor-element-fe004f5 e-con-full e-flex e-con e-child\" data-id=\"fe004f5\" data-element_type=\"container\">\n\t\t\t\t<div class=\"elementor-element elementor-element-5b20786 elementor-mobile-align-center elementor-align-center elementor-widget elementor-widget-button\" data-id=\"5b20786\" data-element_type=\"widget\" data-widget_type=\"button.default\">\n\t\t\t\t<div class=\"elementor-widget-container\">\n\t\t\t\t\t\t\t<div class=\"elementor-button-wrapper\">\n\t\t\t\t\t<a class=\"elementor-button elementor-button-link elementor-size-sm\" href=\"https:\/\/kiwo.fr\/index.php\/les-entretiens-avec-la-gouvernance-dirigeance\/\">\n\t\t\t\t\t\t<span class=\"elementor-button-content-wrapper\">\n\t\t\t\t\t\t<span class=\"elementor-button-icon\">\n\t\t\t\t<svg aria-hidden=\"true\" class=\"e-font-icon-svg e-fas-arrow-alt-circle-left\" viewBox=\"0 0 512 512\" xmlns=\"http:\/\/www.w3.org\/2000\/svg\"><path d=\"M256 504C119 504 8 393 8 256S119 8 256 8s248 111 248 248-111 248-248 248zm116-292H256v-70.9c0-10.7-13-16.1-20.5-8.5L121.2 247.5c-4.7 4.7-4.7 12.2 0 16.9l114.3 114.9c7.6 7.6 20.5 2.2 20.5-8.5V300h116c6.6 0 12-5.4 12-12v-64c0-6.6-5.4-12-12-12z\"><\/path><\/svg>\t\t\t<\/span>\n\t\t\t\t\t\t\t\t\t<span class=\"elementor-button-text\">gouvernance\/dirigeance<\/span>\n\t\t\t\t\t<\/span>\n\t\t\t\t\t<\/a>\n\t\t\t\t<\/div>\n\t\t\t\t\t\t<\/div>\n\t\t\t\t<\/div>\n\t\t\t\t<\/div>\n\t\t<div class=\"elementor-element elementor-element-240a2bd e-con-full e-flex e-con e-child\" data-id=\"240a2bd\" data-element_type=\"container\">\n\t\t\t\t<div class=\"elementor-element elementor-element-cb4b4b9 elementor-mobile-align-center elementor-align-center elementor-widget elementor-widget-button\" data-id=\"cb4b4b9\" data-element_type=\"widget\" data-widget_type=\"button.default\">\n\t\t\t\t<div class=\"elementor-widget-container\">\n\t\t\t\t\t\t\t<div class=\"elementor-button-wrapper\">\n\t\t\t\t\t<a class=\"elementor-button elementor-button-link elementor-size-sm\" href=\"#\">\n\t\t\t\t\t\t<span class=\"elementor-button-content-wrapper\">\n\t\t\t\t\t\t<span class=\"elementor-button-icon\">\n\t\t\t\t<svg aria-hidden=\"true\" class=\"e-font-icon-svg e-fas-arrow-alt-circle-right\" viewBox=\"0 0 512 512\" xmlns=\"http:\/\/www.w3.org\/2000\/svg\"><path d=\"M256 8c137 0 248 111 248 248S393 504 256 504 8 393 8 256 119 8 256 8zM140 300h116v70.9c0 10.7 13 16.1 20.5 8.5l114.3-114.9c4.7-4.7 4.7-12.2 0-16.9l-114.3-115c-7.6-7.6-20.5-2.2-20.5 8.5V212H140c-6.6 0-12 5.4-12 12v64c0 6.6 5.4 12 12 12z\"><\/path><\/svg>\t\t\t<\/span>\n\t\t\t\t\t\t\t\t\t<span class=\"elementor-button-text\">Consultation documentaire<\/span>\n\t\t\t\t\t<\/span>\n\t\t\t\t\t<\/a>\n\t\t\t\t<\/div>\n\t\t\t\t\t\t<\/div>\n\t\t\t\t<\/div>\n\t\t\t\t<\/div>\n\t\t\t\t\t<\/div>\n\t\t\t\t<\/div>\n\t\t\t\t<\/div>\n\t\t","protected":false},"excerpt":{"rendered":"<p>L\u2019entretien avec les membres du CVS ou tout autre forme de repr\u00e9sentation 10 crit\u00e8res forment le niveau d\u2019interpellation des personnes qui repr\u00e9sentent les membres du CVS. Le groupe de personne est constitu\u00e9 des membres \u00e9lus de votre Conseil de Vie Sociale ou d\u2019une autre forme de repr\u00e9sentation afin d\u2019aborder les capacit\u00e9s de cette repr\u00e9sentation au [&hellip;]<\/p>\n","protected":false},"author":1,"featured_media":0,"parent":0,"menu_order":0,"comment_status":"closed","ping_status":"closed","template":"","meta":{"footnotes":""},"class_list":["post-742","page","type-page","status-publish","hentry","entry"],"yoast_head":"<!-- This site is optimized with the Yoast SEO plugin v23.7 - https:\/\/yoast.com\/wordpress\/plugins\/seo\/ -->\n<title>L\u2019entretien du CVS ou autre - Kiwo<\/title>\n<meta name=\"robots\" content=\"index, follow, max-snippet:-1, max-image-preview:large, max-video-preview:-1\" \/>\n<link rel=\"canonical\" href=\"https:\/\/kiwo.fr\/index.php\/lentretien-avec-les-membres-du-cvs-ou-tout-autre-forme-de-representation\/\" \/>\n<meta property=\"og:locale\" content=\"en_US\" \/>\n<meta property=\"og:type\" content=\"article\" \/>\n<meta property=\"og:title\" content=\"L\u2019entretien du CVS ou autre - Kiwo\" \/>\n<meta property=\"og:description\" content=\"L\u2019entretien avec les membres du CVS ou tout autre forme de repr\u00e9sentation 10 crit\u00e8res forment le niveau d\u2019interpellation des personnes qui repr\u00e9sentent les membres du CVS. Le groupe de personne est constitu\u00e9 des membres \u00e9lus de votre Conseil de Vie Sociale ou d\u2019une autre forme de repr\u00e9sentation afin d\u2019aborder les capacit\u00e9s de cette repr\u00e9sentation au [&hellip;]\" \/>\n<meta property=\"og:url\" content=\"https:\/\/kiwo.fr\/index.php\/lentretien-avec-les-membres-du-cvs-ou-tout-autre-forme-de-representation\/\" \/>\n<meta property=\"og:site_name\" content=\"Kiwo\" \/>\n<meta property=\"article:modified_time\" content=\"2024-08-05T15:05:55+00:00\" \/>\n<meta property=\"og:image\" content=\"http:\/\/kiwo.fr\/wp-content\/uploads\/2024\/08\/ENTRETIEN-CVS.png\" \/>\n<meta name=\"twitter:card\" content=\"summary_large_image\" \/>\n<meta name=\"twitter:label1\" content=\"Est. reading time\" \/>\n\t<meta name=\"twitter:data1\" content=\"1 minute\" \/>\n<script type=\"application\/ld+json\" class=\"yoast-schema-graph\">{\"@context\":\"https:\/\/schema.org\",\"@graph\":[{\"@type\":\"WebPage\",\"@id\":\"https:\/\/kiwo.fr\/index.php\/lentretien-avec-les-membres-du-cvs-ou-tout-autre-forme-de-representation\/\",\"url\":\"https:\/\/kiwo.fr\/index.php\/lentretien-avec-les-membres-du-cvs-ou-tout-autre-forme-de-representation\/\",\"name\":\"L\u2019entretien du CVS ou autre - Kiwo\",\"isPartOf\":{\"@id\":\"http:\/\/kiwo.fr\/#website\"},\"primaryImageOfPage\":{\"@id\":\"https:\/\/kiwo.fr\/index.php\/lentretien-avec-les-membres-du-cvs-ou-tout-autre-forme-de-representation\/#primaryimage\"},\"image\":{\"@id\":\"https:\/\/kiwo.fr\/index.php\/lentretien-avec-les-membres-du-cvs-ou-tout-autre-forme-de-representation\/#primaryimage\"},\"thumbnailUrl\":\"http:\/\/kiwo.fr\/wp-content\/uploads\/2024\/08\/ENTRETIEN-CVS.png\",\"datePublished\":\"2024-08-05T07:31:18+00:00\",\"dateModified\":\"2024-08-05T15:05:55+00:00\",\"breadcrumb\":{\"@id\":\"https:\/\/kiwo.fr\/index.php\/lentretien-avec-les-membres-du-cvs-ou-tout-autre-forme-de-representation\/#breadcrumb\"},\"inLanguage\":\"en-US\",\"potentialAction\":[{\"@type\":\"ReadAction\",\"target\":[\"https:\/\/kiwo.fr\/index.php\/lentretien-avec-les-membres-du-cvs-ou-tout-autre-forme-de-representation\/\"]}]},{\"@type\":\"ImageObject\",\"inLanguage\":\"en-US\",\"@id\":\"https:\/\/kiwo.fr\/index.php\/lentretien-avec-les-membres-du-cvs-ou-tout-autre-forme-de-representation\/#primaryimage\",\"url\":\"https:\/\/kiwo.fr\/wp-content\/uploads\/2024\/08\/ENTRETIEN-CVS.png\",\"contentUrl\":\"https:\/\/kiwo.fr\/wp-content\/uploads\/2024\/08\/ENTRETIEN-CVS.png\",\"width\":1020,\"height\":680},{\"@type\":\"BreadcrumbList\",\"@id\":\"https:\/\/kiwo.fr\/index.php\/lentretien-avec-les-membres-du-cvs-ou-tout-autre-forme-de-representation\/#breadcrumb\",\"itemListElement\":[{\"@type\":\"ListItem\",\"position\":1,\"name\":\"Accueil\",\"item\":\"http:\/\/kiwo.fr\/\"},{\"@type\":\"ListItem\",\"position\":2,\"name\":\"L\u2019entretien du CVS ou autre\"}]},{\"@type\":\"WebSite\",\"@id\":\"http:\/\/kiwo.fr\/#website\",\"url\":\"http:\/\/kiwo.fr\/\",\"name\":\"Kiwo\",\"description\":\"Accompagnement et logiciels dans la gestion de vos \u00e9tablissements m\u00e9dico-social\",\"publisher\":{\"@id\":\"http:\/\/kiwo.fr\/#organization\"},\"potentialAction\":[{\"@type\":\"SearchAction\",\"target\":{\"@type\":\"EntryPoint\",\"urlTemplate\":\"http:\/\/kiwo.fr\/?s={search_term_string}\"},\"query-input\":{\"@type\":\"PropertyValueSpecification\",\"valueRequired\":true,\"valueName\":\"search_term_string\"}}],\"inLanguage\":\"en-US\"},{\"@type\":\"Organization\",\"@id\":\"http:\/\/kiwo.fr\/#organization\",\"name\":\"Kiwo\",\"url\":\"http:\/\/kiwo.fr\/\",\"logo\":{\"@type\":\"ImageObject\",\"inLanguage\":\"en-US\",\"@id\":\"http:\/\/kiwo.fr\/#\/schema\/logo\/image\/\",\"url\":\"https:\/\/kiwo.fr\/wp-content\/uploads\/2024\/08\/cropped-kiwo-logo-2.png\",\"contentUrl\":\"https:\/\/kiwo.fr\/wp-content\/uploads\/2024\/08\/cropped-kiwo-logo-2.png\",\"width\":547,\"height\":150,\"caption\":\"Kiwo\"},\"image\":{\"@id\":\"http:\/\/kiwo.fr\/#\/schema\/logo\/image\/\"}}]}<\/script>\n<!-- \/ Yoast SEO plugin. -->","yoast_head_json":{"title":"L\u2019entretien du CVS ou autre - Kiwo","robots":{"index":"index","follow":"follow","max-snippet":"max-snippet:-1","max-image-preview":"max-image-preview:large","max-video-preview":"max-video-preview:-1"},"canonical":"https:\/\/kiwo.fr\/index.php\/lentretien-avec-les-membres-du-cvs-ou-tout-autre-forme-de-representation\/","og_locale":"en_US","og_type":"article","og_title":"L\u2019entretien du CVS ou autre - Kiwo","og_description":"L\u2019entretien avec les membres du CVS ou tout autre forme de repr\u00e9sentation 10 crit\u00e8res forment le niveau d\u2019interpellation des personnes qui repr\u00e9sentent les membres du CVS. Le groupe de personne est constitu\u00e9 des membres \u00e9lus de votre Conseil de Vie Sociale ou d\u2019une autre forme de repr\u00e9sentation afin d\u2019aborder les capacit\u00e9s de cette repr\u00e9sentation au [&hellip;]","og_url":"https:\/\/kiwo.fr\/index.php\/lentretien-avec-les-membres-du-cvs-ou-tout-autre-forme-de-representation\/","og_site_name":"Kiwo","article_modified_time":"2024-08-05T15:05:55+00:00","og_image":[{"url":"http:\/\/kiwo.fr\/wp-content\/uploads\/2024\/08\/ENTRETIEN-CVS.png"}],"twitter_card":"summary_large_image","twitter_misc":{"Est. reading time":"1 minute"},"schema":{"@context":"https:\/\/schema.org","@graph":[{"@type":"WebPage","@id":"https:\/\/kiwo.fr\/index.php\/lentretien-avec-les-membres-du-cvs-ou-tout-autre-forme-de-representation\/","url":"https:\/\/kiwo.fr\/index.php\/lentretien-avec-les-membres-du-cvs-ou-tout-autre-forme-de-representation\/","name":"L\u2019entretien du CVS ou autre - Kiwo","isPartOf":{"@id":"http:\/\/kiwo.fr\/#website"},"primaryImageOfPage":{"@id":"https:\/\/kiwo.fr\/index.php\/lentretien-avec-les-membres-du-cvs-ou-tout-autre-forme-de-representation\/#primaryimage"},"image":{"@id":"https:\/\/kiwo.fr\/index.php\/lentretien-avec-les-membres-du-cvs-ou-tout-autre-forme-de-representation\/#primaryimage"},"thumbnailUrl":"http:\/\/kiwo.fr\/wp-content\/uploads\/2024\/08\/ENTRETIEN-CVS.png","datePublished":"2024-08-05T07:31:18+00:00","dateModified":"2024-08-05T15:05:55+00:00","breadcrumb":{"@id":"https:\/\/kiwo.fr\/index.php\/lentretien-avec-les-membres-du-cvs-ou-tout-autre-forme-de-representation\/#breadcrumb"},"inLanguage":"en-US","potentialAction":[{"@type":"ReadAction","target":["https:\/\/kiwo.fr\/index.php\/lentretien-avec-les-membres-du-cvs-ou-tout-autre-forme-de-representation\/"]}]},{"@type":"ImageObject","inLanguage":"en-US","@id":"https:\/\/kiwo.fr\/index.php\/lentretien-avec-les-membres-du-cvs-ou-tout-autre-forme-de-representation\/#primaryimage","url":"https:\/\/kiwo.fr\/wp-content\/uploads\/2024\/08\/ENTRETIEN-CVS.png","contentUrl":"https:\/\/kiwo.fr\/wp-content\/uploads\/2024\/08\/ENTRETIEN-CVS.png","width":1020,"height":680},{"@type":"BreadcrumbList","@id":"https:\/\/kiwo.fr\/index.php\/lentretien-avec-les-membres-du-cvs-ou-tout-autre-forme-de-representation\/#breadcrumb","itemListElement":[{"@type":"ListItem","position":1,"name":"Accueil","item":"http:\/\/kiwo.fr\/"},{"@type":"ListItem","position":2,"name":"L\u2019entretien du CVS ou autre"}]},{"@type":"WebSite","@id":"http:\/\/kiwo.fr\/#website","url":"http:\/\/kiwo.fr\/","name":"Kiwo","description":"Accompagnement et logiciels dans la gestion de vos \u00e9tablissements m\u00e9dico-social","publisher":{"@id":"http:\/\/kiwo.fr\/#organization"},"potentialAction":[{"@type":"SearchAction","target":{"@type":"EntryPoint","urlTemplate":"http:\/\/kiwo.fr\/?s={search_term_string}"},"query-input":{"@type":"PropertyValueSpecification","valueRequired":true,"valueName":"search_term_string"}}],"inLanguage":"en-US"},{"@type":"Organization","@id":"http:\/\/kiwo.fr\/#organization","name":"Kiwo","url":"http:\/\/kiwo.fr\/","logo":{"@type":"ImageObject","inLanguage":"en-US","@id":"http:\/\/kiwo.fr\/#\/schema\/logo\/image\/","url":"https:\/\/kiwo.fr\/wp-content\/uploads\/2024\/08\/cropped-kiwo-logo-2.png","contentUrl":"https:\/\/kiwo.fr\/wp-content\/uploads\/2024\/08\/cropped-kiwo-logo-2.png","width":547,"height":150,"caption":"Kiwo"},"image":{"@id":"http:\/\/kiwo.fr\/#\/schema\/logo\/image\/"}}]}},"_links":{"self":[{"href":"https:\/\/kiwo.fr\/index.php\/wp-json\/wp\/v2\/pages\/742","targetHints":{"allow":["GET"]}}],"collection":[{"href":"https:\/\/kiwo.fr\/index.php\/wp-json\/wp\/v2\/pages"}],"about":[{"href":"https:\/\/kiwo.fr\/index.php\/wp-json\/wp\/v2\/types\/page"}],"author":[{"embeddable":true,"href":"https:\/\/kiwo.fr\/index.php\/wp-json\/wp\/v2\/users\/1"}],"replies":[{"embeddable":true,"href":"https:\/\/kiwo.fr\/index.php\/wp-json\/wp\/v2\/comments?post=742"}],"version-history":[{"count":11,"href":"https:\/\/kiwo.fr\/index.php\/wp-json\/wp\/v2\/pages\/742\/revisions"}],"predecessor-version":[{"id":851,"href":"https:\/\/kiwo.fr\/index.php\/wp-json\/wp\/v2\/pages\/742\/revisions\/851"}],"wp:attachment":[{"href":"https:\/\/kiwo.fr\/index.php\/wp-json\/wp\/v2\/media?parent=742"}],"curies":[{"name":"wp","href":"https:\/\/api.w.org\/{rel}","templated":true}]}}