{"id":780,"date":"2024-08-05T14:17:53","date_gmt":"2024-08-05T12:17:53","guid":{"rendered":"https:\/\/kiwo.fr\/?page_id=780"},"modified":"2024-08-05T17:17:59","modified_gmt":"2024-08-05T15:17:59","slug":"les-resultats","status":"publish","type":"page","link":"https:\/\/kiwo.fr\/index.php\/les-resultats\/","title":{"rendered":"Les r\u00e9sultats"},"content":{"rendered":"\t\t<div data-elementor-type=\"wp-page\" data-elementor-id=\"780\" class=\"elementor elementor-780\">\n\t\t\t\t<div class=\"elementor-element elementor-element-a0cdef1 e-flex e-con-boxed e-con e-parent\" data-id=\"a0cdef1\" data-element_type=\"container\">\n\t\t\t\t\t<div class=\"e-con-inner\">\n\t\t\t\t<div class=\"elementor-element elementor-element-6e6771ec elementor-widget__width-initial elementor-widget elementor-widget-heading\" data-id=\"6e6771ec\" data-element_type=\"widget\" data-widget_type=\"heading.default\">\n\t\t\t\t<div class=\"elementor-widget-container\">\n\t\t\t<h1 class=\"elementor-heading-title elementor-size-default\">Les r\u00e9sultats de votre \u00e9valuation<\/h1>\t\t<\/div>\n\t\t\t\t<\/div>\n\t\t\t\t<div class=\"elementor-element elementor-element-3f8e211 elementor-widget elementor-widget-image\" data-id=\"3f8e211\" data-element_type=\"widget\" data-widget_type=\"image.default\">\n\t\t\t\t<div class=\"elementor-widget-container\">\n\t\t\t\t\t\t\t\t\t\t\t\t\t<img fetchpriority=\"high\" decoding=\"async\" width=\"1020\" height=\"680\" src=\"https:\/\/kiwo.fr\/wp-content\/uploads\/2024\/08\/REVEIL-CALENDRIER.png\" class=\"attachment-large size-large wp-image-860\" alt=\"\" srcset=\"https:\/\/kiwo.fr\/wp-content\/uploads\/2024\/08\/REVEIL-CALENDRIER.png 1020w, https:\/\/kiwo.fr\/wp-content\/uploads\/2024\/08\/REVEIL-CALENDRIER-300x200.png 300w, https:\/\/kiwo.fr\/wp-content\/uploads\/2024\/08\/REVEIL-CALENDRIER-768x512.png 768w\" sizes=\"(max-width: 1020px) 100vw, 1020px\" \/>\t\t\t\t\t\t\t\t\t\t\t\t\t<\/div>\n\t\t\t\t<\/div>\n\t\t\t\t\t<\/div>\n\t\t\t\t<\/div>\n\t\t<div class=\"elementor-element elementor-element-56e57171 e-con-full e-flex e-con e-parent\" data-id=\"56e57171\" data-element_type=\"container\" data-settings=\"{&quot;background_background&quot;:&quot;classic&quot;}\">\n\t\t<div class=\"elementor-element elementor-element-6c3f2512 e-con-full e-flex e-con e-child\" data-id=\"6c3f2512\" data-element_type=\"container\">\n\t\t\t\t<div class=\"elementor-element elementor-element-5e00ba86 elementor-widget elementor-widget-heading\" data-id=\"5e00ba86\" data-element_type=\"widget\" data-widget_type=\"heading.default\">\n\t\t\t\t<div class=\"elementor-widget-container\">\n\t\t\t<h2 class=\"elementor-heading-title elementor-size-default\">Cotation des \u00e9l\u00e9ments d\u2019\u00e9valuation<\/h2>\t\t<\/div>\n\t\t\t\t<\/div>\n\t\t\t\t<div class=\"elementor-element elementor-element-43f6f262 elementor-widget elementor-widget-text-editor\" data-id=\"43f6f262\" data-element_type=\"widget\" data-widget_type=\"text-editor.default\">\n\t\t\t\t<div class=\"elementor-widget-container\">\n\t\t\t\t\t\t\t<p>La cotation d\u00e9finitive des \u00e9l\u00e9ments d\u2019\u00e9valuations est \u00e0 consid\u00e9rer en int\u00e9grant les diff\u00e9rents entretiens, le formalisme des documents fournis, les observations effectu\u00e9es sur site lors de la visite. Ainsi la cotation de l\u2019\u00e9valuation cumul ces diff\u00e9rentes approches de l\u2019\u00e9valuation pour une d\u00e9finition du niveau de qualit\u00e9 atteint optimis\u00e9e et affin\u00e9e.<\/p>\t\t\t\t\t\t<\/div>\n\t\t\t\t<\/div>\n\t\t\t\t<\/div>\n\t\t\t\t<\/div>\n\t\t<div class=\"elementor-element elementor-element-2373464e e-con-full e-flex e-con e-parent\" data-id=\"2373464e\" data-element_type=\"container\" data-settings=\"{&quot;background_background&quot;:&quot;classic&quot;}\">\n\t\t<div class=\"elementor-element elementor-element-1a5ce143 e-con-full e-flex e-con e-child\" data-id=\"1a5ce143\" data-element_type=\"container\">\n\t\t\t\t<div class=\"elementor-element elementor-element-72577d29 elementor-widget elementor-widget-heading\" data-id=\"72577d29\" data-element_type=\"widget\" data-widget_type=\"heading.default\">\n\t\t\t\t<div class=\"elementor-widget-container\">\n\t\t\t<h2 class=\"elementor-heading-title elementor-size-default\">L\u2019intervention de l\u2019\u00e9quipe<\/h2>\t\t<\/div>\n\t\t\t\t<\/div>\n\t\t\t\t<div class=\"elementor-element elementor-element-785d6be5 elementor-widget elementor-widget-text-editor\" data-id=\"785d6be5\" data-element_type=\"widget\" data-widget_type=\"text-editor.default\">\n\t\t\t\t<div class=\"elementor-widget-container\">\n\t\t\t\t\t\t\t<p>L\u2019intervention de l\u2019\u00e9quipe des intervenants est r\u00e9alis\u00e9e selon les modalit\u00e9s suivantes sur la base d\u2019une intervention type afin de permettre la r\u00e9alisation des diff\u00e9rentes phases de l\u2019\u00e9valuation.<\/p><p>Ainsi, les p\u00e9riodes de consultation documentaire et d\u2019observation sont r\u00e9alis\u00e9es en alternance avec les entretiens pr\u00e9vus aupr\u00e8s des professionnels, de la gouvernance, des membres du CVS, mais \u00e9galement aupr\u00e8s des usagers de mani\u00e8re individuelle.<\/p>\t\t\t\t\t\t<\/div>\n\t\t\t\t<\/div>\n\t\t\t\t<\/div>\n\t\t\t\t<\/div>\n\t\t<div class=\"elementor-element elementor-element-7569ca98 e-flex e-con-boxed e-con e-parent\" data-id=\"7569ca98\" data-element_type=\"container\" data-settings=\"{&quot;background_background&quot;:&quot;classic&quot;}\">\n\t\t\t\t\t<div class=\"e-con-inner\">\n\t\t\t\t<div class=\"elementor-element elementor-element-67d160b1 elementor-widget elementor-widget-heading\" data-id=\"67d160b1\" data-element_type=\"widget\" data-widget_type=\"heading.default\">\n\t\t\t\t<div class=\"elementor-widget-container\">\n\t\t\t<p class=\"elementor-heading-title elementor-size-default\">\u00a9 2024 tous droits r\u00e9serv\u00e9s<\/p>\t\t<\/div>\n\t\t\t\t<\/div>\n\t\t\t\t\t<\/div>\n\t\t\t\t<\/div>\n\t\t\t\t<\/div>\n\t\t","protected":false},"excerpt":{"rendered":"<p>Les r\u00e9sultats de votre \u00e9valuation Cotation des \u00e9l\u00e9ments d\u2019\u00e9valuation La cotation d\u00e9finitive des \u00e9l\u00e9ments d\u2019\u00e9valuations est \u00e0 consid\u00e9rer en int\u00e9grant les diff\u00e9rents entretiens, le formalisme des documents fournis, les observations effectu\u00e9es sur site lors de la visite. Ainsi la cotation de l\u2019\u00e9valuation cumul ces diff\u00e9rentes approches de l\u2019\u00e9valuation pour une d\u00e9finition du niveau de qualit\u00e9 [&hellip;]<\/p>\n","protected":false},"author":1,"featured_media":0,"parent":0,"menu_order":0,"comment_status":"closed","ping_status":"closed","template":"","meta":{"footnotes":""},"class_list":["post-780","page","type-page","status-publish","hentry","entry"],"yoast_head":"<!-- This site is optimized with the Yoast SEO plugin v23.7 - https:\/\/yoast.com\/wordpress\/plugins\/seo\/ -->\n<title>Les r\u00e9sultats - Kiwo<\/title>\n<meta name=\"robots\" content=\"index, follow, max-snippet:-1, max-image-preview:large, max-video-preview:-1\" \/>\n<link rel=\"canonical\" href=\"http:\/\/kiwo.fr\/index.php\/les-resultats\/\" \/>\n<meta property=\"og:locale\" content=\"en_US\" \/>\n<meta property=\"og:type\" content=\"article\" \/>\n<meta property=\"og:title\" content=\"Les r\u00e9sultats - Kiwo\" \/>\n<meta property=\"og:description\" content=\"Les r\u00e9sultats de votre \u00e9valuation Cotation des \u00e9l\u00e9ments d\u2019\u00e9valuation La cotation d\u00e9finitive des \u00e9l\u00e9ments d\u2019\u00e9valuations est \u00e0 consid\u00e9rer en int\u00e9grant les diff\u00e9rents entretiens, le formalisme des documents fournis, les observations effectu\u00e9es sur site lors de la visite. Ainsi la cotation de l\u2019\u00e9valuation cumul ces diff\u00e9rentes approches de l\u2019\u00e9valuation pour une d\u00e9finition du niveau de qualit\u00e9 [&hellip;]\" \/>\n<meta property=\"og:url\" content=\"http:\/\/kiwo.fr\/index.php\/les-resultats\/\" \/>\n<meta property=\"og:site_name\" content=\"Kiwo\" \/>\n<meta property=\"article:modified_time\" content=\"2024-08-05T15:17:59+00:00\" \/>\n<meta property=\"og:image\" content=\"http:\/\/kiwo.fr\/wp-content\/uploads\/2024\/08\/REVEIL-CALENDRIER.png\" \/>\n<meta name=\"twitter:card\" content=\"summary_large_image\" \/>\n<meta name=\"twitter:label1\" content=\"Est. reading time\" \/>\n\t<meta name=\"twitter:data1\" content=\"1 minute\" \/>\n<script type=\"application\/ld+json\" class=\"yoast-schema-graph\">{\"@context\":\"https:\/\/schema.org\",\"@graph\":[{\"@type\":\"WebPage\",\"@id\":\"http:\/\/kiwo.fr\/index.php\/les-resultats\/\",\"url\":\"http:\/\/kiwo.fr\/index.php\/les-resultats\/\",\"name\":\"Les r\u00e9sultats - Kiwo\",\"isPartOf\":{\"@id\":\"http:\/\/kiwo.fr\/#website\"},\"primaryImageOfPage\":{\"@id\":\"http:\/\/kiwo.fr\/index.php\/les-resultats\/#primaryimage\"},\"image\":{\"@id\":\"http:\/\/kiwo.fr\/index.php\/les-resultats\/#primaryimage\"},\"thumbnailUrl\":\"http:\/\/kiwo.fr\/wp-content\/uploads\/2024\/08\/REVEIL-CALENDRIER.png\",\"datePublished\":\"2024-08-05T12:17:53+00:00\",\"dateModified\":\"2024-08-05T15:17:59+00:00\",\"breadcrumb\":{\"@id\":\"http:\/\/kiwo.fr\/index.php\/les-resultats\/#breadcrumb\"},\"inLanguage\":\"en-US\",\"potentialAction\":[{\"@type\":\"ReadAction\",\"target\":[\"http:\/\/kiwo.fr\/index.php\/les-resultats\/\"]}]},{\"@type\":\"ImageObject\",\"inLanguage\":\"en-US\",\"@id\":\"http:\/\/kiwo.fr\/index.php\/les-resultats\/#primaryimage\",\"url\":\"https:\/\/kiwo.fr\/wp-content\/uploads\/2024\/08\/REVEIL-CALENDRIER.png\",\"contentUrl\":\"https:\/\/kiwo.fr\/wp-content\/uploads\/2024\/08\/REVEIL-CALENDRIER.png\",\"width\":1020,\"height\":680},{\"@type\":\"BreadcrumbList\",\"@id\":\"http:\/\/kiwo.fr\/index.php\/les-resultats\/#breadcrumb\",\"itemListElement\":[{\"@type\":\"ListItem\",\"position\":1,\"name\":\"Accueil\",\"item\":\"http:\/\/kiwo.fr\/\"},{\"@type\":\"ListItem\",\"position\":2,\"name\":\"Les r\u00e9sultats\"}]},{\"@type\":\"WebSite\",\"@id\":\"http:\/\/kiwo.fr\/#website\",\"url\":\"http:\/\/kiwo.fr\/\",\"name\":\"Kiwo\",\"description\":\"Accompagnement et logiciels dans la gestion de vos \u00e9tablissements m\u00e9dico-social\",\"publisher\":{\"@id\":\"http:\/\/kiwo.fr\/#organization\"},\"potentialAction\":[{\"@type\":\"SearchAction\",\"target\":{\"@type\":\"EntryPoint\",\"urlTemplate\":\"http:\/\/kiwo.fr\/?s={search_term_string}\"},\"query-input\":{\"@type\":\"PropertyValueSpecification\",\"valueRequired\":true,\"valueName\":\"search_term_string\"}}],\"inLanguage\":\"en-US\"},{\"@type\":\"Organization\",\"@id\":\"http:\/\/kiwo.fr\/#organization\",\"name\":\"Kiwo\",\"url\":\"http:\/\/kiwo.fr\/\",\"logo\":{\"@type\":\"ImageObject\",\"inLanguage\":\"en-US\",\"@id\":\"http:\/\/kiwo.fr\/#\/schema\/logo\/image\/\",\"url\":\"https:\/\/kiwo.fr\/wp-content\/uploads\/2024\/08\/cropped-kiwo-logo-2.png\",\"contentUrl\":\"https:\/\/kiwo.fr\/wp-content\/uploads\/2024\/08\/cropped-kiwo-logo-2.png\",\"width\":547,\"height\":150,\"caption\":\"Kiwo\"},\"image\":{\"@id\":\"http:\/\/kiwo.fr\/#\/schema\/logo\/image\/\"}}]}<\/script>\n<!-- \/ Yoast SEO plugin. -->","yoast_head_json":{"title":"Les r\u00e9sultats - Kiwo","robots":{"index":"index","follow":"follow","max-snippet":"max-snippet:-1","max-image-preview":"max-image-preview:large","max-video-preview":"max-video-preview:-1"},"canonical":"http:\/\/kiwo.fr\/index.php\/les-resultats\/","og_locale":"en_US","og_type":"article","og_title":"Les r\u00e9sultats - Kiwo","og_description":"Les r\u00e9sultats de votre \u00e9valuation Cotation des \u00e9l\u00e9ments d\u2019\u00e9valuation La cotation d\u00e9finitive des \u00e9l\u00e9ments d\u2019\u00e9valuations est \u00e0 consid\u00e9rer en int\u00e9grant les diff\u00e9rents entretiens, le formalisme des documents fournis, les observations effectu\u00e9es sur site lors de la visite. Ainsi la cotation de l\u2019\u00e9valuation cumul ces diff\u00e9rentes approches de l\u2019\u00e9valuation pour une d\u00e9finition du niveau de qualit\u00e9 [&hellip;]","og_url":"http:\/\/kiwo.fr\/index.php\/les-resultats\/","og_site_name":"Kiwo","article_modified_time":"2024-08-05T15:17:59+00:00","og_image":[{"url":"http:\/\/kiwo.fr\/wp-content\/uploads\/2024\/08\/REVEIL-CALENDRIER.png"}],"twitter_card":"summary_large_image","twitter_misc":{"Est. reading time":"1 minute"},"schema":{"@context":"https:\/\/schema.org","@graph":[{"@type":"WebPage","@id":"http:\/\/kiwo.fr\/index.php\/les-resultats\/","url":"http:\/\/kiwo.fr\/index.php\/les-resultats\/","name":"Les r\u00e9sultats - Kiwo","isPartOf":{"@id":"http:\/\/kiwo.fr\/#website"},"primaryImageOfPage":{"@id":"http:\/\/kiwo.fr\/index.php\/les-resultats\/#primaryimage"},"image":{"@id":"http:\/\/kiwo.fr\/index.php\/les-resultats\/#primaryimage"},"thumbnailUrl":"http:\/\/kiwo.fr\/wp-content\/uploads\/2024\/08\/REVEIL-CALENDRIER.png","datePublished":"2024-08-05T12:17:53+00:00","dateModified":"2024-08-05T15:17:59+00:00","breadcrumb":{"@id":"http:\/\/kiwo.fr\/index.php\/les-resultats\/#breadcrumb"},"inLanguage":"en-US","potentialAction":[{"@type":"ReadAction","target":["http:\/\/kiwo.fr\/index.php\/les-resultats\/"]}]},{"@type":"ImageObject","inLanguage":"en-US","@id":"http:\/\/kiwo.fr\/index.php\/les-resultats\/#primaryimage","url":"https:\/\/kiwo.fr\/wp-content\/uploads\/2024\/08\/REVEIL-CALENDRIER.png","contentUrl":"https:\/\/kiwo.fr\/wp-content\/uploads\/2024\/08\/REVEIL-CALENDRIER.png","width":1020,"height":680},{"@type":"BreadcrumbList","@id":"http:\/\/kiwo.fr\/index.php\/les-resultats\/#breadcrumb","itemListElement":[{"@type":"ListItem","position":1,"name":"Accueil","item":"http:\/\/kiwo.fr\/"},{"@type":"ListItem","position":2,"name":"Les r\u00e9sultats"}]},{"@type":"WebSite","@id":"http:\/\/kiwo.fr\/#website","url":"http:\/\/kiwo.fr\/","name":"Kiwo","description":"Accompagnement et logiciels dans la gestion de vos \u00e9tablissements m\u00e9dico-social","publisher":{"@id":"http:\/\/kiwo.fr\/#organization"},"potentialAction":[{"@type":"SearchAction","target":{"@type":"EntryPoint","urlTemplate":"http:\/\/kiwo.fr\/?s={search_term_string}"},"query-input":{"@type":"PropertyValueSpecification","valueRequired":true,"valueName":"search_term_string"}}],"inLanguage":"en-US"},{"@type":"Organization","@id":"http:\/\/kiwo.fr\/#organization","name":"Kiwo","url":"http:\/\/kiwo.fr\/","logo":{"@type":"ImageObject","inLanguage":"en-US","@id":"http:\/\/kiwo.fr\/#\/schema\/logo\/image\/","url":"https:\/\/kiwo.fr\/wp-content\/uploads\/2024\/08\/cropped-kiwo-logo-2.png","contentUrl":"https:\/\/kiwo.fr\/wp-content\/uploads\/2024\/08\/cropped-kiwo-logo-2.png","width":547,"height":150,"caption":"Kiwo"},"image":{"@id":"http:\/\/kiwo.fr\/#\/schema\/logo\/image\/"}}]}},"_links":{"self":[{"href":"https:\/\/kiwo.fr\/index.php\/wp-json\/wp\/v2\/pages\/780","targetHints":{"allow":["GET"]}}],"collection":[{"href":"https:\/\/kiwo.fr\/index.php\/wp-json\/wp\/v2\/pages"}],"about":[{"href":"https:\/\/kiwo.fr\/index.php\/wp-json\/wp\/v2\/types\/page"}],"author":[{"embeddable":true,"href":"https:\/\/kiwo.fr\/index.php\/wp-json\/wp\/v2\/users\/1"}],"replies":[{"embeddable":true,"href":"https:\/\/kiwo.fr\/index.php\/wp-json\/wp\/v2\/comments?post=780"}],"version-history":[{"count":7,"href":"https:\/\/kiwo.fr\/index.php\/wp-json\/wp\/v2\/pages\/780\/revisions"}],"predecessor-version":[{"id":863,"href":"https:\/\/kiwo.fr\/index.php\/wp-json\/wp\/v2\/pages\/780\/revisions\/863"}],"wp:attachment":[{"href":"https:\/\/kiwo.fr\/index.php\/wp-json\/wp\/v2\/media?parent=780"}],"curies":[{"name":"wp","href":"https:\/\/api.w.org\/{rel}","templated":true}]}}