{"id":808,"date":"2024-08-05T16:02:51","date_gmt":"2024-08-05T14:02:51","guid":{"rendered":"https:\/\/kiwo.fr\/?page_id=808"},"modified":"2024-08-05T16:03:56","modified_gmt":"2024-08-05T14:03:56","slug":"traceur-cible","status":"publish","type":"page","link":"https:\/\/kiwo.fr\/index.php\/traceur-cible\/","title":{"rendered":"Traceur cibl\u00e9"},"content":{"rendered":"\t\t<div data-elementor-type=\"wp-page\" data-elementor-id=\"808\" class=\"elementor elementor-808\">\n\t\t\t\t<div class=\"elementor-element elementor-element-cbc10a4 e-flex e-con-boxed e-con e-parent\" data-id=\"cbc10a4\" data-element_type=\"container\">\n\t\t\t\t\t<div class=\"e-con-inner\">\n\t\t<div class=\"elementor-element elementor-element-b9368b5 e-con-full e-flex e-con e-child\" data-id=\"b9368b5\" data-element_type=\"container\">\n\t\t\t\t<div class=\"elementor-element elementor-element-26b5153 elementor-widget elementor-widget-heading\" data-id=\"26b5153\" data-element_type=\"widget\" data-widget_type=\"heading.default\">\n\t\t\t\t<div class=\"elementor-widget-container\">\n\t\t\t<h2 class=\"elementor-heading-title elementor-size-default\">M\u00c9THODE DU TRACEUR CIBLE<\/h2>\t\t<\/div>\n\t\t\t\t<\/div>\n\t\t\t\t<div class=\"elementor-element elementor-element-7adacbd elementor-widget elementor-widget-text-editor\" data-id=\"7adacbd\" data-element_type=\"widget\" data-widget_type=\"text-editor.default\">\n\t\t\t\t<div class=\"elementor-widget-container\">\n\t\t\t\t\t\t\t<p>\u00c9valuation de la mise en \u0153uvre d\u2019un processus cibl\u00e9<\/p>\t\t\t\t\t\t<\/div>\n\t\t\t\t<\/div>\n\t\t\t\t<\/div>\n\t\t<div class=\"elementor-element elementor-element-5316788 e-con-full e-flex e-con e-child\" data-id=\"5316788\" data-element_type=\"container\" data-settings=\"{&quot;background_background&quot;:&quot;classic&quot;}\">\n\t\t<div class=\"elementor-element elementor-element-b31fc49 e-con-full e-flex e-con e-child\" data-id=\"b31fc49\" data-element_type=\"container\">\n\t\t\t\t<div class=\"elementor-element elementor-element-a460adc elementor-widget elementor-widget-image\" data-id=\"a460adc\" data-element_type=\"widget\" data-widget_type=\"image.default\">\n\t\t\t\t<div class=\"elementor-widget-container\">\n\t\t\t\t\t\t\t\t\t\t\t\t\t<img decoding=\"async\" width=\"184\" height=\"184\" src=\"https:\/\/kiwo.fr\/wp-content\/uploads\/2024\/08\/p5.jpg\" class=\"attachment-large size-large wp-image-791\" alt=\"\" srcset=\"https:\/\/kiwo.fr\/wp-content\/uploads\/2024\/08\/p5.jpg 184w, https:\/\/kiwo.fr\/wp-content\/uploads\/2024\/08\/p5-150x150.jpg 150w\" sizes=\"(max-width: 184px) 100vw, 184px\" \/>\t\t\t\t\t\t\t\t\t\t\t\t\t<\/div>\n\t\t\t\t<\/div>\n\t\t\t\t<\/div>\n\t\t<div class=\"elementor-element elementor-element-6cc16bc e-con-full e-flex e-con e-child\" data-id=\"6cc16bc\" data-element_type=\"container\">\n\t\t\t\t<div class=\"elementor-element elementor-element-ac25287 elementor-widget elementor-widget-heading\" data-id=\"ac25287\" data-element_type=\"widget\" data-widget_type=\"heading.default\">\n\t\t\t\t<div class=\"elementor-widget-container\">\n\t\t\t<h2 class=\"elementor-heading-title elementor-size-default\">1 - IDENTIFICATION DE LA CIBLE<\/h2>\t\t<\/div>\n\t\t\t\t<\/div>\n\t\t\t\t<div class=\"elementor-element elementor-element-28a3da3 elementor-widget__width-inherit elementor-widget elementor-widget-text-editor\" data-id=\"28a3da3\" data-element_type=\"widget\" data-widget_type=\"text-editor.default\">\n\t\t\t\t<div class=\"elementor-widget-container\">\n\t\t\t\t\t\t\t<p>Les intervenants KIWO choisissent au regard de la (des) th\u00e9matique(s) vis\u00e9e(s) par le r\u00e9f\u00e9rentiel<\/p>\t\t\t\t\t\t<\/div>\n\t\t\t\t<\/div>\n\t\t\t\t<\/div>\n\t\t\t\t<\/div>\n\t\t<div class=\"elementor-element elementor-element-7fb7b61 e-con-full e-flex e-con e-child\" data-id=\"7fb7b61\" data-element_type=\"container\" data-settings=\"{&quot;background_background&quot;:&quot;classic&quot;}\">\n\t\t<div class=\"elementor-element elementor-element-752c77c e-con-full e-flex e-con e-child\" data-id=\"752c77c\" data-element_type=\"container\">\n\t\t\t\t<div class=\"elementor-element elementor-element-01718fc elementor-widget elementor-widget-heading\" data-id=\"01718fc\" data-element_type=\"widget\" data-widget_type=\"heading.default\">\n\t\t\t\t<div class=\"elementor-widget-container\">\n\t\t\t<h2 class=\"elementor-heading-title elementor-size-default\">2 - SUIVI DU CIRCUIT DU TRACEUR CIBLE<\/h2>\t\t<\/div>\n\t\t\t\t<\/div>\n\t\t\t\t<div class=\"elementor-element elementor-element-a779289 elementor-widget elementor-widget-text-editor\" data-id=\"a779289\" data-element_type=\"widget\" data-widget_type=\"text-editor.default\">\n\t\t\t\t<div class=\"elementor-widget-container\">\n\t\t\t\t\t\t\t<p>Les intervenants KIWO reconstituent le circuit et \u00e0 chaque phase s\u2019entretiennent avec les professionnels impliqu\u00e9s\u00a0; observent les pratiques\u00a0; consultent la documentation<\/p>\t\t\t\t\t\t<\/div>\n\t\t\t\t<\/div>\n\t\t\t\t<\/div>\n\t\t<div class=\"elementor-element elementor-element-b39c6a7 e-con-full e-flex e-con e-child\" data-id=\"b39c6a7\" data-element_type=\"container\">\n\t\t\t\t<div class=\"elementor-element elementor-element-dd90c5f elementor-widget elementor-widget-image\" data-id=\"dd90c5f\" data-element_type=\"widget\" data-widget_type=\"image.default\">\n\t\t\t\t<div class=\"elementor-widget-container\">\n\t\t\t\t\t\t\t\t\t\t\t\t\t<img fetchpriority=\"high\" decoding=\"async\" width=\"336\" height=\"304\" src=\"https:\/\/kiwo.fr\/wp-content\/uploads\/2024\/08\/p6.jpg\" class=\"attachment-large size-large wp-image-792\" alt=\"\" srcset=\"https:\/\/kiwo.fr\/wp-content\/uploads\/2024\/08\/p6.jpg 336w, https:\/\/kiwo.fr\/wp-content\/uploads\/2024\/08\/p6-300x271.jpg 300w\" sizes=\"(max-width: 336px) 100vw, 336px\" \/>\t\t\t\t\t\t\t\t\t\t\t\t\t<\/div>\n\t\t\t\t<\/div>\n\t\t\t\t<\/div>\n\t\t\t\t<\/div>\n\t\t<div class=\"elementor-element elementor-element-8e08707 e-con-full e-flex e-con e-child\" data-id=\"8e08707\" data-element_type=\"container\" data-settings=\"{&quot;background_background&quot;:&quot;classic&quot;}\">\n\t\t<div class=\"elementor-element elementor-element-e5f22fa e-con-full e-flex e-con e-child\" data-id=\"e5f22fa\" data-element_type=\"container\">\n\t\t\t\t<div class=\"elementor-element elementor-element-09dbac1 elementor-widget elementor-widget-image\" data-id=\"09dbac1\" data-element_type=\"widget\" data-widget_type=\"image.default\">\n\t\t\t\t<div class=\"elementor-widget-container\">\n\t\t\t\t\t\t\t\t\t\t\t\t\t<img decoding=\"async\" width=\"400\" height=\"224\" src=\"https:\/\/kiwo.fr\/wp-content\/uploads\/2024\/08\/p7.jpg\" class=\"attachment-large size-large wp-image-793\" alt=\"\" srcset=\"https:\/\/kiwo.fr\/wp-content\/uploads\/2024\/08\/p7.jpg 400w, https:\/\/kiwo.fr\/wp-content\/uploads\/2024\/08\/p7-300x168.jpg 300w\" sizes=\"(max-width: 400px) 100vw, 400px\" \/>\t\t\t\t\t\t\t\t\t\t\t\t\t<\/div>\n\t\t\t\t<\/div>\n\t\t\t\t<\/div>\n\t\t<div class=\"elementor-element elementor-element-4ae6501 e-con-full e-flex e-con e-child\" data-id=\"4ae6501\" data-element_type=\"container\">\n\t\t\t\t<div class=\"elementor-element elementor-element-523c5a7 elementor-widget elementor-widget-heading\" data-id=\"523c5a7\" data-element_type=\"widget\" data-widget_type=\"heading.default\">\n\t\t\t\t<div class=\"elementor-widget-container\">\n\t\t\t<h2 class=\"elementor-heading-title elementor-size-default\">3 -  RENCONTRE AVEC LA GOUVERNANCE<\/h2>\t\t<\/div>\n\t\t\t\t<\/div>\n\t\t\t\t<div class=\"elementor-element elementor-element-15dd57c elementor-widget__width-inherit elementor-widget elementor-widget-text-editor\" data-id=\"15dd57c\" data-element_type=\"widget\" data-widget_type=\"text-editor.default\">\n\t\t\t\t<div class=\"elementor-widget-container\">\n\t\t\t\t\t\t\t<p>Les intervenants KIWO rencontrent la gouvernance pour \u00e9valuer l\u2019organisation et les moyens d\u00e9ploy\u00e9s et compl\u00e8tent leurs investigations en cas d\u2019\u00e9cart entre le processus et sa mise en \u0153uvre<\/p>\t\t\t\t\t\t<\/div>\n\t\t\t\t<\/div>\n\t\t\t\t<\/div>\n\t\t\t\t<\/div>\n\t\t<div class=\"elementor-element elementor-element-877d57b e-con-full e-flex e-con e-child\" data-id=\"877d57b\" data-element_type=\"container\">\n\t\t\t\t<div class=\"elementor-element elementor-element-ef7c7c6 elementor-widget elementor-widget-text-editor\" data-id=\"ef7c7c6\" data-element_type=\"widget\" data-widget_type=\"text-editor.default\">\n\t\t\t\t<div class=\"elementor-widget-container\">\n\t\t\t\t\t\t\t<p>Le \u00ab <strong>Chapitre 2 : les professionnels<\/strong> \u00bb du r\u00e9f\u00e9rentiel d\u2019\u00e9valuation de la qualit\u00e9 des ESSMS est \u00e9valu\u00e9 au travers de la m\u00e9thode du \u00ab traceur cibl\u00e9 \u00bb.<\/p><p>Le traceur est cibl\u00e9 sur les diff\u00e9rentes th\u00e9matiques du r\u00e9f\u00e9rentiel d\u2019\u00e9valuation investigu\u00e9es. La th\u00e9matique \u00e9tant le fil conducteur de l\u2019entretien.<\/p><p>Cette m\u00e9thode est centr\u00e9e sur l\u2019entretien avec les professionnels pour \u00e9valuer la mise en \u0153uvre r\u00e9elle d\u2019un processus sur le terrain et sa ma\u00eetrise.<\/p><p>Dans le cadre de l\u2019am\u00e9lioration continue de la qualit\u00e9, cette m\u00e9thode vise \u00e0 inscrire l\u2019\u00e9valuation de la qualit\u00e9 des ESSMS dans l\u2019activit\u00e9 quotidienne des structures et \u00e0 promouvoir une d\u00e9marche porteuse de sens pour les professionnels.<\/p>\t\t\t\t\t\t<\/div>\n\t\t\t\t<\/div>\n\t\t\t\t<\/div>\n\t\t<div class=\"elementor-element elementor-element-761eb0b e-con-full e-flex e-con e-child\" data-id=\"761eb0b\" data-element_type=\"container\" data-settings=\"{&quot;background_background&quot;:&quot;classic&quot;}\">\n\t\t\t\t<div class=\"elementor-element elementor-element-f20dfe6 elementor-widget elementor-widget-heading\" data-id=\"f20dfe6\" data-element_type=\"widget\" data-widget_type=\"heading.default\">\n\t\t\t\t<div class=\"elementor-widget-container\">\n\t\t\t<p class=\"elementor-heading-title elementor-size-default\">\u00a9 2024 Tous droits r\u00e9serv\u00e9s<\/p>\t\t<\/div>\n\t\t\t\t<\/div>\n\t\t\t\t<\/div>\n\t\t\t\t\t<\/div>\n\t\t\t\t<\/div>\n\t\t\t\t<\/div>\n\t\t","protected":false},"excerpt":{"rendered":"<p>M\u00c9THODE DU TRACEUR CIBLE \u00c9valuation de la mise en \u0153uvre d\u2019un processus cibl\u00e9 1 &#8211; IDENTIFICATION DE LA CIBLE Les intervenants KIWO choisissent au regard de la (des) th\u00e9matique(s) vis\u00e9e(s) par le r\u00e9f\u00e9rentiel 2 &#8211; SUIVI DU CIRCUIT DU TRACEUR CIBLE Les intervenants KIWO reconstituent le circuit et \u00e0 chaque phase s\u2019entretiennent avec les professionnels [&hellip;]<\/p>\n","protected":false},"author":1,"featured_media":0,"parent":0,"menu_order":0,"comment_status":"closed","ping_status":"closed","template":"","meta":{"footnotes":""},"class_list":["post-808","page","type-page","status-publish","hentry","entry"],"yoast_head":"<!-- This site is optimized with the Yoast SEO plugin v23.7 - https:\/\/yoast.com\/wordpress\/plugins\/seo\/ -->\n<title>Traceur cibl\u00e9 - Kiwo<\/title>\n<meta name=\"robots\" content=\"index, follow, max-snippet:-1, max-image-preview:large, max-video-preview:-1\" \/>\n<link rel=\"canonical\" href=\"https:\/\/kiwo.fr\/index.php\/traceur-cible\/\" \/>\n<meta property=\"og:locale\" content=\"en_US\" \/>\n<meta property=\"og:type\" content=\"article\" \/>\n<meta property=\"og:title\" content=\"Traceur cibl\u00e9 - Kiwo\" \/>\n<meta property=\"og:description\" content=\"M\u00c9THODE DU TRACEUR CIBLE \u00c9valuation de la mise en \u0153uvre d\u2019un processus cibl\u00e9 1 &#8211; IDENTIFICATION DE LA CIBLE Les intervenants KIWO choisissent au regard de la (des) th\u00e9matique(s) vis\u00e9e(s) par le r\u00e9f\u00e9rentiel 2 &#8211; SUIVI DU CIRCUIT DU TRACEUR CIBLE Les intervenants KIWO reconstituent le circuit et \u00e0 chaque phase s\u2019entretiennent avec les professionnels [&hellip;]\" \/>\n<meta property=\"og:url\" content=\"https:\/\/kiwo.fr\/index.php\/traceur-cible\/\" \/>\n<meta property=\"og:site_name\" content=\"Kiwo\" \/>\n<meta property=\"article:modified_time\" content=\"2024-08-05T14:03:56+00:00\" \/>\n<meta property=\"og:image\" content=\"http:\/\/kiwo.fr\/wp-content\/uploads\/2024\/08\/p5.jpg\" \/>\n<meta name=\"twitter:card\" content=\"summary_large_image\" \/>\n<meta name=\"twitter:label1\" content=\"Est. reading time\" \/>\n\t<meta name=\"twitter:data1\" content=\"1 minute\" \/>\n<script type=\"application\/ld+json\" class=\"yoast-schema-graph\">{\"@context\":\"https:\/\/schema.org\",\"@graph\":[{\"@type\":\"WebPage\",\"@id\":\"https:\/\/kiwo.fr\/index.php\/traceur-cible\/\",\"url\":\"https:\/\/kiwo.fr\/index.php\/traceur-cible\/\",\"name\":\"Traceur cibl\u00e9 - Kiwo\",\"isPartOf\":{\"@id\":\"http:\/\/kiwo.fr\/#website\"},\"primaryImageOfPage\":{\"@id\":\"https:\/\/kiwo.fr\/index.php\/traceur-cible\/#primaryimage\"},\"image\":{\"@id\":\"https:\/\/kiwo.fr\/index.php\/traceur-cible\/#primaryimage\"},\"thumbnailUrl\":\"http:\/\/kiwo.fr\/wp-content\/uploads\/2024\/08\/p5.jpg\",\"datePublished\":\"2024-08-05T14:02:51+00:00\",\"dateModified\":\"2024-08-05T14:03:56+00:00\",\"breadcrumb\":{\"@id\":\"https:\/\/kiwo.fr\/index.php\/traceur-cible\/#breadcrumb\"},\"inLanguage\":\"en-US\",\"potentialAction\":[{\"@type\":\"ReadAction\",\"target\":[\"https:\/\/kiwo.fr\/index.php\/traceur-cible\/\"]}]},{\"@type\":\"ImageObject\",\"inLanguage\":\"en-US\",\"@id\":\"https:\/\/kiwo.fr\/index.php\/traceur-cible\/#primaryimage\",\"url\":\"https:\/\/kiwo.fr\/wp-content\/uploads\/2024\/08\/p5.jpg\",\"contentUrl\":\"https:\/\/kiwo.fr\/wp-content\/uploads\/2024\/08\/p5.jpg\",\"width\":184,\"height\":184},{\"@type\":\"BreadcrumbList\",\"@id\":\"https:\/\/kiwo.fr\/index.php\/traceur-cible\/#breadcrumb\",\"itemListElement\":[{\"@type\":\"ListItem\",\"position\":1,\"name\":\"Accueil\",\"item\":\"http:\/\/kiwo.fr\/\"},{\"@type\":\"ListItem\",\"position\":2,\"name\":\"Traceur cibl\u00e9\"}]},{\"@type\":\"WebSite\",\"@id\":\"http:\/\/kiwo.fr\/#website\",\"url\":\"http:\/\/kiwo.fr\/\",\"name\":\"Kiwo\",\"description\":\"Accompagnement et logiciels dans la gestion de vos \u00e9tablissements m\u00e9dico-social\",\"publisher\":{\"@id\":\"http:\/\/kiwo.fr\/#organization\"},\"potentialAction\":[{\"@type\":\"SearchAction\",\"target\":{\"@type\":\"EntryPoint\",\"urlTemplate\":\"http:\/\/kiwo.fr\/?s={search_term_string}\"},\"query-input\":{\"@type\":\"PropertyValueSpecification\",\"valueRequired\":true,\"valueName\":\"search_term_string\"}}],\"inLanguage\":\"en-US\"},{\"@type\":\"Organization\",\"@id\":\"http:\/\/kiwo.fr\/#organization\",\"name\":\"Kiwo\",\"url\":\"http:\/\/kiwo.fr\/\",\"logo\":{\"@type\":\"ImageObject\",\"inLanguage\":\"en-US\",\"@id\":\"http:\/\/kiwo.fr\/#\/schema\/logo\/image\/\",\"url\":\"https:\/\/kiwo.fr\/wp-content\/uploads\/2024\/08\/cropped-kiwo-logo-2.png\",\"contentUrl\":\"https:\/\/kiwo.fr\/wp-content\/uploads\/2024\/08\/cropped-kiwo-logo-2.png\",\"width\":547,\"height\":150,\"caption\":\"Kiwo\"},\"image\":{\"@id\":\"http:\/\/kiwo.fr\/#\/schema\/logo\/image\/\"}}]}<\/script>\n<!-- \/ Yoast SEO plugin. -->","yoast_head_json":{"title":"Traceur cibl\u00e9 - Kiwo","robots":{"index":"index","follow":"follow","max-snippet":"max-snippet:-1","max-image-preview":"max-image-preview:large","max-video-preview":"max-video-preview:-1"},"canonical":"https:\/\/kiwo.fr\/index.php\/traceur-cible\/","og_locale":"en_US","og_type":"article","og_title":"Traceur cibl\u00e9 - Kiwo","og_description":"M\u00c9THODE DU TRACEUR CIBLE \u00c9valuation de la mise en \u0153uvre d\u2019un processus cibl\u00e9 1 &#8211; IDENTIFICATION DE LA CIBLE Les intervenants KIWO choisissent au regard de la (des) th\u00e9matique(s) vis\u00e9e(s) par le r\u00e9f\u00e9rentiel 2 &#8211; SUIVI DU CIRCUIT DU TRACEUR CIBLE Les intervenants KIWO reconstituent le circuit et \u00e0 chaque phase s\u2019entretiennent avec les professionnels [&hellip;]","og_url":"https:\/\/kiwo.fr\/index.php\/traceur-cible\/","og_site_name":"Kiwo","article_modified_time":"2024-08-05T14:03:56+00:00","og_image":[{"url":"http:\/\/kiwo.fr\/wp-content\/uploads\/2024\/08\/p5.jpg"}],"twitter_card":"summary_large_image","twitter_misc":{"Est. reading time":"1 minute"},"schema":{"@context":"https:\/\/schema.org","@graph":[{"@type":"WebPage","@id":"https:\/\/kiwo.fr\/index.php\/traceur-cible\/","url":"https:\/\/kiwo.fr\/index.php\/traceur-cible\/","name":"Traceur cibl\u00e9 - Kiwo","isPartOf":{"@id":"http:\/\/kiwo.fr\/#website"},"primaryImageOfPage":{"@id":"https:\/\/kiwo.fr\/index.php\/traceur-cible\/#primaryimage"},"image":{"@id":"https:\/\/kiwo.fr\/index.php\/traceur-cible\/#primaryimage"},"thumbnailUrl":"http:\/\/kiwo.fr\/wp-content\/uploads\/2024\/08\/p5.jpg","datePublished":"2024-08-05T14:02:51+00:00","dateModified":"2024-08-05T14:03:56+00:00","breadcrumb":{"@id":"https:\/\/kiwo.fr\/index.php\/traceur-cible\/#breadcrumb"},"inLanguage":"en-US","potentialAction":[{"@type":"ReadAction","target":["https:\/\/kiwo.fr\/index.php\/traceur-cible\/"]}]},{"@type":"ImageObject","inLanguage":"en-US","@id":"https:\/\/kiwo.fr\/index.php\/traceur-cible\/#primaryimage","url":"https:\/\/kiwo.fr\/wp-content\/uploads\/2024\/08\/p5.jpg","contentUrl":"https:\/\/kiwo.fr\/wp-content\/uploads\/2024\/08\/p5.jpg","width":184,"height":184},{"@type":"BreadcrumbList","@id":"https:\/\/kiwo.fr\/index.php\/traceur-cible\/#breadcrumb","itemListElement":[{"@type":"ListItem","position":1,"name":"Accueil","item":"http:\/\/kiwo.fr\/"},{"@type":"ListItem","position":2,"name":"Traceur cibl\u00e9"}]},{"@type":"WebSite","@id":"http:\/\/kiwo.fr\/#website","url":"http:\/\/kiwo.fr\/","name":"Kiwo","description":"Accompagnement et logiciels dans la gestion de vos \u00e9tablissements m\u00e9dico-social","publisher":{"@id":"http:\/\/kiwo.fr\/#organization"},"potentialAction":[{"@type":"SearchAction","target":{"@type":"EntryPoint","urlTemplate":"http:\/\/kiwo.fr\/?s={search_term_string}"},"query-input":{"@type":"PropertyValueSpecification","valueRequired":true,"valueName":"search_term_string"}}],"inLanguage":"en-US"},{"@type":"Organization","@id":"http:\/\/kiwo.fr\/#organization","name":"Kiwo","url":"http:\/\/kiwo.fr\/","logo":{"@type":"ImageObject","inLanguage":"en-US","@id":"http:\/\/kiwo.fr\/#\/schema\/logo\/image\/","url":"https:\/\/kiwo.fr\/wp-content\/uploads\/2024\/08\/cropped-kiwo-logo-2.png","contentUrl":"https:\/\/kiwo.fr\/wp-content\/uploads\/2024\/08\/cropped-kiwo-logo-2.png","width":547,"height":150,"caption":"Kiwo"},"image":{"@id":"http:\/\/kiwo.fr\/#\/schema\/logo\/image\/"}}]}},"_links":{"self":[{"href":"https:\/\/kiwo.fr\/index.php\/wp-json\/wp\/v2\/pages\/808","targetHints":{"allow":["GET"]}}],"collection":[{"href":"https:\/\/kiwo.fr\/index.php\/wp-json\/wp\/v2\/pages"}],"about":[{"href":"https:\/\/kiwo.fr\/index.php\/wp-json\/wp\/v2\/types\/page"}],"author":[{"embeddable":true,"href":"https:\/\/kiwo.fr\/index.php\/wp-json\/wp\/v2\/users\/1"}],"replies":[{"embeddable":true,"href":"https:\/\/kiwo.fr\/index.php\/wp-json\/wp\/v2\/comments?post=808"}],"version-history":[{"count":4,"href":"https:\/\/kiwo.fr\/index.php\/wp-json\/wp\/v2\/pages\/808\/revisions"}],"predecessor-version":[{"id":812,"href":"https:\/\/kiwo.fr\/index.php\/wp-json\/wp\/v2\/pages\/808\/revisions\/812"}],"wp:attachment":[{"href":"https:\/\/kiwo.fr\/index.php\/wp-json\/wp\/v2\/media?parent=808"}],"curies":[{"name":"wp","href":"https:\/\/api.w.org\/{rel}","templated":true}]}}