{"id":813,"date":"2024-08-05T16:04:51","date_gmt":"2024-08-05T14:04:51","guid":{"rendered":"https:\/\/kiwo.fr\/?page_id=813"},"modified":"2024-08-05T16:05:35","modified_gmt":"2024-08-05T14:05:35","slug":"audit-systeme","status":"publish","type":"page","link":"https:\/\/kiwo.fr\/index.php\/audit-systeme\/","title":{"rendered":"Audit syst\u00e8me"},"content":{"rendered":"\t\t<div data-elementor-type=\"wp-page\" data-elementor-id=\"813\" class=\"elementor elementor-813\">\n\t\t\t\t<div class=\"elementor-element elementor-element-6a8989a e-flex e-con-boxed e-con e-parent\" data-id=\"6a8989a\" data-element_type=\"container\">\n\t\t\t\t\t<div class=\"e-con-inner\">\n\t\t<div class=\"elementor-element elementor-element-f94211d e-con-full e-flex e-con e-child\" data-id=\"f94211d\" data-element_type=\"container\">\n\t\t\t\t<div class=\"elementor-element elementor-element-910e7bd elementor-widget elementor-widget-heading\" data-id=\"910e7bd\" data-element_type=\"widget\" data-widget_type=\"heading.default\">\n\t\t\t\t<div class=\"elementor-widget-container\">\n\t\t\t<h2 class=\"elementor-heading-title elementor-size-default\">M\u00c9THODE DE L\u2019AUDIT SYSTEME<\/h2>\t\t<\/div>\n\t\t\t\t<\/div>\n\t\t\t\t<div class=\"elementor-element elementor-element-898a167 elementor-widget elementor-widget-text-editor\" data-id=\"898a167\" data-element_type=\"widget\" data-widget_type=\"text-editor.default\">\n\t\t\t\t<div class=\"elementor-widget-container\">\n\t\t\t\t\t\t\t<p>\u00c9valuation des organisations pour s\u2019assurer de leur maitrise sur le terrain<\/p>\t\t\t\t\t\t<\/div>\n\t\t\t\t<\/div>\n\t\t\t\t<\/div>\n\t\t<div class=\"elementor-element elementor-element-42d3eaf e-con-full e-flex e-con e-child\" data-id=\"42d3eaf\" data-element_type=\"container\" data-settings=\"{&quot;background_background&quot;:&quot;classic&quot;}\">\n\t\t<div class=\"elementor-element elementor-element-a46f5cd e-con-full e-flex e-con e-child\" data-id=\"a46f5cd\" data-element_type=\"container\">\n\t\t\t\t<div class=\"elementor-element elementor-element-dcf120f elementor-widget elementor-widget-image\" data-id=\"dcf120f\" data-element_type=\"widget\" data-widget_type=\"image.default\">\n\t\t\t\t<div class=\"elementor-widget-container\">\n\t\t\t\t\t\t\t\t\t\t\t\t\t<img decoding=\"async\" width=\"169\" height=\"168\" src=\"https:\/\/kiwo.fr\/wp-content\/uploads\/2024\/08\/p8.jpg\" class=\"attachment-large size-large wp-image-794\" alt=\"\" srcset=\"https:\/\/kiwo.fr\/wp-content\/uploads\/2024\/08\/p8.jpg 169w, https:\/\/kiwo.fr\/wp-content\/uploads\/2024\/08\/p8-150x150.jpg 150w\" sizes=\"(max-width: 169px) 100vw, 169px\" \/>\t\t\t\t\t\t\t\t\t\t\t\t\t<\/div>\n\t\t\t\t<\/div>\n\t\t\t\t<\/div>\n\t\t<div class=\"elementor-element elementor-element-c840485 e-con-full e-flex e-con e-child\" data-id=\"c840485\" data-element_type=\"container\">\n\t\t\t\t<div class=\"elementor-element elementor-element-7821ad4 elementor-widget elementor-widget-heading\" data-id=\"7821ad4\" data-element_type=\"widget\" data-widget_type=\"heading.default\">\n\t\t\t\t<div class=\"elementor-widget-container\">\n\t\t\t<h2 class=\"elementor-heading-title elementor-size-default\">1 - IDENTIFICATION DE LA CIBLE<\/h2>\t\t<\/div>\n\t\t\t\t<\/div>\n\t\t\t\t<div class=\"elementor-element elementor-element-d356cda elementor-widget__width-inherit elementor-widget elementor-widget-text-editor\" data-id=\"d356cda\" data-element_type=\"widget\" data-widget_type=\"text-editor.default\">\n\t\t\t\t<div class=\"elementor-widget-container\">\n\t\t\t\t\t\t\t<p>Les intervenants KIWO choisissent au regard de la (des) th\u00e9matique(s) vis\u00e9e(s) par le r\u00e9f\u00e9rentiel et consultent les documents associ\u00e9s<\/p>\t\t\t\t\t\t<\/div>\n\t\t\t\t<\/div>\n\t\t\t\t<\/div>\n\t\t\t\t<\/div>\n\t\t<div class=\"elementor-element elementor-element-9698000 e-con-full e-flex e-con e-child\" data-id=\"9698000\" data-element_type=\"container\" data-settings=\"{&quot;background_background&quot;:&quot;classic&quot;}\">\n\t\t<div class=\"elementor-element elementor-element-e89b25b e-con-full e-flex e-con e-child\" data-id=\"e89b25b\" data-element_type=\"container\">\n\t\t\t\t<div class=\"elementor-element elementor-element-4c6d787 elementor-widget elementor-widget-heading\" data-id=\"4c6d787\" data-element_type=\"widget\" data-widget_type=\"heading.default\">\n\t\t\t\t<div class=\"elementor-widget-container\">\n\t\t\t<h2 class=\"elementor-heading-title elementor-size-default\">2 - RENCONTRE AVEC LA GOUVERNANCE<\/h2>\t\t<\/div>\n\t\t\t\t<\/div>\n\t\t\t\t<div class=\"elementor-element elementor-element-2a29de8 elementor-widget elementor-widget-text-editor\" data-id=\"2a29de8\" data-element_type=\"widget\" data-widget_type=\"text-editor.default\">\n\t\t\t\t<div class=\"elementor-widget-container\">\n\t\t\t\t\t\t\t<p>Sur des th\u00e9matiques donn\u00e9es, les intervenants de KIWO analyse la strat\u00e9gie, l\u2019organisation et les actions mises en place par la gouvernance pour s\u2019assurer de la capacit\u00e9 de l\u2019ESSMS \u00e0 maitriser et \u00e0 atteindre ses objectifs<\/p>\t\t\t\t\t\t<\/div>\n\t\t\t\t<\/div>\n\t\t\t\t<\/div>\n\t\t<div class=\"elementor-element elementor-element-1b8859f e-con-full e-flex e-con e-child\" data-id=\"1b8859f\" data-element_type=\"container\">\n\t\t\t\t<div class=\"elementor-element elementor-element-69d8722 elementor-widget elementor-widget-image\" data-id=\"69d8722\" data-element_type=\"widget\" data-widget_type=\"image.default\">\n\t\t\t\t<div class=\"elementor-widget-container\">\n\t\t\t\t\t\t\t\t\t\t\t\t\t<img decoding=\"async\" width=\"169\" height=\"166\" src=\"https:\/\/kiwo.fr\/wp-content\/uploads\/2024\/08\/p9.jpg\" class=\"attachment-large size-large wp-image-795\" alt=\"\" \/>\t\t\t\t\t\t\t\t\t\t\t\t\t<\/div>\n\t\t\t\t<\/div>\n\t\t\t\t<\/div>\n\t\t\t\t<\/div>\n\t\t<div class=\"elementor-element elementor-element-c1ae72e e-con-full e-flex e-con e-child\" data-id=\"c1ae72e\" data-element_type=\"container\" data-settings=\"{&quot;background_background&quot;:&quot;classic&quot;}\">\n\t\t<div class=\"elementor-element elementor-element-499f0f6 e-con-full e-flex e-con e-child\" data-id=\"499f0f6\" data-element_type=\"container\">\n\t\t\t\t<div class=\"elementor-element elementor-element-0106c61 elementor-widget elementor-widget-image\" data-id=\"0106c61\" data-element_type=\"widget\" data-widget_type=\"image.default\">\n\t\t\t\t<div class=\"elementor-widget-container\">\n\t\t\t\t\t\t\t\t\t\t\t\t\t<img fetchpriority=\"high\" decoding=\"async\" width=\"426\" height=\"291\" src=\"https:\/\/kiwo.fr\/wp-content\/uploads\/2024\/08\/p10.jpg\" class=\"attachment-large size-large wp-image-796\" alt=\"\" srcset=\"https:\/\/kiwo.fr\/wp-content\/uploads\/2024\/08\/p10.jpg 426w, https:\/\/kiwo.fr\/wp-content\/uploads\/2024\/08\/p10-300x205.jpg 300w\" sizes=\"(max-width: 426px) 100vw, 426px\" \/>\t\t\t\t\t\t\t\t\t\t\t\t\t<\/div>\n\t\t\t\t<\/div>\n\t\t\t\t<\/div>\n\t\t<div class=\"elementor-element elementor-element-0008355 e-con-full e-flex e-con e-child\" data-id=\"0008355\" data-element_type=\"container\">\n\t\t\t\t<div class=\"elementor-element elementor-element-f0385cb elementor-widget elementor-widget-heading\" data-id=\"f0385cb\" data-element_type=\"widget\" data-widget_type=\"heading.default\">\n\t\t\t\t<div class=\"elementor-widget-container\">\n\t\t\t<h2 class=\"elementor-heading-title elementor-size-default\">3 -  RENCONTRE AVEC LES PROFESSIONNELS<\/h2>\t\t<\/div>\n\t\t\t\t<\/div>\n\t\t\t\t<div class=\"elementor-element elementor-element-4655427 elementor-widget__width-inherit elementor-widget elementor-widget-text-editor\" data-id=\"4655427\" data-element_type=\"widget\" data-widget_type=\"text-editor.default\">\n\t\t\t\t<div class=\"elementor-widget-container\">\n\t\t\t\t\t\t\t<p>Les intervenants KIWO v\u00e9rifient la bonne diffusion de la strat\u00e9gie de l\u2019organisation et des actions de l\u2019ESSMS sur la th\u00e9matique consid\u00e9r\u00e9e et sa d\u00e9clinaison par les professionnels de terrain<\/p>\t\t\t\t\t\t<\/div>\n\t\t\t\t<\/div>\n\t\t\t\t<\/div>\n\t\t\t\t<\/div>\n\t\t<div class=\"elementor-element elementor-element-2c0a4fd e-con-full e-flex e-con e-child\" data-id=\"2c0a4fd\" data-element_type=\"container\">\n\t\t\t\t<div class=\"elementor-element elementor-element-52f6f1c elementor-widget elementor-widget-text-editor\" data-id=\"52f6f1c\" data-element_type=\"widget\" data-widget_type=\"text-editor.default\">\n\t\t\t\t<div class=\"elementor-widget-container\">\n\t\t\t\t\t\t\t<p>Le \u00ab <strong>Chapitre 3 : l\u2019ESSMS<\/strong> \u00bb du r\u00e9f\u00e9rentiel d\u2019\u00e9valuation de la qualit\u00e9 des ESSMS est \u00e9valu\u00e9 au travers de la m\u00e9thode de \u00ab l\u2019audit syst\u00e8me \u00bb.<\/p><p>La m\u00e9thode de \u00ab l\u2019audit syst\u00e8me \u00bb permet d\u2019\u00e9valuer l\u2019organisation de l\u2019ESSMS pour s\u2019assurer de sa ma\u00eetrise et de sa capacit\u00e9 \u00e0 atteindre les objectifs fix\u00e9s au sein des th\u00e9matiques identifi\u00e9es.<\/p><p>Dans le cadre de l\u2019am\u00e9lioration continue de la qualit\u00e9, cette m\u00e9thode vise \u00e0 renforcer la dynamique qualit\u00e9 au sein des ESSMS et \u00e0 promouvoir une d\u00e9marche porteuse de sens pour les ESSMS et leurs professionnels.<\/p>\t\t\t\t\t\t<\/div>\n\t\t\t\t<\/div>\n\t\t\t\t<\/div>\n\t\t<div class=\"elementor-element elementor-element-b465b62 e-con-full e-flex e-con e-child\" data-id=\"b465b62\" data-element_type=\"container\" data-settings=\"{&quot;background_background&quot;:&quot;classic&quot;}\">\n\t\t\t\t<div class=\"elementor-element elementor-element-79974ea elementor-widget elementor-widget-heading\" data-id=\"79974ea\" data-element_type=\"widget\" data-widget_type=\"heading.default\">\n\t\t\t\t<div class=\"elementor-widget-container\">\n\t\t\t<p class=\"elementor-heading-title elementor-size-default\">\u00a9 2024 Tous droits r\u00e9serv\u00e9s<\/p>\t\t<\/div>\n\t\t\t\t<\/div>\n\t\t\t\t<\/div>\n\t\t\t\t\t<\/div>\n\t\t\t\t<\/div>\n\t\t\t\t<\/div>\n\t\t","protected":false},"excerpt":{"rendered":"<p>M\u00c9THODE DE L\u2019AUDIT SYSTEME \u00c9valuation des organisations pour s\u2019assurer de leur maitrise sur le terrain 1 &#8211; IDENTIFICATION DE LA CIBLE Les intervenants KIWO choisissent au regard de la (des) th\u00e9matique(s) vis\u00e9e(s) par le r\u00e9f\u00e9rentiel et consultent les documents associ\u00e9s 2 &#8211; RENCONTRE AVEC LA GOUVERNANCE Sur des th\u00e9matiques donn\u00e9es, les intervenants de KIWO analyse [&hellip;]<\/p>\n","protected":false},"author":1,"featured_media":0,"parent":0,"menu_order":0,"comment_status":"closed","ping_status":"closed","template":"","meta":{"footnotes":""},"class_list":["post-813","page","type-page","status-publish","hentry","entry"],"yoast_head":"<!-- This site is optimized with the Yoast SEO plugin v23.7 - https:\/\/yoast.com\/wordpress\/plugins\/seo\/ -->\n<title>Audit syst\u00e8me - Kiwo<\/title>\n<meta name=\"robots\" content=\"index, follow, max-snippet:-1, max-image-preview:large, max-video-preview:-1\" \/>\n<link rel=\"canonical\" href=\"http:\/\/kiwo.fr\/index.php\/audit-systeme\/\" \/>\n<meta property=\"og:locale\" content=\"en_US\" \/>\n<meta property=\"og:type\" content=\"article\" \/>\n<meta property=\"og:title\" content=\"Audit syst\u00e8me - Kiwo\" \/>\n<meta property=\"og:description\" content=\"M\u00c9THODE DE L\u2019AUDIT SYSTEME \u00c9valuation des organisations pour s\u2019assurer de leur maitrise sur le terrain 1 &#8211; IDENTIFICATION DE LA CIBLE Les intervenants KIWO choisissent au regard de la (des) th\u00e9matique(s) vis\u00e9e(s) par le r\u00e9f\u00e9rentiel et consultent les documents associ\u00e9s 2 &#8211; RENCONTRE AVEC LA GOUVERNANCE Sur des th\u00e9matiques donn\u00e9es, les intervenants de KIWO analyse [&hellip;]\" \/>\n<meta property=\"og:url\" content=\"http:\/\/kiwo.fr\/index.php\/audit-systeme\/\" \/>\n<meta property=\"og:site_name\" content=\"Kiwo\" \/>\n<meta property=\"article:modified_time\" content=\"2024-08-05T14:05:35+00:00\" \/>\n<meta property=\"og:image\" content=\"http:\/\/kiwo.fr\/wp-content\/uploads\/2024\/08\/p8.jpg\" \/>\n<meta name=\"twitter:card\" content=\"summary_large_image\" \/>\n<meta name=\"twitter:label1\" content=\"Est. reading time\" \/>\n\t<meta name=\"twitter:data1\" content=\"1 minute\" \/>\n<script type=\"application\/ld+json\" class=\"yoast-schema-graph\">{\"@context\":\"https:\/\/schema.org\",\"@graph\":[{\"@type\":\"WebPage\",\"@id\":\"http:\/\/kiwo.fr\/index.php\/audit-systeme\/\",\"url\":\"http:\/\/kiwo.fr\/index.php\/audit-systeme\/\",\"name\":\"Audit syst\u00e8me - Kiwo\",\"isPartOf\":{\"@id\":\"http:\/\/kiwo.fr\/#website\"},\"primaryImageOfPage\":{\"@id\":\"http:\/\/kiwo.fr\/index.php\/audit-systeme\/#primaryimage\"},\"image\":{\"@id\":\"http:\/\/kiwo.fr\/index.php\/audit-systeme\/#primaryimage\"},\"thumbnailUrl\":\"http:\/\/kiwo.fr\/wp-content\/uploads\/2024\/08\/p8.jpg\",\"datePublished\":\"2024-08-05T14:04:51+00:00\",\"dateModified\":\"2024-08-05T14:05:35+00:00\",\"breadcrumb\":{\"@id\":\"http:\/\/kiwo.fr\/index.php\/audit-systeme\/#breadcrumb\"},\"inLanguage\":\"en-US\",\"potentialAction\":[{\"@type\":\"ReadAction\",\"target\":[\"http:\/\/kiwo.fr\/index.php\/audit-systeme\/\"]}]},{\"@type\":\"ImageObject\",\"inLanguage\":\"en-US\",\"@id\":\"http:\/\/kiwo.fr\/index.php\/audit-systeme\/#primaryimage\",\"url\":\"https:\/\/kiwo.fr\/wp-content\/uploads\/2024\/08\/p8.jpg\",\"contentUrl\":\"https:\/\/kiwo.fr\/wp-content\/uploads\/2024\/08\/p8.jpg\",\"width\":169,\"height\":168},{\"@type\":\"BreadcrumbList\",\"@id\":\"http:\/\/kiwo.fr\/index.php\/audit-systeme\/#breadcrumb\",\"itemListElement\":[{\"@type\":\"ListItem\",\"position\":1,\"name\":\"Accueil\",\"item\":\"http:\/\/kiwo.fr\/\"},{\"@type\":\"ListItem\",\"position\":2,\"name\":\"Audit syst\u00e8me\"}]},{\"@type\":\"WebSite\",\"@id\":\"http:\/\/kiwo.fr\/#website\",\"url\":\"http:\/\/kiwo.fr\/\",\"name\":\"Kiwo\",\"description\":\"Accompagnement et logiciels dans la gestion de vos \u00e9tablissements m\u00e9dico-social\",\"publisher\":{\"@id\":\"http:\/\/kiwo.fr\/#organization\"},\"potentialAction\":[{\"@type\":\"SearchAction\",\"target\":{\"@type\":\"EntryPoint\",\"urlTemplate\":\"http:\/\/kiwo.fr\/?s={search_term_string}\"},\"query-input\":{\"@type\":\"PropertyValueSpecification\",\"valueRequired\":true,\"valueName\":\"search_term_string\"}}],\"inLanguage\":\"en-US\"},{\"@type\":\"Organization\",\"@id\":\"http:\/\/kiwo.fr\/#organization\",\"name\":\"Kiwo\",\"url\":\"http:\/\/kiwo.fr\/\",\"logo\":{\"@type\":\"ImageObject\",\"inLanguage\":\"en-US\",\"@id\":\"http:\/\/kiwo.fr\/#\/schema\/logo\/image\/\",\"url\":\"https:\/\/kiwo.fr\/wp-content\/uploads\/2024\/08\/cropped-kiwo-logo-2.png\",\"contentUrl\":\"https:\/\/kiwo.fr\/wp-content\/uploads\/2024\/08\/cropped-kiwo-logo-2.png\",\"width\":547,\"height\":150,\"caption\":\"Kiwo\"},\"image\":{\"@id\":\"http:\/\/kiwo.fr\/#\/schema\/logo\/image\/\"}}]}<\/script>\n<!-- \/ Yoast SEO plugin. -->","yoast_head_json":{"title":"Audit syst\u00e8me - Kiwo","robots":{"index":"index","follow":"follow","max-snippet":"max-snippet:-1","max-image-preview":"max-image-preview:large","max-video-preview":"max-video-preview:-1"},"canonical":"http:\/\/kiwo.fr\/index.php\/audit-systeme\/","og_locale":"en_US","og_type":"article","og_title":"Audit syst\u00e8me - Kiwo","og_description":"M\u00c9THODE DE L\u2019AUDIT SYSTEME \u00c9valuation des organisations pour s\u2019assurer de leur maitrise sur le terrain 1 &#8211; IDENTIFICATION DE LA CIBLE Les intervenants KIWO choisissent au regard de la (des) th\u00e9matique(s) vis\u00e9e(s) par le r\u00e9f\u00e9rentiel et consultent les documents associ\u00e9s 2 &#8211; RENCONTRE AVEC LA GOUVERNANCE Sur des th\u00e9matiques donn\u00e9es, les intervenants de KIWO analyse [&hellip;]","og_url":"http:\/\/kiwo.fr\/index.php\/audit-systeme\/","og_site_name":"Kiwo","article_modified_time":"2024-08-05T14:05:35+00:00","og_image":[{"url":"http:\/\/kiwo.fr\/wp-content\/uploads\/2024\/08\/p8.jpg"}],"twitter_card":"summary_large_image","twitter_misc":{"Est. reading time":"1 minute"},"schema":{"@context":"https:\/\/schema.org","@graph":[{"@type":"WebPage","@id":"http:\/\/kiwo.fr\/index.php\/audit-systeme\/","url":"http:\/\/kiwo.fr\/index.php\/audit-systeme\/","name":"Audit syst\u00e8me - Kiwo","isPartOf":{"@id":"http:\/\/kiwo.fr\/#website"},"primaryImageOfPage":{"@id":"http:\/\/kiwo.fr\/index.php\/audit-systeme\/#primaryimage"},"image":{"@id":"http:\/\/kiwo.fr\/index.php\/audit-systeme\/#primaryimage"},"thumbnailUrl":"http:\/\/kiwo.fr\/wp-content\/uploads\/2024\/08\/p8.jpg","datePublished":"2024-08-05T14:04:51+00:00","dateModified":"2024-08-05T14:05:35+00:00","breadcrumb":{"@id":"http:\/\/kiwo.fr\/index.php\/audit-systeme\/#breadcrumb"},"inLanguage":"en-US","potentialAction":[{"@type":"ReadAction","target":["http:\/\/kiwo.fr\/index.php\/audit-systeme\/"]}]},{"@type":"ImageObject","inLanguage":"en-US","@id":"http:\/\/kiwo.fr\/index.php\/audit-systeme\/#primaryimage","url":"https:\/\/kiwo.fr\/wp-content\/uploads\/2024\/08\/p8.jpg","contentUrl":"https:\/\/kiwo.fr\/wp-content\/uploads\/2024\/08\/p8.jpg","width":169,"height":168},{"@type":"BreadcrumbList","@id":"http:\/\/kiwo.fr\/index.php\/audit-systeme\/#breadcrumb","itemListElement":[{"@type":"ListItem","position":1,"name":"Accueil","item":"http:\/\/kiwo.fr\/"},{"@type":"ListItem","position":2,"name":"Audit syst\u00e8me"}]},{"@type":"WebSite","@id":"http:\/\/kiwo.fr\/#website","url":"http:\/\/kiwo.fr\/","name":"Kiwo","description":"Accompagnement et logiciels dans la gestion de vos \u00e9tablissements m\u00e9dico-social","publisher":{"@id":"http:\/\/kiwo.fr\/#organization"},"potentialAction":[{"@type":"SearchAction","target":{"@type":"EntryPoint","urlTemplate":"http:\/\/kiwo.fr\/?s={search_term_string}"},"query-input":{"@type":"PropertyValueSpecification","valueRequired":true,"valueName":"search_term_string"}}],"inLanguage":"en-US"},{"@type":"Organization","@id":"http:\/\/kiwo.fr\/#organization","name":"Kiwo","url":"http:\/\/kiwo.fr\/","logo":{"@type":"ImageObject","inLanguage":"en-US","@id":"http:\/\/kiwo.fr\/#\/schema\/logo\/image\/","url":"https:\/\/kiwo.fr\/wp-content\/uploads\/2024\/08\/cropped-kiwo-logo-2.png","contentUrl":"https:\/\/kiwo.fr\/wp-content\/uploads\/2024\/08\/cropped-kiwo-logo-2.png","width":547,"height":150,"caption":"Kiwo"},"image":{"@id":"http:\/\/kiwo.fr\/#\/schema\/logo\/image\/"}}]}},"_links":{"self":[{"href":"https:\/\/kiwo.fr\/index.php\/wp-json\/wp\/v2\/pages\/813","targetHints":{"allow":["GET"]}}],"collection":[{"href":"https:\/\/kiwo.fr\/index.php\/wp-json\/wp\/v2\/pages"}],"about":[{"href":"https:\/\/kiwo.fr\/index.php\/wp-json\/wp\/v2\/types\/page"}],"author":[{"embeddable":true,"href":"https:\/\/kiwo.fr\/index.php\/wp-json\/wp\/v2\/users\/1"}],"replies":[{"embeddable":true,"href":"https:\/\/kiwo.fr\/index.php\/wp-json\/wp\/v2\/comments?post=813"}],"version-history":[{"count":4,"href":"https:\/\/kiwo.fr\/index.php\/wp-json\/wp\/v2\/pages\/813\/revisions"}],"predecessor-version":[{"id":817,"href":"https:\/\/kiwo.fr\/index.php\/wp-json\/wp\/v2\/pages\/813\/revisions\/817"}],"wp:attachment":[{"href":"https:\/\/kiwo.fr\/index.php\/wp-json\/wp\/v2\/media?parent=813"}],"curies":[{"name":"wp","href":"https:\/\/api.w.org\/{rel}","templated":true}]}}